{"id":14690,"date":"2025-02-19T11:40:12","date_gmt":"2025-02-19T11:40:12","guid":{"rendered":"https:\/\/mydlamanufaktura.pl\/?post_type=product&#038;p=14690"},"modified":"2025-02-19T11:46:49","modified_gmt":"2025-02-19T11:46:49","slug":"zestaw-domowe-spa-i","status":"publish","type":"product","link":"https:\/\/mydlamanufaktura.pl\/?product=zestaw-domowe-spa-i","title":{"rendered":"Zestaw Domowe Spa I"},"content":{"rendered":"","protected":false},"excerpt":{"rendered":"<p><strong>Podaruj domowe spa tej wyj\u0105tkowej osobie!<\/strong> <img loading=\"lazy\" decoding=\"async\" class=\"alignnone  wp-image-1051\" src=\"https:\/\/mydlamanufaktura.pl\/wp-content\/uploads\/2024\/07\/Screenshot-from-2024-07-09-21-44-16.png\" alt=\"\" width=\"35\" height=\"33\" \/><\/p>\n<blockquote><p>Zestaw ten stworzyli\u015bmy z my\u015bl\u0105 o ka\u017cdym, kto marzy o stworzeniu w\u0142asnego spa w domowym zaciszu. W pude\u0142ku znajdziesz wyj\u0105tkowe, r\u0119cznie robione produkty, kt\u00f3re stworz\u0105 relaksuj\u0105cy, niezapomniany klimat&#8230;<\/p><\/blockquote>\n<p>Zestaw <strong>Domowe Spa I<\/strong>\u00a0zawiera:<\/p>\n<ul>\n<li>aromatyzowan\u0105 s\u00f3l do k\u0105pieli st\u00f3p z suszonymi p\u0142atkami b\u0142awatka<\/li>\n<li>naturaln\u0105 \u015bwiec\u0119 o ponadczasowym, kobiecym zapachu Mademoiselle<\/li>\n<li>mini krem do r\u0105k z mas\u0142em shea i ekstraktem z bursztynu<\/li>\n<li>myde\u0142ko glicerynowe w kszta\u0142cie s\u0142onecznika<\/li>\n<\/ul>\n","protected":false},"featured_media":14691,"comment_status":"open","ping_status":"closed","template":"","meta":{"_monsterinsights_skip_tracking":false,"_monsterinsights_sitenote_active":false,"_monsterinsights_sitenote_note":"","_monsterinsights_sitenote_category":0},"product_brand":[],"product_cat":[43],"product_tag":[],"class_list":{"0":"post-14690","1":"product","2":"type-product","3":"status-publish","4":"has-post-thumbnail","6":"product_cat-prezenty","8":"first","9":"instock","10":"shipping-taxable","11":"purchasable","12":"product-type-simple"},"aioseo_notices":[],"jetpack_sharing_enabled":true,"_links":{"self":[{"href":"https:\/\/mydlamanufaktura.pl\/index.php?rest_route=\/wp\/v2\/product\/14690","targetHints":{"allow":["GET"]}}],"collection":[{"href":"https:\/\/mydlamanufaktura.pl\/index.php?rest_route=\/wp\/v2\/product"}],"about":[{"href":"https:\/\/mydlamanufaktura.pl\/index.php?rest_route=\/wp\/v2\/types\/product"}],"replies":[{"embeddable":true,"href":"https:\/\/mydlamanufaktura.pl\/index.php?rest_route=%2Fwp%2Fv2%2Fcomments&post=14690"}],"wp:featuredmedia":[{"embeddable":true,"href":"https:\/\/mydlamanufaktura.pl\/index.php?rest_route=\/wp\/v2\/media\/14691"}],"wp:attachment":[{"href":"https:\/\/mydlamanufaktura.pl\/index.php?rest_route=%2Fwp%2Fv2%2Fmedia&parent=14690"}],"wp:term":[{"taxonomy":"product_brand","embeddable":true,"href":"https:\/\/mydlamanufaktura.pl\/index.php?rest_route=%2Fwp%2Fv2%2Fproduct_brand&post=14690"},{"taxonomy":"product_cat","embeddable":true,"href":"https:\/\/mydlamanufaktura.pl\/index.php?rest_route=%2Fwp%2Fv2%2Fproduct_cat&post=14690"},{"taxonomy":"product_tag","embeddable":true,"href":"https:\/\/mydlamanufaktura.pl\/index.php?rest_route=%2Fwp%2Fv2%2Fproduct_tag&post=14690"}],"curies":[{"name":"wp","href":"https:\/\/api.w.org\/{rel}","templated":true}]}}