{"id":146,"date":"2024-06-26T05:23:33","date_gmt":"2024-06-26T05:23:33","guid":{"rendered":"https:\/\/mydlamanufaktura.pl\/?post_type=product&#038;p=146"},"modified":"2024-06-26T05:26:22","modified_gmt":"2024-06-26T05:26:22","slug":"mydlo-z-platkami-kwiatow-logo","status":"publish","type":"product","link":"https:\/\/mydlamanufaktura.pl\/?product=mydlo-z-platkami-kwiatow-logo","title":{"rendered":"Myd\u0142o z p\u0142atkami kwiat\u00f3w &#8211; logo"},"content":{"rendered":"","protected":false},"excerpt":{"rendered":"<p><strong>Kostka myd\u0142a glicerynowego z dodatkiem p\u0142atk\u00f3w kwiat\u00f3w + logo Twojej firmy w formie karnetu<\/strong><\/p>\n<ul>\n<li>myd\u0142o glicerynowe 100%<\/li>\n<li>nawil\u017ca sk\u00f3r\u0119, pozostawia j\u0105 mi\u0119kk\u0105, bez osadu i uczucia \u015bci\u0105gni\u0119cia<\/li>\n<li>wyj\u0105tkowy r\u00f3\u017cany zapach, kt\u00f3ry otuli sk\u00f3r\u0119 i wype\u0142ni pomieszczenie<\/li>\n<li>dodatek suszonych p\u0142atk\u00f3w <strong>r\u00f3\u017cy<\/strong> i <strong>b\u0142awatka <\/strong>(p\u0142atki kwiat\u00f3w znajduj\u0105 si\u0119 poza myd\u0142em)<\/li>\n<\/ul>\n<p><strong>Waga<\/strong>: 40 g.<\/p>\n<p>____________<\/p>\n<p>Po z\u0142o\u017ceniu zam\u00f3wienia prosimy o przes\u0142anie logo na adres mailowy <strong>sklep@mydlamanufaktura.pl\u00a0<\/strong><\/p>\n<p>Produkty z logo realizowane s\u0105 przy zam\u00f3wieniu<strong> min. 30 sztuk\/produkt<\/strong><\/p>\n","protected":false},"featured_media":206,"comment_status":"open","ping_status":"closed","template":"","meta":{"_monsterinsights_skip_tracking":false,"_monsterinsights_sitenote_active":false,"_monsterinsights_sitenote_note":"","_monsterinsights_sitenote_category":0},"product_brand":[],"product_cat":[57],"product_tag":[],"class_list":{"0":"post-146","1":"product","2":"type-product","3":"status-publish","4":"has-post-thumbnail","6":"product_cat-mydla-i-produkty-z-logo","8":"first","9":"instock","10":"shipping-taxable","11":"purchasable","12":"product-type-simple"},"aioseo_notices":[],"jetpack_sharing_enabled":true,"_links":{"self":[{"href":"https:\/\/mydlamanufaktura.pl\/index.php?rest_route=\/wp\/v2\/product\/146","targetHints":{"allow":["GET"]}}],"collection":[{"href":"https:\/\/mydlamanufaktura.pl\/index.php?rest_route=\/wp\/v2\/product"}],"about":[{"href":"https:\/\/mydlamanufaktura.pl\/index.php?rest_route=\/wp\/v2\/types\/product"}],"replies":[{"embeddable":true,"href":"https:\/\/mydlamanufaktura.pl\/index.php?rest_route=%2Fwp%2Fv2%2Fcomments&post=146"}],"wp:featuredmedia":[{"embeddable":true,"href":"https:\/\/mydlamanufaktura.pl\/index.php?rest_route=\/wp\/v2\/media\/206"}],"wp:attachment":[{"href":"https:\/\/mydlamanufaktura.pl\/index.php?rest_route=%2Fwp%2Fv2%2Fmedia&parent=146"}],"wp:term":[{"taxonomy":"product_brand","embeddable":true,"href":"https:\/\/mydlamanufaktura.pl\/index.php?rest_route=%2Fwp%2Fv2%2Fproduct_brand&post=146"},{"taxonomy":"product_cat","embeddable":true,"href":"https:\/\/mydlamanufaktura.pl\/index.php?rest_route=%2Fwp%2Fv2%2Fproduct_cat&post=146"},{"taxonomy":"product_tag","embeddable":true,"href":"https:\/\/mydlamanufaktura.pl\/index.php?rest_route=%2Fwp%2Fv2%2Fproduct_tag&post=146"}],"curies":[{"name":"wp","href":"https:\/\/api.w.org\/{rel}","templated":true}]}}