{"id":14591,"date":"2025-01-16T12:07:25","date_gmt":"2025-01-16T12:07:25","guid":{"rendered":"https:\/\/mydlamanufaktura.pl\/?post_type=product&#038;p=14591"},"modified":"2026-01-23T08:09:58","modified_gmt":"2026-01-23T08:09:58","slug":"sol-do-kapieli-czarne-zloto-platki-blawatka","status":"publish","type":"product","link":"https:\/\/mydlamanufaktura.pl\/?product=sol-do-kapieli-czarne-zloto-platki-blawatka","title":{"rendered":"S\u00f3l do k\u0105pieli czarne z\u0142oto &#038; p\u0142atki b\u0142awatka"},"content":{"rendered":"","protected":false},"excerpt":{"rendered":"<div class=\"product-single-short-description\">\n<div class=\"product-single-short-description\">\n<p style=\"text-align: left;\"><strong><em>Czarne z\u0142oto<\/em> &#8211; p\u0142atki b\u0142awatka &amp; aktywny w\u0119giel<\/strong><\/p>\n<p>Wyrabiana r\u0119cznie s\u00f3l do k\u0105pieli z dodatkiem oczyszczaj\u0105cego w\u0119gla aktywnego i suszonych p\u0142atk\u00f3w aromatycznego b\u0142awatka to przepis na domow\u0105 k\u0105piel niczym w ekskluzywnym spa. Kryszta\u0142ki kamiennej soli odpr\u0119\u017caj\u0105 cia\u0142o powoli rozpuszczaj\u0105c si\u0119 w ciep\u0142ej wodzie, a dodatek perfumowanego aromatu koi zmys\u0142y otulaj\u0105c sk\u00f3r\u0119 pi\u0119knym zapachem na d\u0142uuugi czas&#8230;<\/p>\n<p style=\"text-align: left;\">Wyj\u0105tkowa k\u0105piel z przepisem na pi\u0119kno:<\/p>\n<ul style=\"text-align: left;\">\n<li>do codziennej k\u0105pieli dodaj naszej soli z dodatkiem b\u0142awatka<\/li>\n<li>pobud\u017a zmys\u0142y i odpr\u0119\u017c cia\u0142o<\/li>\n<li>pozw\u00f3l soli na regeneracj\u0119 i zmi\u0119kczenie<\/li>\n<\/ul>\n<p style=\"text-align: left;\"><strong>Zapach<\/strong>: inspirowany Lui Dessert<\/p>\n<p style=\"text-align: left;\"><strong>Pojemno\u015b\u0107:<\/strong> 500 g.<\/p>\n<\/div>\n<\/div>\n","protected":false},"featured_media":14592,"comment_status":"open","ping_status":"closed","template":"","meta":{"_monsterinsights_skip_tracking":false,"_monsterinsights_sitenote_active":false,"_monsterinsights_sitenote_note":"","_monsterinsights_sitenote_category":0},"product_brand":[],"product_cat":[16],"product_tag":[],"class_list":{"0":"post-14591","1":"product","2":"type-product","3":"status-publish","4":"has-post-thumbnail","6":"product_cat-sole-kapielowe","8":"first","9":"instock","10":"shipping-taxable","11":"purchasable","12":"product-type-simple"},"aioseo_notices":[],"jetpack_sharing_enabled":true,"_links":{"self":[{"href":"https:\/\/mydlamanufaktura.pl\/index.php?rest_route=\/wp\/v2\/product\/14591","targetHints":{"allow":["GET"]}}],"collection":[{"href":"https:\/\/mydlamanufaktura.pl\/index.php?rest_route=\/wp\/v2\/product"}],"about":[{"href":"https:\/\/mydlamanufaktura.pl\/index.php?rest_route=\/wp\/v2\/types\/product"}],"replies":[{"embeddable":true,"href":"https:\/\/mydlamanufaktura.pl\/index.php?rest_route=%2Fwp%2Fv2%2Fcomments&post=14591"}],"wp:featuredmedia":[{"embeddable":true,"href":"https:\/\/mydlamanufaktura.pl\/index.php?rest_route=\/wp\/v2\/media\/14592"}],"wp:attachment":[{"href":"https:\/\/mydlamanufaktura.pl\/index.php?rest_route=%2Fwp%2Fv2%2Fmedia&parent=14591"}],"wp:term":[{"taxonomy":"product_brand","embeddable":true,"href":"https:\/\/mydlamanufaktura.pl\/index.php?rest_route=%2Fwp%2Fv2%2Fproduct_brand&post=14591"},{"taxonomy":"product_cat","embeddable":true,"href":"https:\/\/mydlamanufaktura.pl\/index.php?rest_route=%2Fwp%2Fv2%2Fproduct_cat&post=14591"},{"taxonomy":"product_tag","embeddable":true,"href":"https:\/\/mydlamanufaktura.pl\/index.php?rest_route=%2Fwp%2Fv2%2Fproduct_tag&post=14591"}],"curies":[{"name":"wp","href":"https:\/\/api.w.org\/{rel}","templated":true}]}}