{"id":14333,"date":"2024-11-29T08:43:37","date_gmt":"2024-11-29T08:43:37","guid":{"rendered":"https:\/\/mydlamanufaktura.pl\/?post_type=product&#038;p=14333"},"modified":"2026-01-23T08:23:25","modified_gmt":"2026-01-23T08:23:25","slug":"swiateczna-swieca-sojowa-natural-design","status":"publish","type":"product","link":"https:\/\/mydlamanufaktura.pl\/?product=swiateczna-swieca-sojowa-natural-design","title":{"rendered":"\u015awi\u0105teczna \u015bwieca sojowa NATURAL DESIGN"},"content":{"rendered":"<p>Poznaj bli\u017cej zapachy:<\/p>\n<p><em><strong>Pieczone jab\u0142ko<\/strong>\u00a0<\/em>\u2013 zapach, kt\u00f3ry przypomni babcine wypieki, beztroskie chwile i ciep\u0142y dom. Idealny na ch\u0142odne, zimowe dni.<\/p>\n<p><em><strong>Drzewko \u015bwi\u0105teczne<\/strong>\u00a0<\/em>\u2013 i\u015bcie wyj\u0105tkowy zapach, nie tylko \u015bwi\u0105teczny, ale zimowy w og\u00f3le. To po\u0142\u0105czenie drzewnych, korzennych i s\u0142odkich aromat\u00f3w, kt\u00f3re stworz\u0105 niezapomniany klimat.<\/p>\n<p><strong><em>Ciastko korzenne<\/em><\/strong>\u00a0\u2013 korzenny aromat z nutami cynamonu, wanilii i karmelu.<\/p>\n<p><strong><i>Wanilia\u00a0<\/i><\/strong>\u2013 zapach dla wszystkich mi\u0142o\u015bnik\u00f3w s\u0142odkich, ciep\u0142ych nut.<\/p>\n<p>&nbsp;<\/p>\n","protected":false},"excerpt":{"rendered":"<div><strong>\u015awi\u0105teczna \u015bwieca stworzona z ziaren soi <img loading=\"lazy\" decoding=\"async\" class=\"alignnone wp-image-1015\" src=\"https:\/\/mydlamanufaktura.pl\/wp-content\/uploads\/2024\/07\/off1.png\" alt=\"\" width=\"75\" height=\"75\" srcset=\"https:\/\/mydlamanufaktura.pl\/wp-content\/uploads\/2024\/07\/off1.png 127w, https:\/\/mydlamanufaktura.pl\/wp-content\/uploads\/2024\/07\/off1-100x100.png 100w\" sizes=\"auto, (max-width: 75px) 100vw, 75px\" \/><\/strong><\/div>\n<ul>\n<li>\u00a0posiada wyj\u0105tkowy, trwa\u0142y zapach, kt\u00f3ry otuli Ciebie i Twoj\u0105 przestrze\u0144,<\/li>\n<li>jej naturalny, drewniany knot \u201cskwierczy\u201d podczas palenia przypominaj\u0105c odg\u0142osy palonego drewna w kominku,<\/li>\n<li>br\u0105zowy s\u0142oik &#8211; minimalizm przede wszystkim!<\/li>\n<li>wosk sojowy charakteryzuje si\u0119 zdecydowanie d\u0142u\u017cszym czasem palenia oraz ni\u017csz\u0105 temperatur\u0105 topnienia \u2013\u00a0<strong>to wyb\u00f3r lepszy zar\u00f3wno dla Ciebie, jak i naszej planety!\u00a0<\/strong>Wosk sojowy jest biodegradowalny, nie zawiera syntetycznych dodatk\u00f3w oraz\u00a0 nie wytwarza szkodliwych toksyn.<\/li>\n<\/ul>\n<p><strong>Pojemno\u015b\u0107: 150 g.<\/strong><\/p>\n<p><strong>\u0141\u0105czny czas palenia to ok 40 h<\/strong>. Pami\u0119taj, \u017ce \u015bwiece sojowe stworzone s\u0105 z my\u015bl\u0105 o wype\u0142nieniu przestrzeni zapachem, nie blaskiem ?. Optymalny, jednorazowy czas palenia to od 0,5 h. do\u00a0 2 h.<\/p>\n<p>\u2193 Poznaj wszystkie dost\u0119pne zapachy w opisie poni\u017cej! \u2193<\/p>\n","protected":false},"featured_media":15650,"comment_status":"open","ping_status":"closed","template":"","meta":{"_monsterinsights_skip_tracking":false,"_monsterinsights_sitenote_active":false,"_monsterinsights_sitenote_note":"","_monsterinsights_sitenote_category":0},"product_brand":[],"product_cat":[59,33,106,71],"product_tag":[],"class_list":{"0":"post-14333","1":"product","2":"type-product","3":"status-publish","4":"has-post-thumbnail","6":"product_cat-boze-narodzenie","7":"product_cat-swiece-i-aromaterapia","8":"product_cat-swiece-i-zestawy-swiec","9":"product_cat-swiece-sojowe","11":"first","12":"outofstock","13":"shipping-taxable","14":"purchasable","15":"product-type-variable"},"aioseo_notices":[],"jetpack_sharing_enabled":true,"_links":{"self":[{"href":"https:\/\/mydlamanufaktura.pl\/index.php?rest_route=\/wp\/v2\/product\/14333","targetHints":{"allow":["GET"]}}],"collection":[{"href":"https:\/\/mydlamanufaktura.pl\/index.php?rest_route=\/wp\/v2\/product"}],"about":[{"href":"https:\/\/mydlamanufaktura.pl\/index.php?rest_route=\/wp\/v2\/types\/product"}],"replies":[{"embeddable":true,"href":"https:\/\/mydlamanufaktura.pl\/index.php?rest_route=%2Fwp%2Fv2%2Fcomments&post=14333"}],"wp:featuredmedia":[{"embeddable":true,"href":"https:\/\/mydlamanufaktura.pl\/index.php?rest_route=\/wp\/v2\/media\/15650"}],"wp:attachment":[{"href":"https:\/\/mydlamanufaktura.pl\/index.php?rest_route=%2Fwp%2Fv2%2Fmedia&parent=14333"}],"wp:term":[{"taxonomy":"product_brand","embeddable":true,"href":"https:\/\/mydlamanufaktura.pl\/index.php?rest_route=%2Fwp%2Fv2%2Fproduct_brand&post=14333"},{"taxonomy":"product_cat","embeddable":true,"href":"https:\/\/mydlamanufaktura.pl\/index.php?rest_route=%2Fwp%2Fv2%2Fproduct_cat&post=14333"},{"taxonomy":"product_tag","embeddable":true,"href":"https:\/\/mydlamanufaktura.pl\/index.php?rest_route=%2Fwp%2Fv2%2Fproduct_tag&post=14333"}],"curies":[{"name":"wp","href":"https:\/\/api.w.org\/{rel}","templated":true}]}}