{"id":14326,"date":"2024-11-29T08:33:27","date_gmt":"2024-11-29T08:33:27","guid":{"rendered":"https:\/\/mydlamanufaktura.pl\/?post_type=product&#038;p=14326"},"modified":"2026-01-23T08:23:55","modified_gmt":"2026-01-23T08:23:55","slug":"swiateczny-mix-woskow-zapachowych-kopia","status":"publish","type":"product","link":"https:\/\/mydlamanufaktura.pl\/?product=swiateczny-mix-woskow-zapachowych-kopia","title":{"rendered":"\u015awi\u0105teczny mix wosk\u00f3w zapachowych"},"content":{"rendered":"","protected":false},"excerpt":{"rendered":"<p><strong>Ro\u015blinne woski zapachowe do komink\u00f3w eterycznych <img loading=\"lazy\" decoding=\"async\" class=\"alignnone wp-image-1015\" src=\"https:\/\/mydlamanufaktura.pl\/wp-content\/uploads\/2024\/07\/off1.png\" alt=\"\" width=\"65\" height=\"65\" srcset=\"https:\/\/mydlamanufaktura.pl\/wp-content\/uploads\/2024\/07\/off1.png 127w, https:\/\/mydlamanufaktura.pl\/wp-content\/uploads\/2024\/07\/off1-100x100.png 100w\" sizes=\"auto, (max-width: 65px) 100vw, 65px\" \/><\/strong><\/p>\n<ul>\n<li>na bazie wosku palmowego<\/li>\n<li>wyj\u0105tkowe, intensywne zapachy<\/li>\n<\/ul>\n<p><strong>Waga<\/strong>: 50 g.<\/p>\n<p><strong>Zapach<\/strong>: Mix zapach\u00f3w &#8211; pomara\u0144cza z cynamonem, drzewko \u015bwi\u0105teczne, ciastko korzenne, pieczone jab\u0142ko<\/p>\n","protected":false},"featured_media":14327,"comment_status":"open","ping_status":"closed","template":"","meta":{"_monsterinsights_skip_tracking":false,"_monsterinsights_sitenote_active":false,"_monsterinsights_sitenote_note":"","_monsterinsights_sitenote_category":0},"product_brand":[],"product_cat":[59,33,106],"product_tag":[],"class_list":{"0":"post-14326","1":"product","2":"type-product","3":"status-publish","4":"has-post-thumbnail","6":"product_cat-boze-narodzenie","7":"product_cat-swiece-i-aromaterapia","8":"product_cat-swiece-i-zestawy-swiec","10":"first","11":"outofstock","12":"shipping-taxable","13":"purchasable","14":"product-type-simple"},"aioseo_notices":[],"jetpack_sharing_enabled":true,"_links":{"self":[{"href":"https:\/\/mydlamanufaktura.pl\/index.php?rest_route=\/wp\/v2\/product\/14326","targetHints":{"allow":["GET"]}}],"collection":[{"href":"https:\/\/mydlamanufaktura.pl\/index.php?rest_route=\/wp\/v2\/product"}],"about":[{"href":"https:\/\/mydlamanufaktura.pl\/index.php?rest_route=\/wp\/v2\/types\/product"}],"replies":[{"embeddable":true,"href":"https:\/\/mydlamanufaktura.pl\/index.php?rest_route=%2Fwp%2Fv2%2Fcomments&post=14326"}],"wp:featuredmedia":[{"embeddable":true,"href":"https:\/\/mydlamanufaktura.pl\/index.php?rest_route=\/wp\/v2\/media\/14327"}],"wp:attachment":[{"href":"https:\/\/mydlamanufaktura.pl\/index.php?rest_route=%2Fwp%2Fv2%2Fmedia&parent=14326"}],"wp:term":[{"taxonomy":"product_brand","embeddable":true,"href":"https:\/\/mydlamanufaktura.pl\/index.php?rest_route=%2Fwp%2Fv2%2Fproduct_brand&post=14326"},{"taxonomy":"product_cat","embeddable":true,"href":"https:\/\/mydlamanufaktura.pl\/index.php?rest_route=%2Fwp%2Fv2%2Fproduct_cat&post=14326"},{"taxonomy":"product_tag","embeddable":true,"href":"https:\/\/mydlamanufaktura.pl\/index.php?rest_route=%2Fwp%2Fv2%2Fproduct_tag&post=14326"}],"curies":[{"name":"wp","href":"https:\/\/api.w.org\/{rel}","templated":true}]}}