{"id":14322,"date":"2024-11-29T08:28:55","date_gmt":"2024-11-29T08:28:55","guid":{"rendered":"https:\/\/mydlamanufaktura.pl\/?post_type=product&#038;p=14322"},"modified":"2026-01-23T08:24:04","modified_gmt":"2026-01-23T08:24:04","slug":"swiateczna-swieca-zapachowa-z-wosku-roslinnego","status":"publish","type":"product","link":"https:\/\/mydlamanufaktura.pl\/?product=swiateczna-swieca-zapachowa-z-wosku-roslinnego","title":{"rendered":"\u015awi\u0105teczna \u015bwieca zapachowa z wosku ro\u015blinnego"},"content":{"rendered":"<p>Poznaj bli\u017cej zapachy:<\/p>\n<p><em><strong>Pieczone jab\u0142ko<\/strong>\u00a0<\/em>\u2013 zapach, kt\u00f3ry przypomni babcine wypieki, beztroskie chwile i ciep\u0142y dom. Idealny na ch\u0142odne, zimowe dni.<\/p>\n<p><em><strong>Drzewko \u015bwi\u0105teczne<\/strong>\u00a0<\/em>\u2013 i\u015bcie wyj\u0105tkowy zapach, nie tylko \u015bwi\u0105teczny, ale zimowy w og\u00f3le. To po\u0142\u0105czenie drzewnych, korzennych i s\u0142odkich aromat\u00f3w, kt\u00f3re stworz\u0105 niezapomniany klimat.<\/p>\n<p><strong><em>Ciastko korzenne<\/em><\/strong>\u00a0\u2013 korzenny aromat z nutami cynamonu, wanilii i karmelu.<\/p>\n<p><strong><i>Wanilia <\/i><\/strong>\u2013 zapach dla wszystkich mi\u0142o\u015bnik\u00f3w s\u0142odkich, ciep\u0142ych nut.<\/p>\n<p><em><strong>Tarta Dyniowa<\/strong><\/em>\u00a0\u2013\u00a0<span class=\"OYPEnA font-feature-liga-off font-feature-clig-off font-feature-calt-off text-decoration-none text-strikethrough-none\">kompozycja s\u0142odko-otulaj\u0105ca. Wyczujesz tu nuty dyniowej tarty i waniliowo-karmelowego budyniu.<\/span><\/p>\n<p><strong><i>Pomara\u0144cza z cynamonem<\/i><\/strong>\u00a0\u2013 po\u0142\u0105czenie wibruj\u0105cej pomara\u0144czy ze s\u0142odkim, korzennym aromatem cynamonu.<\/p>\n","protected":false},"excerpt":{"rendered":"<p><strong>W 100% ro\u015blinna \u015bwieca zapachowa w \u015bwi\u0105tecznym wydaniu <img loading=\"lazy\" decoding=\"async\" class=\"alignnone wp-image-1015\" src=\"https:\/\/mydlamanufaktura.pl\/wp-content\/uploads\/2024\/07\/off1.png\" alt=\"\" width=\"65\" height=\"65\" srcset=\"https:\/\/mydlamanufaktura.pl\/wp-content\/uploads\/2024\/07\/off1.png 127w, https:\/\/mydlamanufaktura.pl\/wp-content\/uploads\/2024\/07\/off1-100x100.png 100w\" sizes=\"auto, (max-width: 65px) 100vw, 65px\" \/><\/strong><\/p>\n<ul>\n<li>eko design &#8211; szklane opakowanie z drewnian\u0105 pokrywk\u0105 i drewniany knot imituj\u0105cy d\u017awi\u0119k palonego drewna w kominku<\/li>\n<li>wyj\u0105tkowy, intensywny zapach, kt\u00f3ry wype\u0142ni ca\u0142e pomieszczenie<\/li>\n<li>\u0142\u0105czny czas palenia to oko\u0142o 4o godzin<\/li>\n<\/ul>\n<p>\u2193 Poznaj wszystkie dost\u0119pne zapachy w opisie poni\u017cej! \u2193<\/p>\n","protected":false},"featured_media":15646,"comment_status":"open","ping_status":"closed","template":"","meta":{"_monsterinsights_skip_tracking":false,"_monsterinsights_sitenote_active":false,"_monsterinsights_sitenote_note":"","_monsterinsights_sitenote_category":0},"product_brand":[],"product_cat":[59,33,106,34],"product_tag":[],"class_list":{"0":"post-14322","1":"product","2":"type-product","3":"status-publish","4":"has-post-thumbnail","6":"product_cat-boze-narodzenie","7":"product_cat-swiece-i-aromaterapia","8":"product_cat-swiece-i-zestawy-swiec","9":"product_cat-swiece-roslinne","11":"first","12":"outofstock","13":"shipping-taxable","14":"purchasable","15":"product-type-variable"},"aioseo_notices":[],"jetpack_sharing_enabled":true,"_links":{"self":[{"href":"https:\/\/mydlamanufaktura.pl\/index.php?rest_route=\/wp\/v2\/product\/14322","targetHints":{"allow":["GET"]}}],"collection":[{"href":"https:\/\/mydlamanufaktura.pl\/index.php?rest_route=\/wp\/v2\/product"}],"about":[{"href":"https:\/\/mydlamanufaktura.pl\/index.php?rest_route=\/wp\/v2\/types\/product"}],"replies":[{"embeddable":true,"href":"https:\/\/mydlamanufaktura.pl\/index.php?rest_route=%2Fwp%2Fv2%2Fcomments&post=14322"}],"wp:featuredmedia":[{"embeddable":true,"href":"https:\/\/mydlamanufaktura.pl\/index.php?rest_route=\/wp\/v2\/media\/15646"}],"wp:attachment":[{"href":"https:\/\/mydlamanufaktura.pl\/index.php?rest_route=%2Fwp%2Fv2%2Fmedia&parent=14322"}],"wp:term":[{"taxonomy":"product_brand","embeddable":true,"href":"https:\/\/mydlamanufaktura.pl\/index.php?rest_route=%2Fwp%2Fv2%2Fproduct_brand&post=14322"},{"taxonomy":"product_cat","embeddable":true,"href":"https:\/\/mydlamanufaktura.pl\/index.php?rest_route=%2Fwp%2Fv2%2Fproduct_cat&post=14322"},{"taxonomy":"product_tag","embeddable":true,"href":"https:\/\/mydlamanufaktura.pl\/index.php?rest_route=%2Fwp%2Fv2%2Fproduct_tag&post=14322"}],"curies":[{"name":"wp","href":"https:\/\/api.w.org\/{rel}","templated":true}]}}