{"id":14066,"date":"2024-09-23T11:23:57","date_gmt":"2024-09-23T11:23:57","guid":{"rendered":"https:\/\/mydlamanufaktura.pl\/?post_type=product&#038;p=14066"},"modified":"2025-02-19T12:05:05","modified_gmt":"2025-02-19T12:05:05","slug":"zestaw-mydel-jesiennych","status":"publish","type":"product","link":"https:\/\/mydlamanufaktura.pl\/?product=zestaw-mydel-jesiennych","title":{"rendered":"Zestaw myde\u0142 jesiennych"},"content":{"rendered":"","protected":false},"excerpt":{"rendered":"<p><strong>Zestaw glicerynowych myde\u0142 oczyszczaj\u0105co-piel\u0119gnuj\u0105cych<\/strong><\/p>\n<ul>\n<li>myd\u0142o glicerynowe 100%<\/li>\n<li>nawil\u017ca sk\u00f3r\u0119, pozostawia j\u0105 mi\u0119kk\u0105, bez osadu i uczucia \u015bci\u0105gni\u0119cia<\/li>\n<li>nietuzinkowa forma myd\u0142a<\/li>\n<li>wyj\u0105tkowy zapach, kt\u00f3ry otuli sk\u00f3r\u0119 i wype\u0142ni pomieszczenie<\/li>\n<\/ul>\n<p><strong>Waga<\/strong>: 3x ok. 90 g.<\/p>\n<p><strong>Zapach<\/strong>: Pomara\u0144cza z cynamonem<\/p>\n<p><strong>Kolor<\/strong>:\u00a0 pomara\u0144czowy, \u017c\u00f3\u0142ty, zielony<\/p>\n","protected":false},"featured_media":14067,"comment_status":"open","ping_status":"closed","template":"","meta":{"_monsterinsights_skip_tracking":false,"_monsterinsights_sitenote_active":false,"_monsterinsights_sitenote_note":"","_monsterinsights_sitenote_category":0},"product_brand":[],"product_cat":[31,44],"product_tag":[],"class_list":{"0":"post-14066","1":"product","2":"type-product","3":"status-publish","4":"has-post-thumbnail","6":"product_cat-mydla","7":"product_cat-zestawy-mydel","9":"first","10":"outofstock","11":"shipping-taxable","12":"purchasable","13":"product-type-simple"},"aioseo_notices":[],"jetpack_sharing_enabled":true,"_links":{"self":[{"href":"https:\/\/mydlamanufaktura.pl\/index.php?rest_route=\/wp\/v2\/product\/14066","targetHints":{"allow":["GET"]}}],"collection":[{"href":"https:\/\/mydlamanufaktura.pl\/index.php?rest_route=\/wp\/v2\/product"}],"about":[{"href":"https:\/\/mydlamanufaktura.pl\/index.php?rest_route=\/wp\/v2\/types\/product"}],"replies":[{"embeddable":true,"href":"https:\/\/mydlamanufaktura.pl\/index.php?rest_route=%2Fwp%2Fv2%2Fcomments&post=14066"}],"wp:featuredmedia":[{"embeddable":true,"href":"https:\/\/mydlamanufaktura.pl\/index.php?rest_route=\/wp\/v2\/media\/14067"}],"wp:attachment":[{"href":"https:\/\/mydlamanufaktura.pl\/index.php?rest_route=%2Fwp%2Fv2%2Fmedia&parent=14066"}],"wp:term":[{"taxonomy":"product_brand","embeddable":true,"href":"https:\/\/mydlamanufaktura.pl\/index.php?rest_route=%2Fwp%2Fv2%2Fproduct_brand&post=14066"},{"taxonomy":"product_cat","embeddable":true,"href":"https:\/\/mydlamanufaktura.pl\/index.php?rest_route=%2Fwp%2Fv2%2Fproduct_cat&post=14066"},{"taxonomy":"product_tag","embeddable":true,"href":"https:\/\/mydlamanufaktura.pl\/index.php?rest_route=%2Fwp%2Fv2%2Fproduct_tag&post=14066"}],"curies":[{"name":"wp","href":"https:\/\/api.w.org\/{rel}","templated":true}]}}