{"id":13930,"date":"2024-09-18T09:40:02","date_gmt":"2024-09-18T09:40:02","guid":{"rendered":"https:\/\/mydlamanufaktura.pl\/?post_type=product&#038;p=13930"},"modified":"2025-11-26T08:01:19","modified_gmt":"2025-11-26T08:01:19","slug":"zestaw-swiateczny-4","status":"publish","type":"product","link":"https:\/\/mydlamanufaktura.pl\/?product=zestaw-swiateczny-4","title":{"rendered":"Zestaw \u015bwi\u0105teczny 4"},"content":{"rendered":"","protected":false},"excerpt":{"rendered":"<div><strong>\u015awi\u0105teczny zestaw pe\u0142en naturalno\u015bci <img loading=\"lazy\" decoding=\"async\" class=\"alignnone wp-image-1015\" src=\"https:\/\/mydlamanufaktura.pl\/wp-content\/uploads\/2024\/07\/off1.png\" alt=\"\" width=\"49\" height=\"49\" srcset=\"https:\/\/mydlamanufaktura.pl\/wp-content\/uploads\/2024\/07\/off1.png 127w, https:\/\/mydlamanufaktura.pl\/wp-content\/uploads\/2024\/07\/off1-100x100.png 100w\" sizes=\"auto, (max-width: 49px) 100vw, 49px\" \/><\/strong><\/div>\n<ul>\n<li style=\"list-style-type: none;\">\n<ul>\n<li>zestaw w ozdobnym kartoniku z okienkiem &#8211; wype\u0142nienie siankiem ozdobnym; karton przewi\u0105zany wst\u0105\u017ck\u0105 + ozdoby<\/li>\n<li>w \u015brodku, poza kosmetykami, znajdziesz \u015bwi\u0105teczne ozdoby: plastry pomara\u0144czy, cynamon, any\u017c, go\u017adziki<\/li>\n<\/ul>\n<\/li>\n<\/ul>\n<p><strong>Zawarto\u015b\u0107<\/strong>: rozgrzewaj\u0105ca s\u00f3l do k\u0105pieli, myd\u0142o \u015bnie\u017cynka, herbata zimowa<\/p>\n","protected":false},"featured_media":13931,"comment_status":"open","ping_status":"closed","template":"","meta":{"_monsterinsights_skip_tracking":false,"_monsterinsights_sitenote_active":false,"_monsterinsights_sitenote_note":"","_monsterinsights_sitenote_category":0},"product_brand":[],"product_cat":[59,104],"product_tag":[],"class_list":{"0":"post-13930","1":"product","2":"type-product","3":"status-publish","4":"has-post-thumbnail","6":"product_cat-boze-narodzenie","7":"product_cat-zestawy-boze-narodzenie","9":"first","10":"outofstock","11":"shipping-taxable","12":"purchasable","13":"product-type-simple"},"aioseo_notices":[],"jetpack_sharing_enabled":true,"_links":{"self":[{"href":"https:\/\/mydlamanufaktura.pl\/index.php?rest_route=\/wp\/v2\/product\/13930","targetHints":{"allow":["GET"]}}],"collection":[{"href":"https:\/\/mydlamanufaktura.pl\/index.php?rest_route=\/wp\/v2\/product"}],"about":[{"href":"https:\/\/mydlamanufaktura.pl\/index.php?rest_route=\/wp\/v2\/types\/product"}],"replies":[{"embeddable":true,"href":"https:\/\/mydlamanufaktura.pl\/index.php?rest_route=%2Fwp%2Fv2%2Fcomments&post=13930"}],"wp:featuredmedia":[{"embeddable":true,"href":"https:\/\/mydlamanufaktura.pl\/index.php?rest_route=\/wp\/v2\/media\/13931"}],"wp:attachment":[{"href":"https:\/\/mydlamanufaktura.pl\/index.php?rest_route=%2Fwp%2Fv2%2Fmedia&parent=13930"}],"wp:term":[{"taxonomy":"product_brand","embeddable":true,"href":"https:\/\/mydlamanufaktura.pl\/index.php?rest_route=%2Fwp%2Fv2%2Fproduct_brand&post=13930"},{"taxonomy":"product_cat","embeddable":true,"href":"https:\/\/mydlamanufaktura.pl\/index.php?rest_route=%2Fwp%2Fv2%2Fproduct_cat&post=13930"},{"taxonomy":"product_tag","embeddable":true,"href":"https:\/\/mydlamanufaktura.pl\/index.php?rest_route=%2Fwp%2Fv2%2Fproduct_tag&post=13930"}],"curies":[{"name":"wp","href":"https:\/\/api.w.org\/{rel}","templated":true}]}}