{"id":136,"date":"2024-06-26T05:22:55","date_gmt":"2024-06-26T05:22:55","guid":{"rendered":"https:\/\/mydlamanufaktura.pl\/?post_type=product&#038;p=136"},"modified":"2026-01-23T08:08:41","modified_gmt":"2026-01-23T08:08:41","slug":"sol-do-kapieli-z-naturalnymi-platkami-logo","status":"publish","type":"product","link":"https:\/\/mydlamanufaktura.pl\/?product=sol-do-kapieli-z-naturalnymi-platkami-logo","title":{"rendered":"S\u00f3l do k\u0105pieli z naturalnymi p\u0142atkami &#8211; logo"},"content":{"rendered":"","protected":false},"excerpt":{"rendered":"<p><strong>Butelka soli k\u0105pielowej z naturalnymi p\u0142atkami kwiat\u00f3w z logo Twojej firmy w formie naklejki<\/strong><\/p>\n<p>Aromatyczna k\u0105piel z przepisem na pi\u0119kno:<\/p>\n<ul>\n<li>do codziennej k\u0105pieli dodaj naszej soli<\/li>\n<li>pobud\u017a zmys\u0142y i odpr\u0119\u017c cia\u0142o<\/li>\n<li>pozw\u00f3l soli na regeneracj\u0119 i od\u017cywienie<\/li>\n<\/ul>\n<p>Zapach:<\/p>\n<ul>\n<li>pomara\u0144cza z cynamonem &#8211; s\u00f3l z dodatkiem plastr\u00f3w pomara\u0144czy<\/li>\n<li>r\u00f3\u017ca &#8211; s\u00f3l z p\u0142atkami r\u00f3\u017c<\/li>\n<li>lawenda &#8211; s\u00f3l z p\u0142atkami lawendy<\/li>\n<li>Priscilla Summer &#8211; s\u00f3l z p\u0142atkami b\u0142awatka<\/li>\n<\/ul>\n<p>____________<\/p>\n<p>Po z\u0142o\u017ceniu zam\u00f3wienia prosimy o przes\u0142anie logo na adres mailowy <strong>sklep@mydlamanufaktura.pl\u00a0<\/strong><\/p>\n<p>Produkty z logo realizowane s\u0105 przy zam\u00f3wieniu<strong> min. 30 sztuk\/produkt<\/strong><\/p>\n","protected":false},"featured_media":204,"comment_status":"open","ping_status":"closed","template":"","meta":{"_monsterinsights_skip_tracking":false,"_monsterinsights_sitenote_active":false,"_monsterinsights_sitenote_note":"","_monsterinsights_sitenote_category":0},"product_brand":[],"product_cat":[57],"product_tag":[],"class_list":{"0":"post-136","1":"product","2":"type-product","3":"status-publish","4":"has-post-thumbnail","6":"product_cat-mydla-i-produkty-z-logo","8":"first","9":"instock","10":"shipping-taxable","11":"purchasable","12":"product-type-variable"},"aioseo_notices":[],"jetpack_sharing_enabled":true,"_links":{"self":[{"href":"https:\/\/mydlamanufaktura.pl\/index.php?rest_route=\/wp\/v2\/product\/136","targetHints":{"allow":["GET"]}}],"collection":[{"href":"https:\/\/mydlamanufaktura.pl\/index.php?rest_route=\/wp\/v2\/product"}],"about":[{"href":"https:\/\/mydlamanufaktura.pl\/index.php?rest_route=\/wp\/v2\/types\/product"}],"replies":[{"embeddable":true,"href":"https:\/\/mydlamanufaktura.pl\/index.php?rest_route=%2Fwp%2Fv2%2Fcomments&post=136"}],"wp:featuredmedia":[{"embeddable":true,"href":"https:\/\/mydlamanufaktura.pl\/index.php?rest_route=\/wp\/v2\/media\/204"}],"wp:attachment":[{"href":"https:\/\/mydlamanufaktura.pl\/index.php?rest_route=%2Fwp%2Fv2%2Fmedia&parent=136"}],"wp:term":[{"taxonomy":"product_brand","embeddable":true,"href":"https:\/\/mydlamanufaktura.pl\/index.php?rest_route=%2Fwp%2Fv2%2Fproduct_brand&post=136"},{"taxonomy":"product_cat","embeddable":true,"href":"https:\/\/mydlamanufaktura.pl\/index.php?rest_route=%2Fwp%2Fv2%2Fproduct_cat&post=136"},{"taxonomy":"product_tag","embeddable":true,"href":"https:\/\/mydlamanufaktura.pl\/index.php?rest_route=%2Fwp%2Fv2%2Fproduct_tag&post=136"}],"curies":[{"name":"wp","href":"https:\/\/api.w.org\/{rel}","templated":true}]}}