{"id":132,"date":"2024-06-26T05:22:55","date_gmt":"2024-06-26T05:22:55","guid":{"rendered":"https:\/\/mydlamanufaktura.pl\/?post_type=product&#038;p=132"},"modified":"2026-01-23T08:52:37","modified_gmt":"2026-01-23T08:52:37","slug":"mix-woskow-zapachowych","status":"publish","type":"product","link":"https:\/\/mydlamanufaktura.pl\/?product=mix-woskow-zapachowych","title":{"rendered":"Mix wosk\u00f3w zapachowych"},"content":{"rendered":"","protected":false},"excerpt":{"rendered":"<p><strong>Ro\u015blinne woski zapachowe do komink\u00f3w eterycznych<\/strong><\/p>\n<ul>\n<li>na bazie wosku palmowego<\/li>\n<li>wyj\u0105tkowe, intensywne zapachy<\/li>\n<\/ul>\n<p><strong>Waga<\/strong>: 50 g.<\/p>\n<p><strong>Zapach<\/strong>: Mix naszych najlepszych zapach\u00f3w<\/p>\n","protected":false},"featured_media":196,"comment_status":"open","ping_status":"closed","template":"","meta":{"_monsterinsights_skip_tracking":false,"_monsterinsights_sitenote_active":false,"_monsterinsights_sitenote_note":"","_monsterinsights_sitenote_category":0},"product_brand":[],"product_cat":[20,33,34],"product_tag":[],"class_list":{"0":"post-132","1":"product","2":"type-product","3":"status-publish","4":"has-post-thumbnail","6":"product_cat-gabinety-spa","7":"product_cat-swiece-i-aromaterapia","8":"product_cat-swiece-roslinne","10":"first","11":"instock","12":"shipping-taxable","13":"purchasable","14":"product-type-simple"},"aioseo_notices":[],"jetpack_sharing_enabled":true,"_links":{"self":[{"href":"https:\/\/mydlamanufaktura.pl\/index.php?rest_route=\/wp\/v2\/product\/132","targetHints":{"allow":["GET"]}}],"collection":[{"href":"https:\/\/mydlamanufaktura.pl\/index.php?rest_route=\/wp\/v2\/product"}],"about":[{"href":"https:\/\/mydlamanufaktura.pl\/index.php?rest_route=\/wp\/v2\/types\/product"}],"replies":[{"embeddable":true,"href":"https:\/\/mydlamanufaktura.pl\/index.php?rest_route=%2Fwp%2Fv2%2Fcomments&post=132"}],"wp:featuredmedia":[{"embeddable":true,"href":"https:\/\/mydlamanufaktura.pl\/index.php?rest_route=\/wp\/v2\/media\/196"}],"wp:attachment":[{"href":"https:\/\/mydlamanufaktura.pl\/index.php?rest_route=%2Fwp%2Fv2%2Fmedia&parent=132"}],"wp:term":[{"taxonomy":"product_brand","embeddable":true,"href":"https:\/\/mydlamanufaktura.pl\/index.php?rest_route=%2Fwp%2Fv2%2Fproduct_brand&post=132"},{"taxonomy":"product_cat","embeddable":true,"href":"https:\/\/mydlamanufaktura.pl\/index.php?rest_route=%2Fwp%2Fv2%2Fproduct_cat&post=132"},{"taxonomy":"product_tag","embeddable":true,"href":"https:\/\/mydlamanufaktura.pl\/index.php?rest_route=%2Fwp%2Fv2%2Fproduct_tag&post=132"}],"curies":[{"name":"wp","href":"https:\/\/api.w.org\/{rel}","templated":true}]}}