{"id":125,"date":"2024-06-26T05:22:27","date_gmt":"2024-06-26T05:22:27","guid":{"rendered":"https:\/\/mydlamanufaktura.pl\/?post_type=product&#038;p=125"},"modified":"2026-01-23T08:02:40","modified_gmt":"2026-01-23T08:02:40","slug":"zestaw-prawdziwego-mezczyzny","status":"publish","type":"product","link":"https:\/\/mydlamanufaktura.pl\/?product=zestaw-prawdziwego-mezczyzny","title":{"rendered":"Zestaw prawdziwego m\u0119\u017cczyzny"},"content":{"rendered":"","protected":false},"excerpt":{"rendered":"<p><strong>Zestaw prawdziwego m\u0119\u017cczyzny <img loading=\"lazy\" decoding=\"async\" class=\"alignnone wp-image-10601\" src=\"https:\/\/mydlamanufaktura.pl\/wp-content\/uploads\/2020\/03\/Projekt-bez-nazwy-1-300x300.png\" alt=\"\" width=\"44\" height=\"44\" \/><\/strong><\/p>\n<p><strong>Glicerynowe myd\u0142o naturalnie oczyszczaj\u0105co-piel\u0119gnuj\u0105ce<\/strong><\/p>\n<ul>\n<li>zestaw myde\u0142 glicerynowych 100% zapakowanych w kartonowe opakowanie z okienkiem<\/li>\n<li>myd\u0142o nawil\u017ca sk\u00f3r\u0119, pozostawia j\u0105 mi\u0119kk\u0105, bez osadu i uczucia \u015bci\u0105gni\u0119cia<\/li>\n<li>nietuzinkowa forma myd\u0142a<\/li>\n<li>wyj\u0105tkowy zapach, kt\u00f3ry otuli sk\u00f3r\u0119 i wype\u0142ni pomieszczenie<\/li>\n<\/ul>\n<p><b>Zestaw zawiera 3 myd\u0142a zamkni\u0119te w kartonowym pude\u0142ku z okienkiem.<\/b><\/p>\n<p><strong>Zapach\/kolor<\/strong>: Inspirowany Men Boss No.6\/czarny, br\u0105z<\/p>\n<p><strong>Waga<\/strong>: ok. 80 g.\/szt.<\/p>\n","protected":false},"featured_media":188,"comment_status":"open","ping_status":"closed","template":"","meta":{"_monsterinsights_skip_tracking":false,"_monsterinsights_sitenote_active":false,"_monsterinsights_sitenote_note":"","_monsterinsights_sitenote_category":0},"product_brand":[],"product_cat":[42,43,44],"product_tag":[],"class_list":{"0":"post-125","1":"product","2":"type-product","3":"status-publish","4":"has-post-thumbnail","6":"product_cat-mydla-z-formy","7":"product_cat-prezenty","8":"product_cat-zestawy-mydel","10":"first","11":"instock","12":"shipping-taxable","13":"purchasable","14":"product-type-simple"},"aioseo_notices":[],"jetpack_sharing_enabled":true,"_links":{"self":[{"href":"https:\/\/mydlamanufaktura.pl\/index.php?rest_route=\/wp\/v2\/product\/125","targetHints":{"allow":["GET"]}}],"collection":[{"href":"https:\/\/mydlamanufaktura.pl\/index.php?rest_route=\/wp\/v2\/product"}],"about":[{"href":"https:\/\/mydlamanufaktura.pl\/index.php?rest_route=\/wp\/v2\/types\/product"}],"replies":[{"embeddable":true,"href":"https:\/\/mydlamanufaktura.pl\/index.php?rest_route=%2Fwp%2Fv2%2Fcomments&post=125"}],"wp:featuredmedia":[{"embeddable":true,"href":"https:\/\/mydlamanufaktura.pl\/index.php?rest_route=\/wp\/v2\/media\/188"}],"wp:attachment":[{"href":"https:\/\/mydlamanufaktura.pl\/index.php?rest_route=%2Fwp%2Fv2%2Fmedia&parent=125"}],"wp:term":[{"taxonomy":"product_brand","embeddable":true,"href":"https:\/\/mydlamanufaktura.pl\/index.php?rest_route=%2Fwp%2Fv2%2Fproduct_brand&post=125"},{"taxonomy":"product_cat","embeddable":true,"href":"https:\/\/mydlamanufaktura.pl\/index.php?rest_route=%2Fwp%2Fv2%2Fproduct_cat&post=125"},{"taxonomy":"product_tag","embeddable":true,"href":"https:\/\/mydlamanufaktura.pl\/index.php?rest_route=%2Fwp%2Fv2%2Fproduct_tag&post=125"}],"curies":[{"name":"wp","href":"https:\/\/api.w.org\/{rel}","templated":true}]}}