{"id":104,"date":"2024-06-26T05:21:37","date_gmt":"2024-06-26T05:21:37","guid":{"rendered":"https:\/\/mydlamanufaktura.pl\/?post_type=product&#038;p=104"},"modified":"2026-01-23T08:03:47","modified_gmt":"2026-01-23T08:03:47","slug":"mydlo-brylka-z-dodatkiem-soli","status":"publish","type":"product","link":"https:\/\/mydlamanufaktura.pl\/?product=mydlo-brylka-z-dodatkiem-soli","title":{"rendered":"Myd\u0142o bry\u0142ka z dodatkiem soli"},"content":{"rendered":"","protected":false},"excerpt":{"rendered":"<p><strong>Naturalne oczyszczenie sk\u00f3ry<\/strong><\/p>\n<ul>\n<li>myd\u0142o z zawarto\u015bci\u0105 soli stymuluje kr\u0105\u017cenie, uj\u0119drnia sk\u00f3r\u0119, usuwa martwy nask\u00f3rek<\/li>\n<li>posiada w\u0142a\u015bciwo\u015bci odka\u017caj\u0105ce<\/li>\n<li>nawil\u017ca, pozostawia sk\u00f3r\u0119 mi\u0119kk\u0105, bez osadu i uczucia \u015bci\u0105gni\u0119cia<\/li>\n<li>wyj\u0105tkowy zapach<\/li>\n<li>kszta\u0142t bry\u0142ki soli<\/li>\n<\/ul>\n<p><strong>Waga<\/strong>: oko\u0142o 100 g.<\/p>\n<p><strong>Zapach<\/strong>: \u015awie\u017cy bambus<\/p>\n","protected":false},"featured_media":168,"comment_status":"open","ping_status":"closed","template":"","meta":{"_monsterinsights_skip_tracking":false,"_monsterinsights_sitenote_active":false,"_monsterinsights_sitenote_note":"","_monsterinsights_sitenote_category":0},"product_brand":[],"product_cat":[32],"product_tag":[],"class_list":{"0":"post-104","1":"product","2":"type-product","3":"status-publish","4":"has-post-thumbnail","6":"product_cat-mydla-specjalistyczne","8":"first","9":"instock","10":"shipping-taxable","11":"purchasable","12":"product-type-simple"},"aioseo_notices":[],"jetpack_sharing_enabled":true,"_links":{"self":[{"href":"https:\/\/mydlamanufaktura.pl\/index.php?rest_route=\/wp\/v2\/product\/104","targetHints":{"allow":["GET"]}}],"collection":[{"href":"https:\/\/mydlamanufaktura.pl\/index.php?rest_route=\/wp\/v2\/product"}],"about":[{"href":"https:\/\/mydlamanufaktura.pl\/index.php?rest_route=\/wp\/v2\/types\/product"}],"replies":[{"embeddable":true,"href":"https:\/\/mydlamanufaktura.pl\/index.php?rest_route=%2Fwp%2Fv2%2Fcomments&post=104"}],"wp:featuredmedia":[{"embeddable":true,"href":"https:\/\/mydlamanufaktura.pl\/index.php?rest_route=\/wp\/v2\/media\/168"}],"wp:attachment":[{"href":"https:\/\/mydlamanufaktura.pl\/index.php?rest_route=%2Fwp%2Fv2%2Fmedia&parent=104"}],"wp:term":[{"taxonomy":"product_brand","embeddable":true,"href":"https:\/\/mydlamanufaktura.pl\/index.php?rest_route=%2Fwp%2Fv2%2Fproduct_brand&post=104"},{"taxonomy":"product_cat","embeddable":true,"href":"https:\/\/mydlamanufaktura.pl\/index.php?rest_route=%2Fwp%2Fv2%2Fproduct_cat&post=104"},{"taxonomy":"product_tag","embeddable":true,"href":"https:\/\/mydlamanufaktura.pl\/index.php?rest_route=%2Fwp%2Fv2%2Fproduct_tag&post=104"}],"curies":[{"name":"wp","href":"https:\/\/api.w.org\/{rel}","templated":true}]}}