{"id":980,"date":"2024-07-08T15:43:09","date_gmt":"2024-07-08T15:43:09","guid":{"rendered":"https:\/\/mydlamanufaktura.pl\/?page_id=980"},"modified":"2024-07-22T08:32:29","modified_gmt":"2024-07-22T08:32:29","slug":"zestawy-mydel","status":"publish","type":"page","link":"https:\/\/mydlamanufaktura.pl\/?page_id=980","title":{"rendered":"zestawy myde\u0142"},"content":{"rendered":"<div class=\"woocommerce columns-3 product-grid\"><div class=\"woocommerce-notices-wrapper\"><\/div><div class=\"woocommerce-sorting-wrapper\"><div class=\"row\"><div class=\"col-md-6 col-6 botiga-sorting-left\"><div class=\"botiga-sorting-left-inner\"><p class=\"woocommerce-result-count\" role=\"alert\" aria-relevant=\"all\" >\n\tWy\u015bwietlanie wszystkich wynik\u00f3w: 9<\/p>\n<\/div><\/div><div class=\"col-md-6 col-6 botiga-sorting-right\"><div class=\"botiga-sorting-right-inner\"><form class=\"woocommerce-ordering\" method=\"get\">\n\t\t<select\n\t\tname=\"orderby\"\n\t\tclass=\"orderby\"\n\t\t\t\t\taria-label=\"Zam\u00f3wienie w sklepie\"\n\t\t\t>\n\t\t\t\t\t<option value=\"menu_order\"  selected='selected'>Domy\u015blne sortowanie<\/option>\n\t\t\t\t\t<option value=\"popularity\" >Sortuj wg popularno\u015bci<\/option>\n\t\t\t\t\t<option value=\"rating\" >Sortuj wg \u015bredniej oceny<\/option>\n\t\t\t\t\t<option value=\"date\" >Sortuj od najnowszych<\/option>\n\t\t\t\t\t<option value=\"price\" >Sortuj po cenie od najni\u017cszej<\/option>\n\t\t\t\t\t<option value=\"price-desc\" >Sortuj po cenie od najwy\u017cszej<\/option>\n\t\t\t<\/select>\n\t<input type=\"hidden\" name=\"paged\" value=\"1\" \/>\n\t<input type=\"hidden\" name=\"rest_route\" value=\"\/wp\/v2\/pages\/980\" \/><\/form>\n<\/div><\/div><\/div><\/div><ul class=\"products columns-3\">\n<li class=\"product type-product post-297 status-publish first instock product_cat-mydla-z-formy product_cat-zestawy-mydel has-post-thumbnail shipping-taxable purchasable product-type-simple\">\n\t<a href=\"https:\/\/mydlamanufaktura.pl\/?product=moze-nad-morze\" class=\"woocommerce-LoopProduct-link woocommerce-loop-product__link\"><img loading=\"lazy\" decoding=\"async\" width=\"420\" height=\"280\" src=\"https:\/\/mydlamanufaktura.pl\/wp-content\/uploads\/2024\/06\/IMG_5168-420x280.jpg\" class=\"attachment-woocommerce_thumbnail size-woocommerce_thumbnail\" alt=\"Mo\u017ce nad morze\" srcset=\"https:\/\/mydlamanufaktura.pl\/wp-content\/uploads\/2024\/06\/IMG_5168-420x280.jpg 420w, https:\/\/mydlamanufaktura.pl\/wp-content\/uploads\/2024\/06\/IMG_5168-800x534.jpg 800w, https:\/\/mydlamanufaktura.pl\/wp-content\/uploads\/2024\/06\/IMG_5168-300x200.jpg 300w, https:\/\/mydlamanufaktura.pl\/wp-content\/uploads\/2024\/06\/IMG_5168-1024x683.jpg 1024w, https:\/\/mydlamanufaktura.pl\/wp-content\/uploads\/2024\/06\/IMG_5168-768x512.jpg 768w, https:\/\/mydlamanufaktura.pl\/wp-content\/uploads\/2024\/06\/IMG_5168-1536x1024.jpg 1536w, https:\/\/mydlamanufaktura.pl\/wp-content\/uploads\/2024\/06\/IMG_5168.jpg 1600w\" sizes=\"auto, (max-width: 420px) 100vw, 420px\" \/><h2 class=\"woocommerce-loop-product__title\">Mo\u017ce nad morze<\/h2>\n\t<span class=\"price\"><span class=\"woocommerce-Price-amount amount\"><bdi>35,00&nbsp;<span class=\"woocommerce-Price-currencySymbol\">&#122;&#322;<\/span><\/bdi><\/span><\/span>\n<\/a><a href=\"\/index.php?rest_route=%2Fwp%2Fv2%2Fpages%2F980&#038;add-to-cart=297\" aria-describedby=\"woocommerce_loop_add_to_cart_link_describedby_297\" data-quantity=\"1\" class=\"button product_type_simple add_to_cart_button ajax_add_to_cart\" data-product_id=\"297\" data-product_sku=\"\" aria-label=\"Dodaj do koszyka: &bdquo;Mo\u017ce nad morze&rdquo;\" rel=\"nofollow\" data-success_message=\"&ldquo;Mo\u017ce nad morze&rdquo; zosta\u0142 dodany do twojego koszyka\" role=\"button\">Dodaj do koszyka<\/a>\t<span id=\"woocommerce_loop_add_to_cart_link_describedby_297\" class=\"screen-reader-text\">\n\t\t\t<\/span>\n<\/li>\n<li class=\"product type-product post-133 status-publish instock product_cat-mydla-z-formy product_cat-zestawy-mydel has-post-thumbnail shipping-taxable purchasable product-type-simple\">\n\t<a href=\"https:\/\/mydlamanufaktura.pl\/?product=zestaw-lekarza\" class=\"woocommerce-LoopProduct-link woocommerce-loop-product__link\"><img loading=\"lazy\" decoding=\"async\" width=\"420\" height=\"315\" src=\"https:\/\/mydlamanufaktura.pl\/wp-content\/uploads\/2024\/06\/mydla-z-formy1-420x315.jpg\" class=\"attachment-woocommerce_thumbnail size-woocommerce_thumbnail\" alt=\"Zestaw lekarza\" srcset=\"https:\/\/mydlamanufaktura.pl\/wp-content\/uploads\/2024\/06\/mydla-z-formy1-420x315.jpg 420w, https:\/\/mydlamanufaktura.pl\/wp-content\/uploads\/2024\/06\/mydla-z-formy1-800x600.jpg 800w, https:\/\/mydlamanufaktura.pl\/wp-content\/uploads\/2024\/06\/mydla-z-formy1-300x225.jpg 300w, https:\/\/mydlamanufaktura.pl\/wp-content\/uploads\/2024\/06\/mydla-z-formy1-1024x768.jpg 1024w, https:\/\/mydlamanufaktura.pl\/wp-content\/uploads\/2024\/06\/mydla-z-formy1-768x576.jpg 768w, https:\/\/mydlamanufaktura.pl\/wp-content\/uploads\/2024\/06\/mydla-z-formy1-1536x1152.jpg 1536w, https:\/\/mydlamanufaktura.pl\/wp-content\/uploads\/2024\/06\/mydla-z-formy1.jpg 1600w\" sizes=\"auto, (max-width: 420px) 100vw, 420px\" \/><h2 class=\"woocommerce-loop-product__title\">Zestaw lekarza<\/h2>\n\t<span class=\"price\"><span class=\"woocommerce-Price-amount amount\"><bdi>45,00&nbsp;<span class=\"woocommerce-Price-currencySymbol\">&#122;&#322;<\/span><\/bdi><\/span><\/span>\n<\/a><a href=\"\/index.php?rest_route=%2Fwp%2Fv2%2Fpages%2F980&#038;add-to-cart=133\" aria-describedby=\"woocommerce_loop_add_to_cart_link_describedby_133\" data-quantity=\"1\" class=\"button product_type_simple add_to_cart_button ajax_add_to_cart\" data-product_id=\"133\" data-product_sku=\"\" aria-label=\"Dodaj do koszyka: &bdquo;Zestaw lekarza&rdquo;\" rel=\"nofollow\" data-success_message=\"&ldquo;Zestaw lekarza&rdquo; zosta\u0142 dodany do twojego koszyka\" role=\"button\">Dodaj do koszyka<\/a>\t<span id=\"woocommerce_loop_add_to_cart_link_describedby_133\" class=\"screen-reader-text\">\n\t\t\t<\/span>\n<\/li>\n<li class=\"product type-product post-402 status-publish last instock product_cat-mydla-z-formy product_cat-zestawy-mydel has-post-thumbnail shipping-taxable purchasable product-type-simple\">\n\t<a href=\"https:\/\/mydlamanufaktura.pl\/?product=zestaw-mydel-ametyst\" class=\"woocommerce-LoopProduct-link woocommerce-loop-product__link\"><img loading=\"lazy\" decoding=\"async\" width=\"420\" height=\"280\" src=\"https:\/\/mydlamanufaktura.pl\/wp-content\/uploads\/2024\/06\/IMG_1202-420x280.jpg\" class=\"attachment-woocommerce_thumbnail size-woocommerce_thumbnail\" alt=\"Zestaw myde\u0142 &#039;ametyst&#039;\" srcset=\"https:\/\/mydlamanufaktura.pl\/wp-content\/uploads\/2024\/06\/IMG_1202-420x280.jpg 420w, https:\/\/mydlamanufaktura.pl\/wp-content\/uploads\/2024\/06\/IMG_1202-800x534.jpg 800w, https:\/\/mydlamanufaktura.pl\/wp-content\/uploads\/2024\/06\/IMG_1202-300x200.jpg 300w, https:\/\/mydlamanufaktura.pl\/wp-content\/uploads\/2024\/06\/IMG_1202-1024x683.jpg 1024w, https:\/\/mydlamanufaktura.pl\/wp-content\/uploads\/2024\/06\/IMG_1202-768x512.jpg 768w, https:\/\/mydlamanufaktura.pl\/wp-content\/uploads\/2024\/06\/IMG_1202-1536x1024.jpg 1536w, https:\/\/mydlamanufaktura.pl\/wp-content\/uploads\/2024\/06\/IMG_1202.jpg 1600w\" sizes=\"auto, (max-width: 420px) 100vw, 420px\" \/><h2 class=\"woocommerce-loop-product__title\">Zestaw myde\u0142 'ametyst&#8217;<\/h2>\n\t<span class=\"price\"><span class=\"woocommerce-Price-amount amount\"><bdi>24,00&nbsp;<span class=\"woocommerce-Price-currencySymbol\">&#122;&#322;<\/span><\/bdi><\/span><\/span>\n<\/a><a href=\"\/index.php?rest_route=%2Fwp%2Fv2%2Fpages%2F980&#038;add-to-cart=402\" aria-describedby=\"woocommerce_loop_add_to_cart_link_describedby_402\" data-quantity=\"1\" class=\"button product_type_simple add_to_cart_button ajax_add_to_cart\" data-product_id=\"402\" data-product_sku=\"\" aria-label=\"Dodaj do koszyka: &bdquo;Zestaw myde\u0142 &#039;ametyst&#039;&rdquo;\" rel=\"nofollow\" data-success_message=\"&ldquo;Zestaw myde\u0142 &#039;ametyst&#039;&rdquo; zosta\u0142 dodany do twojego koszyka\" role=\"button\">Dodaj do koszyka<\/a>\t<span id=\"woocommerce_loop_add_to_cart_link_describedby_402\" class=\"screen-reader-text\">\n\t\t\t<\/span>\n<\/li>\n<li class=\"product type-product post-401 status-publish first instock product_cat-mydla-z-formy product_cat-zestawy-mydel has-post-thumbnail shipping-taxable purchasable product-type-simple\">\n\t<a href=\"https:\/\/mydlamanufaktura.pl\/?product=zestaw-mydel-tygrysie-oko\" class=\"woocommerce-LoopProduct-link woocommerce-loop-product__link\"><img loading=\"lazy\" decoding=\"async\" width=\"420\" height=\"280\" src=\"https:\/\/mydlamanufaktura.pl\/wp-content\/uploads\/2024\/06\/IMG_1245-420x280.jpg\" class=\"attachment-woocommerce_thumbnail size-woocommerce_thumbnail\" alt=\"Zestaw myde\u0142 &#039;tygrysie oko&#039;\" srcset=\"https:\/\/mydlamanufaktura.pl\/wp-content\/uploads\/2024\/06\/IMG_1245-420x280.jpg 420w, https:\/\/mydlamanufaktura.pl\/wp-content\/uploads\/2024\/06\/IMG_1245-800x534.jpg 800w, https:\/\/mydlamanufaktura.pl\/wp-content\/uploads\/2024\/06\/IMG_1245-300x200.jpg 300w, https:\/\/mydlamanufaktura.pl\/wp-content\/uploads\/2024\/06\/IMG_1245-1024x683.jpg 1024w, https:\/\/mydlamanufaktura.pl\/wp-content\/uploads\/2024\/06\/IMG_1245-768x512.jpg 768w, https:\/\/mydlamanufaktura.pl\/wp-content\/uploads\/2024\/06\/IMG_1245-1536x1024.jpg 1536w, https:\/\/mydlamanufaktura.pl\/wp-content\/uploads\/2024\/06\/IMG_1245.jpg 1600w\" sizes=\"auto, (max-width: 420px) 100vw, 420px\" \/><h2 class=\"woocommerce-loop-product__title\">Zestaw myde\u0142 'tygrysie oko&#8217;<\/h2>\n\t<span class=\"price\"><span class=\"woocommerce-Price-amount amount\"><bdi>24,00&nbsp;<span class=\"woocommerce-Price-currencySymbol\">&#122;&#322;<\/span><\/bdi><\/span><\/span>\n<\/a><a href=\"\/index.php?rest_route=%2Fwp%2Fv2%2Fpages%2F980&#038;add-to-cart=401\" aria-describedby=\"woocommerce_loop_add_to_cart_link_describedby_401\" data-quantity=\"1\" class=\"button product_type_simple add_to_cart_button ajax_add_to_cart\" data-product_id=\"401\" data-product_sku=\"\" aria-label=\"Dodaj do koszyka: &bdquo;Zestaw myde\u0142 &#039;tygrysie oko&#039;&rdquo;\" rel=\"nofollow\" data-success_message=\"&ldquo;Zestaw myde\u0142 &#039;tygrysie oko&#039;&rdquo; zosta\u0142 dodany do twojego koszyka\" role=\"button\">Dodaj do koszyka<\/a>\t<span id=\"woocommerce_loop_add_to_cart_link_describedby_401\" class=\"screen-reader-text\">\n\t\t\t<\/span>\n<\/li>\n<li class=\"product type-product post-14066 status-publish outofstock product_cat-mydla product_cat-zestawy-mydel has-post-thumbnail shipping-taxable purchasable product-type-simple\">\n\t<a href=\"https:\/\/mydlamanufaktura.pl\/?product=zestaw-mydel-jesiennych\" class=\"woocommerce-LoopProduct-link woocommerce-loop-product__link\"><img loading=\"lazy\" decoding=\"async\" width=\"420\" height=\"280\" src=\"https:\/\/mydlamanufaktura.pl\/wp-content\/uploads\/2024\/09\/DSC09224-420x280.jpg\" class=\"attachment-woocommerce_thumbnail size-woocommerce_thumbnail\" alt=\"Zestaw myde\u0142 jesiennych\" srcset=\"https:\/\/mydlamanufaktura.pl\/wp-content\/uploads\/2024\/09\/DSC09224-420x280.jpg 420w, https:\/\/mydlamanufaktura.pl\/wp-content\/uploads\/2024\/09\/DSC09224-300x200.jpg 300w, https:\/\/mydlamanufaktura.pl\/wp-content\/uploads\/2024\/09\/DSC09224-1024x683.jpg 1024w, https:\/\/mydlamanufaktura.pl\/wp-content\/uploads\/2024\/09\/DSC09224-768x512.jpg 768w, https:\/\/mydlamanufaktura.pl\/wp-content\/uploads\/2024\/09\/DSC09224-1536x1024.jpg 1536w, https:\/\/mydlamanufaktura.pl\/wp-content\/uploads\/2024\/09\/DSC09224-1140x760.jpg 1140w, https:\/\/mydlamanufaktura.pl\/wp-content\/uploads\/2024\/09\/DSC09224-920x614.jpg 920w, https:\/\/mydlamanufaktura.pl\/wp-content\/uploads\/2024\/09\/DSC09224-575x383.jpg 575w, https:\/\/mydlamanufaktura.pl\/wp-content\/uploads\/2024\/09\/DSC09224-380x253.jpg 380w, https:\/\/mydlamanufaktura.pl\/wp-content\/uploads\/2024\/09\/DSC09224-800x534.jpg 800w, https:\/\/mydlamanufaktura.pl\/wp-content\/uploads\/2024\/09\/DSC09224.jpg 1600w\" sizes=\"auto, (max-width: 420px) 100vw, 420px\" \/><h2 class=\"woocommerce-loop-product__title\">Zestaw myde\u0142 jesiennych<\/h2>\n\t<span class=\"price\"><span class=\"woocommerce-Price-amount amount\"><bdi>46,00&nbsp;<span class=\"woocommerce-Price-currencySymbol\">&#122;&#322;<\/span><\/bdi><\/span><\/span>\n<\/a><a href=\"https:\/\/mydlamanufaktura.pl\/?product=zestaw-mydel-jesiennych\" aria-describedby=\"woocommerce_loop_add_to_cart_link_describedby_14066\" data-quantity=\"1\" class=\"button product_type_simple\" data-product_id=\"14066\" data-product_sku=\"\" aria-label=\"Przeczytaj wi\u0119cej o &bdquo;Zestaw myde\u0142 jesiennych&rdquo;\" rel=\"nofollow\" data-success_message=\"\">Dowiedz si\u0119 wi\u0119cej<\/a>\t<span id=\"woocommerce_loop_add_to_cart_link_describedby_14066\" class=\"screen-reader-text\">\n\t\t\t<\/span>\n<\/li>\n<li class=\"product type-product post-553 status-publish last instock product_cat-mydla-z-formy product_cat-prezenty product_cat-zestawy-mydel has-post-thumbnail shipping-taxable purchasable product-type-simple\">\n\t<a href=\"https:\/\/mydlamanufaktura.pl\/?product=zestaw-mydel-natura\" class=\"woocommerce-LoopProduct-link woocommerce-loop-product__link\"><img loading=\"lazy\" decoding=\"async\" width=\"420\" height=\"278\" src=\"https:\/\/mydlamanufaktura.pl\/wp-content\/uploads\/2024\/06\/IMG_9667-420x278.jpg\" class=\"attachment-woocommerce_thumbnail size-woocommerce_thumbnail\" alt=\"Zestaw myde\u0142 natura\" srcset=\"https:\/\/mydlamanufaktura.pl\/wp-content\/uploads\/2024\/06\/IMG_9667-420x278.jpg 420w, https:\/\/mydlamanufaktura.pl\/wp-content\/uploads\/2024\/06\/IMG_9667-800x529.jpg 800w, https:\/\/mydlamanufaktura.pl\/wp-content\/uploads\/2024\/06\/IMG_9667-300x198.jpg 300w, https:\/\/mydlamanufaktura.pl\/wp-content\/uploads\/2024\/06\/IMG_9667-1024x677.jpg 1024w, https:\/\/mydlamanufaktura.pl\/wp-content\/uploads\/2024\/06\/IMG_9667-768x508.jpg 768w, https:\/\/mydlamanufaktura.pl\/wp-content\/uploads\/2024\/06\/IMG_9667-1536x1016.jpg 1536w, https:\/\/mydlamanufaktura.pl\/wp-content\/uploads\/2024\/06\/IMG_9667.jpg 1600w\" sizes=\"auto, (max-width: 420px) 100vw, 420px\" \/><h2 class=\"woocommerce-loop-product__title\">Zestaw myde\u0142 natura<\/h2>\n\t<span class=\"price\"><span class=\"woocommerce-Price-amount amount\"><bdi>39,00&nbsp;<span class=\"woocommerce-Price-currencySymbol\">&#122;&#322;<\/span><\/bdi><\/span><\/span>\n<\/a><a href=\"\/index.php?rest_route=%2Fwp%2Fv2%2Fpages%2F980&#038;add-to-cart=553\" aria-describedby=\"woocommerce_loop_add_to_cart_link_describedby_553\" data-quantity=\"1\" class=\"button product_type_simple add_to_cart_button ajax_add_to_cart\" data-product_id=\"553\" data-product_sku=\"\" aria-label=\"Dodaj do koszyka: &bdquo;Zestaw myde\u0142 natura&rdquo;\" rel=\"nofollow\" data-success_message=\"&ldquo;Zestaw myde\u0142 natura&rdquo; zosta\u0142 dodany do twojego koszyka\" role=\"button\">Dodaj do koszyka<\/a>\t<span id=\"woocommerce_loop_add_to_cart_link_describedby_553\" class=\"screen-reader-text\">\n\t\t\t<\/span>\n<\/li>\n<li class=\"product type-product post-604 status-publish first instock product_cat-walentynki product_cat-zestawy-mydel has-post-thumbnail shipping-taxable purchasable product-type-simple\">\n\t<a href=\"https:\/\/mydlamanufaktura.pl\/?product=zestaw-mydel-walentynki\" class=\"woocommerce-LoopProduct-link woocommerce-loop-product__link\"><img loading=\"lazy\" decoding=\"async\" width=\"420\" height=\"310\" src=\"https:\/\/mydlamanufaktura.pl\/wp-content\/uploads\/2024\/06\/IMG_6754-e1706000272690-420x310.jpg\" class=\"attachment-woocommerce_thumbnail size-woocommerce_thumbnail\" alt=\"Zestaw myde\u0142 Walentynki\" srcset=\"https:\/\/mydlamanufaktura.pl\/wp-content\/uploads\/2024\/06\/IMG_6754-e1706000272690-420x310.jpg 420w, https:\/\/mydlamanufaktura.pl\/wp-content\/uploads\/2024\/06\/IMG_6754-e1706000272690-800x591.jpg 800w, https:\/\/mydlamanufaktura.pl\/wp-content\/uploads\/2024\/06\/IMG_6754-e1706000272690-300x222.jpg 300w, https:\/\/mydlamanufaktura.pl\/wp-content\/uploads\/2024\/06\/IMG_6754-e1706000272690-1024x756.jpg 1024w, https:\/\/mydlamanufaktura.pl\/wp-content\/uploads\/2024\/06\/IMG_6754-e1706000272690-768x567.jpg 768w, https:\/\/mydlamanufaktura.pl\/wp-content\/uploads\/2024\/06\/IMG_6754-e1706000272690.jpg 1380w\" sizes=\"auto, (max-width: 420px) 100vw, 420px\" \/><h2 class=\"woocommerce-loop-product__title\">Zestaw myde\u0142 Walentynki<\/h2>\n\t<span class=\"price\"><span class=\"woocommerce-Price-amount amount\"><bdi>38,00&nbsp;<span class=\"woocommerce-Price-currencySymbol\">&#122;&#322;<\/span><\/bdi><\/span><\/span>\n<\/a><a href=\"\/index.php?rest_route=%2Fwp%2Fv2%2Fpages%2F980&#038;add-to-cart=604\" aria-describedby=\"woocommerce_loop_add_to_cart_link_describedby_604\" data-quantity=\"1\" class=\"button product_type_simple add_to_cart_button ajax_add_to_cart\" data-product_id=\"604\" data-product_sku=\"\" aria-label=\"Dodaj do koszyka: &bdquo;Zestaw myde\u0142 Walentynki&rdquo;\" rel=\"nofollow\" data-success_message=\"&ldquo;Zestaw myde\u0142 Walentynki&rdquo; zosta\u0142 dodany do twojego koszyka\" role=\"button\">Dodaj do koszyka<\/a>\t<span id=\"woocommerce_loop_add_to_cart_link_describedby_604\" class=\"screen-reader-text\">\n\t\t\t<\/span>\n<\/li>\n<li class=\"product type-product post-125 status-publish instock product_cat-mydla-z-formy product_cat-prezenty product_cat-zestawy-mydel has-post-thumbnail shipping-taxable purchasable product-type-simple\">\n\t<a href=\"https:\/\/mydlamanufaktura.pl\/?product=zestaw-prawdziwego-mezczyzny\" class=\"woocommerce-LoopProduct-link woocommerce-loop-product__link\"><img loading=\"lazy\" decoding=\"async\" width=\"420\" height=\"327\" src=\"https:\/\/mydlamanufaktura.pl\/wp-content\/uploads\/2024\/06\/IMG_5439-e1706000436503-420x327.jpg\" class=\"attachment-woocommerce_thumbnail size-woocommerce_thumbnail\" alt=\"Zestaw prawdziwego m\u0119\u017cczyzny\" srcset=\"https:\/\/mydlamanufaktura.pl\/wp-content\/uploads\/2024\/06\/IMG_5439-e1706000436503-420x327.jpg 420w, https:\/\/mydlamanufaktura.pl\/wp-content\/uploads\/2024\/06\/IMG_5439-e1706000436503-800x624.jpg 800w, https:\/\/mydlamanufaktura.pl\/wp-content\/uploads\/2024\/06\/IMG_5439-e1706000436503-300x234.jpg 300w, https:\/\/mydlamanufaktura.pl\/wp-content\/uploads\/2024\/06\/IMG_5439-e1706000436503-1024x798.jpg 1024w, https:\/\/mydlamanufaktura.pl\/wp-content\/uploads\/2024\/06\/IMG_5439-e1706000436503-768x599.jpg 768w, https:\/\/mydlamanufaktura.pl\/wp-content\/uploads\/2024\/06\/IMG_5439-e1706000436503.jpg 1360w\" sizes=\"auto, (max-width: 420px) 100vw, 420px\" \/><h2 class=\"woocommerce-loop-product__title\">Zestaw prawdziwego m\u0119\u017cczyzny<\/h2>\n\t<span class=\"price\"><span class=\"woocommerce-Price-amount amount\"><bdi>36,00&nbsp;<span class=\"woocommerce-Price-currencySymbol\">&#122;&#322;<\/span><\/bdi><\/span><\/span>\n<\/a><a href=\"\/index.php?rest_route=%2Fwp%2Fv2%2Fpages%2F980&#038;add-to-cart=125\" aria-describedby=\"woocommerce_loop_add_to_cart_link_describedby_125\" data-quantity=\"1\" class=\"button product_type_simple add_to_cart_button ajax_add_to_cart\" data-product_id=\"125\" data-product_sku=\"\" aria-label=\"Dodaj do koszyka: &bdquo;Zestaw prawdziwego m\u0119\u017cczyzny&rdquo;\" rel=\"nofollow\" data-success_message=\"&ldquo;Zestaw prawdziwego m\u0119\u017cczyzny&rdquo; zosta\u0142 dodany do twojego koszyka\" role=\"button\">Dodaj do koszyka<\/a>\t<span id=\"woocommerce_loop_add_to_cart_link_describedby_125\" class=\"screen-reader-text\">\n\t\t\t<\/span>\n<\/li>\n<li class=\"product type-product post-420 status-publish last instock product_cat-mydla-z-formy product_cat-zestawy-mydel has-post-thumbnail shipping-taxable purchasable product-type-simple\">\n\t<a href=\"https:\/\/mydlamanufaktura.pl\/?product=zestaw-star-wars\" class=\"woocommerce-LoopProduct-link woocommerce-loop-product__link\"><img loading=\"lazy\" decoding=\"async\" width=\"420\" height=\"280\" src=\"https:\/\/mydlamanufaktura.pl\/wp-content\/uploads\/2024\/06\/IMG_1820-420x280.jpg\" class=\"attachment-woocommerce_thumbnail size-woocommerce_thumbnail\" alt=\"Zestaw Star Wars\" srcset=\"https:\/\/mydlamanufaktura.pl\/wp-content\/uploads\/2024\/06\/IMG_1820-420x280.jpg 420w, https:\/\/mydlamanufaktura.pl\/wp-content\/uploads\/2024\/06\/IMG_1820-800x534.jpg 800w, https:\/\/mydlamanufaktura.pl\/wp-content\/uploads\/2024\/06\/IMG_1820-300x200.jpg 300w, https:\/\/mydlamanufaktura.pl\/wp-content\/uploads\/2024\/06\/IMG_1820-1024x683.jpg 1024w, https:\/\/mydlamanufaktura.pl\/wp-content\/uploads\/2024\/06\/IMG_1820-768x512.jpg 768w, https:\/\/mydlamanufaktura.pl\/wp-content\/uploads\/2024\/06\/IMG_1820-1536x1024.jpg 1536w, https:\/\/mydlamanufaktura.pl\/wp-content\/uploads\/2024\/06\/IMG_1820.jpg 1600w\" sizes=\"auto, (max-width: 420px) 100vw, 420px\" \/><h2 class=\"woocommerce-loop-product__title\">Zestaw Star Wars<\/h2>\n\t<span class=\"price\"><span class=\"woocommerce-Price-amount amount\"><bdi>38,00&nbsp;<span class=\"woocommerce-Price-currencySymbol\">&#122;&#322;<\/span><\/bdi><\/span><\/span>\n<\/a><a href=\"\/index.php?rest_route=%2Fwp%2Fv2%2Fpages%2F980&#038;add-to-cart=420\" aria-describedby=\"woocommerce_loop_add_to_cart_link_describedby_420\" data-quantity=\"1\" class=\"button product_type_simple add_to_cart_button ajax_add_to_cart\" data-product_id=\"420\" data-product_sku=\"\" aria-label=\"Dodaj do koszyka: &bdquo;Zestaw Star Wars&rdquo;\" rel=\"nofollow\" data-success_message=\"&ldquo;Zestaw Star Wars&rdquo; zosta\u0142 dodany do twojego koszyka\" role=\"button\">Dodaj do koszyka<\/a>\t<span id=\"woocommerce_loop_add_to_cart_link_describedby_420\" class=\"screen-reader-text\">\n\t\t\t<\/span>\n<\/li>\n<\/ul>\n<\/div>\n","protected":false},"excerpt":{"rendered":"","protected":false},"author":1,"featured_media":0,"parent":0,"menu_order":0,"comment_status":"closed","ping_status":"closed","template":"page.php","meta":{"_monsterinsights_skip_tracking":false,"_monsterinsights_sitenote_active":false,"_monsterinsights_sitenote_note":"","_monsterinsights_sitenote_category":0,"footnotes":""},"class_list":["post-980","page","type-page","status-publish","hentry"],"aioseo_notices":[],"jetpack_sharing_enabled":true,"_links":{"self":[{"href":"https:\/\/mydlamanufaktura.pl\/index.php?rest_route=\/wp\/v2\/pages\/980","targetHints":{"allow":["GET"]}}],"collection":[{"href":"https:\/\/mydlamanufaktura.pl\/index.php?rest_route=\/wp\/v2\/pages"}],"about":[{"href":"https:\/\/mydlamanufaktura.pl\/index.php?rest_route=\/wp\/v2\/types\/page"}],"author":[{"embeddable":true,"href":"https:\/\/mydlamanufaktura.pl\/index.php?rest_route=\/wp\/v2\/users\/1"}],"replies":[{"embeddable":true,"href":"https:\/\/mydlamanufaktura.pl\/index.php?rest_route=%2Fwp%2Fv2%2Fcomments&post=980"}],"version-history":[{"count":6,"href":"https:\/\/mydlamanufaktura.pl\/index.php?rest_route=\/wp\/v2\/pages\/980\/revisions"}],"predecessor-version":[{"id":13680,"href":"https:\/\/mydlamanufaktura.pl\/index.php?rest_route=\/wp\/v2\/pages\/980\/revisions\/13680"}],"wp:attachment":[{"href":"https:\/\/mydlamanufaktura.pl\/index.php?rest_route=%2Fwp%2Fv2%2Fmedia&parent=980"}],"curies":[{"name":"wp","href":"https:\/\/api.w.org\/{rel}","templated":true}]}}