{"id":953,"date":"2024-07-08T14:17:25","date_gmt":"2024-07-08T14:17:25","guid":{"rendered":"https:\/\/mydlamanufaktura.pl\/?page_id=953"},"modified":"2024-07-13T19:22:20","modified_gmt":"2024-07-13T19:22:20","slug":"pozostale-wyroby","status":"publish","type":"page","link":"https:\/\/mydlamanufaktura.pl\/?page_id=953","title":{"rendered":"pozosta\u0142e wyroby"},"content":{"rendered":"<div data-block-name=\"woocommerce\/product-category\" data-categories=\"[19]\" class=\"wc-block-grid wp-block-product-category wp-block-woocommerce-product-category wc-block-product-category has-3-columns has-multiple-rows\"><ul class=\"wc-block-grid__products\"><li class=\"wc-block-grid__product product-grid \">\n\t\t\t\t<div class=\"loop-image-wrap botiga-add-to-cart-button-layout3\">\n\t\t\t\t\t<a href=\"https:\/\/mydlamanufaktura.pl\/?product=wosk-do-ciala-i-brody-men\" class=\"wc-block-grid__product-link\">\n\t\t\t\t\t\t<div class=\"wc-block-grid__product-image\"><img loading=\"lazy\" decoding=\"async\" width=\"420\" height=\"319\" src=\"https:\/\/mydlamanufaktura.pl\/wp-content\/uploads\/2025\/06\/DSC06350-e1749216412821-420x319.jpg\" class=\"attachment-woocommerce_thumbnail size-woocommerce_thumbnail\" alt=\"Wosk do cia\u0142a MEN\" srcset=\"https:\/\/mydlamanufaktura.pl\/wp-content\/uploads\/2025\/06\/DSC06350-e1749216412821-420x319.jpg 420w, https:\/\/mydlamanufaktura.pl\/wp-content\/uploads\/2025\/06\/DSC06350-e1749216412821-300x228.jpg 300w, https:\/\/mydlamanufaktura.pl\/wp-content\/uploads\/2025\/06\/DSC06350-e1749216412821-1024x779.jpg 1024w, https:\/\/mydlamanufaktura.pl\/wp-content\/uploads\/2025\/06\/DSC06350-e1749216412821-768x584.jpg 768w, https:\/\/mydlamanufaktura.pl\/wp-content\/uploads\/2025\/06\/DSC06350-e1749216412821-1140x867.jpg 1140w, https:\/\/mydlamanufaktura.pl\/wp-content\/uploads\/2025\/06\/DSC06350-e1749216412821-920x700.jpg 920w, https:\/\/mydlamanufaktura.pl\/wp-content\/uploads\/2025\/06\/DSC06350-e1749216412821-575x437.jpg 575w, https:\/\/mydlamanufaktura.pl\/wp-content\/uploads\/2025\/06\/DSC06350-e1749216412821-380x289.jpg 380w, https:\/\/mydlamanufaktura.pl\/wp-content\/uploads\/2025\/06\/DSC06350-e1749216412821-800x608.jpg 800w, https:\/\/mydlamanufaktura.pl\/wp-content\/uploads\/2025\/06\/DSC06350-e1749216412821.jpg 1403w\" sizes=\"auto, (max-width: 420px) 100vw, 420px\" \/><\/div>\n\t\t\t\t\t<\/a><a href=\"\/index.php?rest_route=%2Fwp%2Fv2%2Fpages%2F953&#038;add-to-cart=15127\" aria-label=\"Dodaj do koszyka: &bdquo;Wosk do cia\u0142a MEN&rdquo;\" data-quantity=\"1\" data-product_id=\"15127\" data-product_sku=\"\" rel=\"nofollow\" class=\"button wp-block-button__link add_to_cart_button ajax_add_to_cart\">Dodaj do koszyka<\/a><\/div><a href=\"https:\/\/mydlamanufaktura.pl\/?product=wosk-do-ciala-i-brody-men\" class=\"wc-block-grid__product-link\">\n\t\t\t\t\t<div class=\"wc-block-grid__product-title\">Wosk do cia\u0142a MEN<\/div>\n\t\t\t\t<\/a><div class=\"wc-block-grid__product-price price\"><span class=\"woocommerce-Price-amount amount\">25,00&nbsp;<span class=\"woocommerce-Price-currencySymbol\">&#122;&#322;<\/span><\/span><\/div><\/li><li class=\"wc-block-grid__product product-grid \">\n\t\t\t\t<div class=\"loop-image-wrap botiga-add-to-cart-button-layout3\">\n\t\t\t\t\t<a href=\"https:\/\/mydlamanufaktura.pl\/?product=wosk-do-masazu-ciala\" class=\"wc-block-grid__product-link\">\n\t\t\t\t\t\t<div class=\"wc-block-grid__product-image\"><img loading=\"lazy\" decoding=\"async\" width=\"420\" height=\"335\" src=\"https:\/\/mydlamanufaktura.pl\/wp-content\/uploads\/2024\/06\/123315441_2717549701906675_1164497483756329870_o-420x335.jpg\" class=\"attachment-woocommerce_thumbnail size-woocommerce_thumbnail\" alt=\"Wosk do masa\u017cu cia\u0142a\" srcset=\"https:\/\/mydlamanufaktura.pl\/wp-content\/uploads\/2024\/06\/123315441_2717549701906675_1164497483756329870_o-420x335.jpg 420w, https:\/\/mydlamanufaktura.pl\/wp-content\/uploads\/2024\/06\/123315441_2717549701906675_1164497483756329870_o-800x638.jpg 800w, https:\/\/mydlamanufaktura.pl\/wp-content\/uploads\/2024\/06\/123315441_2717549701906675_1164497483756329870_o-300x239.jpg 300w, https:\/\/mydlamanufaktura.pl\/wp-content\/uploads\/2024\/06\/123315441_2717549701906675_1164497483756329870_o-1024x817.jpg 1024w, https:\/\/mydlamanufaktura.pl\/wp-content\/uploads\/2024\/06\/123315441_2717549701906675_1164497483756329870_o-768x613.jpg 768w, https:\/\/mydlamanufaktura.pl\/wp-content\/uploads\/2024\/06\/123315441_2717549701906675_1164497483756329870_o.jpg 1337w\" sizes=\"auto, (max-width: 420px) 100vw, 420px\" \/><\/div>\n\t\t\t\t\t<\/a><a href=\"https:\/\/mydlamanufaktura.pl\/?product=wosk-do-masazu-ciala\" aria-label=\"Wybierz opcje dla &bdquo;Wosk do masa\u017cu cia\u0142a&rdquo;\" data-quantity=\"1\" data-product_id=\"51\" data-product_sku=\"\" rel=\"nofollow\" class=\"button wp-block-button__link add_to_cart_button\">Wybierz opcje<\/a><\/div><a href=\"https:\/\/mydlamanufaktura.pl\/?product=wosk-do-masazu-ciala\" class=\"wc-block-grid__product-link\">\n\t\t\t\t\t<div class=\"wc-block-grid__product-title\">Wosk do masa\u017cu cia\u0142a<\/div>\n\t\t\t\t<\/a><div class=\"wc-block-grid__product-price price\"><span class=\"woocommerce-Price-amount amount\" aria-hidden=\"true\">25,00&nbsp;<span class=\"woocommerce-Price-currencySymbol\">&#122;&#322;<\/span><\/span> <span aria-hidden=\"true\">&ndash;<\/span> <span class=\"woocommerce-Price-amount amount\" aria-hidden=\"true\">52,00&nbsp;<span class=\"woocommerce-Price-currencySymbol\">&#122;&#322;<\/span><\/span><span class=\"screen-reader-text\">Zakres cen: od 25,00&nbsp;&#122;&#322; do 52,00&nbsp;&#122;&#322;<\/span><\/div><\/li><li class=\"wc-block-grid__product product-grid \">\n\t\t\t\t<div class=\"loop-image-wrap botiga-add-to-cart-button-layout3\">\n\t\t\t\t\t<a href=\"https:\/\/mydlamanufaktura.pl\/?product=swieca-do-masazu-ciala\" class=\"wc-block-grid__product-link\">\n\t\t\t\t\t\t<div class=\"wc-block-grid__product-image\"><img loading=\"lazy\" decoding=\"async\" width=\"420\" height=\"280\" src=\"https:\/\/mydlamanufaktura.pl\/wp-content\/uploads\/2024\/06\/IMG_3825-420x280.jpg\" class=\"attachment-woocommerce_thumbnail size-woocommerce_thumbnail\" alt=\"\u015awieca do masa\u017cu cia\u0142a\" srcset=\"https:\/\/mydlamanufaktura.pl\/wp-content\/uploads\/2024\/06\/IMG_3825-420x280.jpg 420w, https:\/\/mydlamanufaktura.pl\/wp-content\/uploads\/2024\/06\/IMG_3825-800x534.jpg 800w, https:\/\/mydlamanufaktura.pl\/wp-content\/uploads\/2024\/06\/IMG_3825-300x200.jpg 300w, https:\/\/mydlamanufaktura.pl\/wp-content\/uploads\/2024\/06\/IMG_3825-1024x683.jpg 1024w, https:\/\/mydlamanufaktura.pl\/wp-content\/uploads\/2024\/06\/IMG_3825-768x512.jpg 768w, https:\/\/mydlamanufaktura.pl\/wp-content\/uploads\/2024\/06\/IMG_3825-1536x1024.jpg 1536w, https:\/\/mydlamanufaktura.pl\/wp-content\/uploads\/2024\/06\/IMG_3825.jpg 1600w\" sizes=\"auto, (max-width: 420px) 100vw, 420px\" \/><\/div>\n\t\t\t\t\t<\/a><a href=\"https:\/\/mydlamanufaktura.pl\/?product=swieca-do-masazu-ciala\" aria-label=\"Wybierz opcje dla &bdquo;\u015awieca do masa\u017cu cia\u0142a&rdquo;\" data-quantity=\"1\" data-product_id=\"49\" data-product_sku=\"\" rel=\"nofollow\" class=\"button wp-block-button__link add_to_cart_button\">Wybierz opcje<\/a><\/div><a href=\"https:\/\/mydlamanufaktura.pl\/?product=swieca-do-masazu-ciala\" class=\"wc-block-grid__product-link\">\n\t\t\t\t\t<div class=\"wc-block-grid__product-title\">\u015awieca do masa\u017cu cia\u0142a<\/div>\n\t\t\t\t<\/a><div class=\"wc-block-grid__product-price price\"><span class=\"woocommerce-Price-amount amount\">46,00&nbsp;<span class=\"woocommerce-Price-currencySymbol\">&#122;&#322;<\/span><\/span><\/div><\/li><li class=\"wc-block-grid__product product-grid \">\n\t\t\t\t<div class=\"loop-image-wrap botiga-add-to-cart-button-layout3\">\n\t\t\t\t\t<a href=\"https:\/\/mydlamanufaktura.pl\/?product=naturalne-maslo-shea\" class=\"wc-block-grid__product-link\">\n\t\t\t\t\t\t<div class=\"wc-block-grid__product-image\"><img loading=\"lazy\" decoding=\"async\" width=\"420\" height=\"280\" src=\"https:\/\/mydlamanufaktura.pl\/wp-content\/uploads\/2024\/06\/IMG_2877-420x280.jpg\" class=\"attachment-woocommerce_thumbnail size-woocommerce_thumbnail\" alt=\"Naturalne mas\u0142o shea\" srcset=\"https:\/\/mydlamanufaktura.pl\/wp-content\/uploads\/2024\/06\/IMG_2877-420x280.jpg 420w, https:\/\/mydlamanufaktura.pl\/wp-content\/uploads\/2024\/06\/IMG_2877-800x534.jpg 800w, https:\/\/mydlamanufaktura.pl\/wp-content\/uploads\/2024\/06\/IMG_2877-300x200.jpg 300w, https:\/\/mydlamanufaktura.pl\/wp-content\/uploads\/2024\/06\/IMG_2877-1024x683.jpg 1024w, https:\/\/mydlamanufaktura.pl\/wp-content\/uploads\/2024\/06\/IMG_2877-768x512.jpg 768w, https:\/\/mydlamanufaktura.pl\/wp-content\/uploads\/2024\/06\/IMG_2877-1536x1024.jpg 1536w, https:\/\/mydlamanufaktura.pl\/wp-content\/uploads\/2024\/06\/IMG_2877.jpg 1600w\" sizes=\"auto, (max-width: 420px) 100vw, 420px\" \/><\/div>\n\t\t\t\t\t<\/a><a href=\"https:\/\/mydlamanufaktura.pl\/?product=naturalne-maslo-shea\" aria-label=\"Wybierz opcje dla &bdquo;Naturalne mas\u0142o shea&rdquo;\" data-quantity=\"1\" data-product_id=\"35\" data-product_sku=\"\" rel=\"nofollow\" class=\"button wp-block-button__link add_to_cart_button\">Wybierz opcje<\/a><\/div><a href=\"https:\/\/mydlamanufaktura.pl\/?product=naturalne-maslo-shea\" class=\"wc-block-grid__product-link\">\n\t\t\t\t\t<div class=\"wc-block-grid__product-title\">Naturalne mas\u0142o shea<\/div>\n\t\t\t\t<\/a><div class=\"wc-block-grid__product-price price\"><span class=\"woocommerce-Price-amount amount\" aria-hidden=\"true\">22,00&nbsp;<span class=\"woocommerce-Price-currencySymbol\">&#122;&#322;<\/span><\/span> <span aria-hidden=\"true\">&ndash;<\/span> <span class=\"woocommerce-Price-amount amount\" aria-hidden=\"true\">48,00&nbsp;<span class=\"woocommerce-Price-currencySymbol\">&#122;&#322;<\/span><\/span><span class=\"screen-reader-text\">Zakres cen: od 22,00&nbsp;&#122;&#322; do 48,00&nbsp;&#122;&#322;<\/span><\/div><\/li><\/ul><\/div>","protected":false},"excerpt":{"rendered":"","protected":false},"author":1,"featured_media":0,"parent":0,"menu_order":0,"comment_status":"closed","ping_status":"closed","template":"page.php","meta":{"_monsterinsights_skip_tracking":false,"_monsterinsights_sitenote_active":false,"_monsterinsights_sitenote_note":"","_monsterinsights_sitenote_category":0,"footnotes":""},"class_list":["post-953","page","type-page","status-publish","hentry"],"aioseo_notices":[],"jetpack_sharing_enabled":true,"_links":{"self":[{"href":"https:\/\/mydlamanufaktura.pl\/index.php?rest_route=\/wp\/v2\/pages\/953","targetHints":{"allow":["GET"]}}],"collection":[{"href":"https:\/\/mydlamanufaktura.pl\/index.php?rest_route=\/wp\/v2\/pages"}],"about":[{"href":"https:\/\/mydlamanufaktura.pl\/index.php?rest_route=\/wp\/v2\/types\/page"}],"author":[{"embeddable":true,"href":"https:\/\/mydlamanufaktura.pl\/index.php?rest_route=\/wp\/v2\/users\/1"}],"replies":[{"embeddable":true,"href":"https:\/\/mydlamanufaktura.pl\/index.php?rest_route=%2Fwp%2Fv2%2Fcomments&post=953"}],"version-history":[{"count":5,"href":"https:\/\/mydlamanufaktura.pl\/index.php?rest_route=\/wp\/v2\/pages\/953\/revisions"}],"predecessor-version":[{"id":1182,"href":"https:\/\/mydlamanufaktura.pl\/index.php?rest_route=\/wp\/v2\/pages\/953\/revisions\/1182"}],"wp:attachment":[{"href":"https:\/\/mydlamanufaktura.pl\/index.php?rest_route=%2Fwp%2Fv2%2Fmedia&parent=953"}],"curies":[{"name":"wp","href":"https:\/\/api.w.org\/{rel}","templated":true}]}}