{"id":16237,"date":"2026-03-25T16:38:35","date_gmt":"2026-03-25T16:38:35","guid":{"rendered":"https:\/\/mydlamanufaktura.pl\/?page_id=16237"},"modified":"2026-03-25T16:38:36","modified_gmt":"2026-03-25T16:38:36","slug":"esencje-perfum","status":"publish","type":"page","link":"https:\/\/mydlamanufaktura.pl\/?page_id=16237","title":{"rendered":"esencje perfum"},"content":{"rendered":"<div class=\"woocommerce columns-3 product-grid\"><div class=\"woocommerce-notices-wrapper\"><\/div><div class=\"woocommerce-sorting-wrapper\"><div class=\"row\"><div class=\"col-md-6 col-6 botiga-sorting-left\"><div class=\"botiga-sorting-left-inner\"><p class=\"woocommerce-result-count\" role=\"alert\" aria-relevant=\"all\" >\n\tWy\u015bwietlanie wszystkich wynik\u00f3w: 5<\/p>\n<\/div><\/div><div class=\"col-md-6 col-6 botiga-sorting-right\"><div class=\"botiga-sorting-right-inner\"><form class=\"woocommerce-ordering\" method=\"get\">\n\t\t<select\n\t\tname=\"orderby\"\n\t\tclass=\"orderby\"\n\t\t\t\t\taria-label=\"Zam\u00f3wienie w sklepie\"\n\t\t\t>\n\t\t\t\t\t<option value=\"menu_order\"  selected='selected'>Domy\u015blne sortowanie<\/option>\n\t\t\t\t\t<option value=\"popularity\" >Sortuj wg popularno\u015bci<\/option>\n\t\t\t\t\t<option value=\"rating\" >Sortuj wg \u015bredniej oceny<\/option>\n\t\t\t\t\t<option value=\"date\" >Sortuj od najnowszych<\/option>\n\t\t\t\t\t<option value=\"price\" >Sortuj po cenie od najni\u017cszej<\/option>\n\t\t\t\t\t<option value=\"price-desc\" >Sortuj po cenie od najwy\u017cszej<\/option>\n\t\t\t<\/select>\n\t<input type=\"hidden\" name=\"paged\" value=\"1\" \/>\n\t<input type=\"hidden\" name=\"rest_route\" value=\"\/wp\/v2\/pages\/16237\" \/><\/form>\n<\/div><\/div><\/div><\/div><ul class=\"products columns-3\">\n<li class=\"product type-product post-16245 status-publish first instock product_cat-perfumetki has-post-thumbnail shipping-taxable purchasable product-type-simple\">\n\t<a href=\"https:\/\/mydlamanufaktura.pl\/?product=esencja-perfum-lui-dessert\" class=\"woocommerce-LoopProduct-link woocommerce-loop-product__link\"><img loading=\"lazy\" decoding=\"async\" width=\"420\" height=\"280\" src=\"https:\/\/mydlamanufaktura.pl\/wp-content\/uploads\/2026\/03\/IMG_8223-420x280.jpg\" class=\"attachment-woocommerce_thumbnail size-woocommerce_thumbnail\" alt=\"Esencja perfum Lui Dessert\" srcset=\"https:\/\/mydlamanufaktura.pl\/wp-content\/uploads\/2026\/03\/IMG_8223-420x280.jpg 420w, https:\/\/mydlamanufaktura.pl\/wp-content\/uploads\/2026\/03\/IMG_8223-300x200.jpg 300w, https:\/\/mydlamanufaktura.pl\/wp-content\/uploads\/2026\/03\/IMG_8223-1024x683.jpg 1024w, https:\/\/mydlamanufaktura.pl\/wp-content\/uploads\/2026\/03\/IMG_8223-768x512.jpg 768w, https:\/\/mydlamanufaktura.pl\/wp-content\/uploads\/2026\/03\/IMG_8223-1536x1024.jpg 1536w, https:\/\/mydlamanufaktura.pl\/wp-content\/uploads\/2026\/03\/IMG_8223-1140x760.jpg 1140w, https:\/\/mydlamanufaktura.pl\/wp-content\/uploads\/2026\/03\/IMG_8223-920x614.jpg 920w, https:\/\/mydlamanufaktura.pl\/wp-content\/uploads\/2026\/03\/IMG_8223-575x383.jpg 575w, https:\/\/mydlamanufaktura.pl\/wp-content\/uploads\/2026\/03\/IMG_8223-380x253.jpg 380w, https:\/\/mydlamanufaktura.pl\/wp-content\/uploads\/2026\/03\/IMG_8223-800x534.jpg 800w, https:\/\/mydlamanufaktura.pl\/wp-content\/uploads\/2026\/03\/IMG_8223.jpg 1600w\" sizes=\"auto, (max-width: 420px) 100vw, 420px\" \/><h2 class=\"woocommerce-loop-product__title\">Esencja perfum Lui Dessert<\/h2>\n\t<span class=\"price\"><span class=\"woocommerce-Price-amount amount\"><bdi>49,00&nbsp;<span class=\"woocommerce-Price-currencySymbol\">&#122;&#322;<\/span><\/bdi><\/span><\/span>\n<\/a><a href=\"\/index.php?rest_route=%2Fwp%2Fv2%2Fpages%2F16237&#038;add-to-cart=16245\" aria-describedby=\"woocommerce_loop_add_to_cart_link_describedby_16245\" data-quantity=\"1\" class=\"button product_type_simple add_to_cart_button ajax_add_to_cart\" data-product_id=\"16245\" data-product_sku=\"\" aria-label=\"Dodaj do koszyka: &bdquo;Esencja perfum Lui Dessert&rdquo;\" rel=\"nofollow\" data-success_message=\"&ldquo;Esencja perfum Lui Dessert&rdquo; zosta\u0142 dodany do twojego koszyka\" role=\"button\">Dodaj do koszyka<\/a>\t<span id=\"woocommerce_loop_add_to_cart_link_describedby_16245\" class=\"screen-reader-text\">\n\t\t\t<\/span>\n<\/li>\n<li class=\"product type-product post-16254 status-publish instock product_cat-perfumetki has-post-thumbnail shipping-taxable purchasable product-type-simple\">\n\t<a href=\"https:\/\/mydlamanufaktura.pl\/?product=esencja-perfum-mademoiselle\" class=\"woocommerce-LoopProduct-link woocommerce-loop-product__link\"><img loading=\"lazy\" decoding=\"async\" width=\"420\" height=\"294\" src=\"https:\/\/mydlamanufaktura.pl\/wp-content\/uploads\/2026\/03\/IMG_8265-e1774458276877-420x294.jpg\" class=\"attachment-woocommerce_thumbnail size-woocommerce_thumbnail\" alt=\"Esencja perfum Mademoiselle\" srcset=\"https:\/\/mydlamanufaktura.pl\/wp-content\/uploads\/2026\/03\/IMG_8265-e1774458276877-420x294.jpg 420w, https:\/\/mydlamanufaktura.pl\/wp-content\/uploads\/2026\/03\/IMG_8265-e1774458276877-300x210.jpg 300w, https:\/\/mydlamanufaktura.pl\/wp-content\/uploads\/2026\/03\/IMG_8265-e1774458276877-1024x716.jpg 1024w, https:\/\/mydlamanufaktura.pl\/wp-content\/uploads\/2026\/03\/IMG_8265-e1774458276877-768x537.jpg 768w, https:\/\/mydlamanufaktura.pl\/wp-content\/uploads\/2026\/03\/IMG_8265-e1774458276877-1140x797.jpg 1140w, https:\/\/mydlamanufaktura.pl\/wp-content\/uploads\/2026\/03\/IMG_8265-e1774458276877-920x643.jpg 920w, https:\/\/mydlamanufaktura.pl\/wp-content\/uploads\/2026\/03\/IMG_8265-e1774458276877-575x402.jpg 575w, https:\/\/mydlamanufaktura.pl\/wp-content\/uploads\/2026\/03\/IMG_8265-e1774458276877-380x266.jpg 380w, https:\/\/mydlamanufaktura.pl\/wp-content\/uploads\/2026\/03\/IMG_8265-e1774458276877-800x559.jpg 800w, https:\/\/mydlamanufaktura.pl\/wp-content\/uploads\/2026\/03\/IMG_8265-e1774458276877.jpg 1290w\" sizes=\"auto, (max-width: 420px) 100vw, 420px\" \/><h2 class=\"woocommerce-loop-product__title\">Esencja perfum Mademoiselle<\/h2>\n\t<span class=\"price\"><span class=\"woocommerce-Price-amount amount\"><bdi>49,00&nbsp;<span class=\"woocommerce-Price-currencySymbol\">&#122;&#322;<\/span><\/bdi><\/span><\/span>\n<\/a><a href=\"\/index.php?rest_route=%2Fwp%2Fv2%2Fpages%2F16237&#038;add-to-cart=16254\" aria-describedby=\"woocommerce_loop_add_to_cart_link_describedby_16254\" data-quantity=\"1\" class=\"button product_type_simple add_to_cart_button ajax_add_to_cart\" data-product_id=\"16254\" data-product_sku=\"\" aria-label=\"Dodaj do koszyka: &bdquo;Esencja perfum Mademoiselle&rdquo;\" rel=\"nofollow\" data-success_message=\"&ldquo;Esencja perfum Mademoiselle&rdquo; zosta\u0142 dodany do twojego koszyka\" role=\"button\">Dodaj do koszyka<\/a>\t<span id=\"woocommerce_loop_add_to_cart_link_describedby_16254\" class=\"screen-reader-text\">\n\t\t\t<\/span>\n<\/li>\n<li class=\"product type-product post-16251 status-publish last instock product_cat-perfumetki has-post-thumbnail shipping-taxable purchasable product-type-simple\">\n\t<a href=\"https:\/\/mydlamanufaktura.pl\/?product=esencja-perfum-sisi\" class=\"woocommerce-LoopProduct-link woocommerce-loop-product__link\"><img loading=\"lazy\" decoding=\"async\" width=\"420\" height=\"280\" src=\"https:\/\/mydlamanufaktura.pl\/wp-content\/uploads\/2026\/03\/IMG_8240-420x280.jpg\" class=\"attachment-woocommerce_thumbnail size-woocommerce_thumbnail\" alt=\"Esencja perfum Sisi\" srcset=\"https:\/\/mydlamanufaktura.pl\/wp-content\/uploads\/2026\/03\/IMG_8240-420x280.jpg 420w, https:\/\/mydlamanufaktura.pl\/wp-content\/uploads\/2026\/03\/IMG_8240-300x200.jpg 300w, https:\/\/mydlamanufaktura.pl\/wp-content\/uploads\/2026\/03\/IMG_8240-1024x683.jpg 1024w, https:\/\/mydlamanufaktura.pl\/wp-content\/uploads\/2026\/03\/IMG_8240-768x512.jpg 768w, https:\/\/mydlamanufaktura.pl\/wp-content\/uploads\/2026\/03\/IMG_8240-1536x1024.jpg 1536w, https:\/\/mydlamanufaktura.pl\/wp-content\/uploads\/2026\/03\/IMG_8240-1140x760.jpg 1140w, https:\/\/mydlamanufaktura.pl\/wp-content\/uploads\/2026\/03\/IMG_8240-920x614.jpg 920w, https:\/\/mydlamanufaktura.pl\/wp-content\/uploads\/2026\/03\/IMG_8240-575x383.jpg 575w, https:\/\/mydlamanufaktura.pl\/wp-content\/uploads\/2026\/03\/IMG_8240-380x253.jpg 380w, https:\/\/mydlamanufaktura.pl\/wp-content\/uploads\/2026\/03\/IMG_8240-800x534.jpg 800w, https:\/\/mydlamanufaktura.pl\/wp-content\/uploads\/2026\/03\/IMG_8240.jpg 1600w\" sizes=\"auto, (max-width: 420px) 100vw, 420px\" \/><h2 class=\"woocommerce-loop-product__title\">Esencja perfum Sisi<\/h2>\n\t<span class=\"price\"><span class=\"woocommerce-Price-amount amount\"><bdi>49,00&nbsp;<span class=\"woocommerce-Price-currencySymbol\">&#122;&#322;<\/span><\/bdi><\/span><\/span>\n<\/a><a href=\"\/index.php?rest_route=%2Fwp%2Fv2%2Fpages%2F16237&#038;add-to-cart=16251\" aria-describedby=\"woocommerce_loop_add_to_cart_link_describedby_16251\" data-quantity=\"1\" class=\"button product_type_simple add_to_cart_button ajax_add_to_cart\" data-product_id=\"16251\" data-product_sku=\"\" aria-label=\"Dodaj do koszyka: &bdquo;Esencja perfum Sisi&rdquo;\" rel=\"nofollow\" data-success_message=\"&ldquo;Esencja perfum Sisi&rdquo; zosta\u0142 dodany do twojego koszyka\" role=\"button\">Dodaj do koszyka<\/a>\t<span id=\"woocommerce_loop_add_to_cart_link_describedby_16251\" class=\"screen-reader-text\">\n\t\t\t<\/span>\n<\/li>\n<li class=\"product type-product post-16248 status-publish first instock product_cat-perfumetki has-post-thumbnail shipping-taxable purchasable product-type-simple\">\n\t<a href=\"https:\/\/mydlamanufaktura.pl\/?product=esencja-perfum-swiezy-bambus\" class=\"woocommerce-LoopProduct-link woocommerce-loop-product__link\"><img loading=\"lazy\" decoding=\"async\" width=\"420\" height=\"280\" src=\"https:\/\/mydlamanufaktura.pl\/wp-content\/uploads\/2026\/03\/IMG_8175-420x280.jpg\" class=\"attachment-woocommerce_thumbnail size-woocommerce_thumbnail\" alt=\"Esencja perfum \u015awie\u017cy bambus\" srcset=\"https:\/\/mydlamanufaktura.pl\/wp-content\/uploads\/2026\/03\/IMG_8175-420x280.jpg 420w, https:\/\/mydlamanufaktura.pl\/wp-content\/uploads\/2026\/03\/IMG_8175-300x200.jpg 300w, https:\/\/mydlamanufaktura.pl\/wp-content\/uploads\/2026\/03\/IMG_8175-1024x683.jpg 1024w, https:\/\/mydlamanufaktura.pl\/wp-content\/uploads\/2026\/03\/IMG_8175-768x512.jpg 768w, https:\/\/mydlamanufaktura.pl\/wp-content\/uploads\/2026\/03\/IMG_8175-1536x1024.jpg 1536w, https:\/\/mydlamanufaktura.pl\/wp-content\/uploads\/2026\/03\/IMG_8175-1140x760.jpg 1140w, https:\/\/mydlamanufaktura.pl\/wp-content\/uploads\/2026\/03\/IMG_8175-920x614.jpg 920w, https:\/\/mydlamanufaktura.pl\/wp-content\/uploads\/2026\/03\/IMG_8175-575x383.jpg 575w, https:\/\/mydlamanufaktura.pl\/wp-content\/uploads\/2026\/03\/IMG_8175-380x253.jpg 380w, https:\/\/mydlamanufaktura.pl\/wp-content\/uploads\/2026\/03\/IMG_8175-800x534.jpg 800w, https:\/\/mydlamanufaktura.pl\/wp-content\/uploads\/2026\/03\/IMG_8175.jpg 1600w\" sizes=\"auto, (max-width: 420px) 100vw, 420px\" \/><h2 class=\"woocommerce-loop-product__title\">Esencja perfum \u015awie\u017cy bambus<\/h2>\n\t<span class=\"price\"><span class=\"woocommerce-Price-amount amount\"><bdi>49,00&nbsp;<span class=\"woocommerce-Price-currencySymbol\">&#122;&#322;<\/span><\/bdi><\/span><\/span>\n<\/a><a href=\"\/index.php?rest_route=%2Fwp%2Fv2%2Fpages%2F16237&#038;add-to-cart=16248\" aria-describedby=\"woocommerce_loop_add_to_cart_link_describedby_16248\" data-quantity=\"1\" class=\"button product_type_simple add_to_cart_button ajax_add_to_cart\" data-product_id=\"16248\" data-product_sku=\"\" aria-label=\"Dodaj do koszyka: &bdquo;Esencja perfum \u015awie\u017cy bambus&rdquo;\" rel=\"nofollow\" data-success_message=\"&ldquo;Esencja perfum \u015awie\u017cy bambus&rdquo; zosta\u0142 dodany do twojego koszyka\" role=\"button\">Dodaj do koszyka<\/a>\t<span id=\"woocommerce_loop_add_to_cart_link_describedby_16248\" class=\"screen-reader-text\">\n\t\t\t<\/span>\n<\/li>\n<li class=\"product type-product post-16010 status-publish instock product_cat-perfumetki has-post-thumbnail shipping-taxable purchasable product-type-simple\">\n\t<a href=\"https:\/\/mydlamanufaktura.pl\/?product=elixir-de-perfum-esencja-zapachu\" class=\"woocommerce-LoopProduct-link woocommerce-loop-product__link\"><img loading=\"lazy\" decoding=\"async\" width=\"420\" height=\"280\" src=\"https:\/\/mydlamanufaktura.pl\/wp-content\/uploads\/2026\/01\/IMG_8147-420x280.jpg\" class=\"attachment-woocommerce_thumbnail size-woocommerce_thumbnail\" alt=\"Esencja perfum Wanilia francuska\" srcset=\"https:\/\/mydlamanufaktura.pl\/wp-content\/uploads\/2026\/01\/IMG_8147-420x280.jpg 420w, https:\/\/mydlamanufaktura.pl\/wp-content\/uploads\/2026\/01\/IMG_8147-300x200.jpg 300w, https:\/\/mydlamanufaktura.pl\/wp-content\/uploads\/2026\/01\/IMG_8147-1024x683.jpg 1024w, https:\/\/mydlamanufaktura.pl\/wp-content\/uploads\/2026\/01\/IMG_8147-768x512.jpg 768w, https:\/\/mydlamanufaktura.pl\/wp-content\/uploads\/2026\/01\/IMG_8147-1536x1024.jpg 1536w, https:\/\/mydlamanufaktura.pl\/wp-content\/uploads\/2026\/01\/IMG_8147-1140x760.jpg 1140w, https:\/\/mydlamanufaktura.pl\/wp-content\/uploads\/2026\/01\/IMG_8147-920x614.jpg 920w, https:\/\/mydlamanufaktura.pl\/wp-content\/uploads\/2026\/01\/IMG_8147-575x383.jpg 575w, https:\/\/mydlamanufaktura.pl\/wp-content\/uploads\/2026\/01\/IMG_8147-380x253.jpg 380w, https:\/\/mydlamanufaktura.pl\/wp-content\/uploads\/2026\/01\/IMG_8147-800x534.jpg 800w, https:\/\/mydlamanufaktura.pl\/wp-content\/uploads\/2026\/01\/IMG_8147.jpg 1600w\" sizes=\"auto, (max-width: 420px) 100vw, 420px\" \/><h2 class=\"woocommerce-loop-product__title\">Esencja perfum Wanilia francuska<\/h2>\n\t<span class=\"price\"><span class=\"woocommerce-Price-amount amount\"><bdi>49,00&nbsp;<span class=\"woocommerce-Price-currencySymbol\">&#122;&#322;<\/span><\/bdi><\/span><\/span>\n<\/a><a href=\"\/index.php?rest_route=%2Fwp%2Fv2%2Fpages%2F16237&#038;add-to-cart=16010\" aria-describedby=\"woocommerce_loop_add_to_cart_link_describedby_16010\" data-quantity=\"1\" class=\"button product_type_simple add_to_cart_button ajax_add_to_cart\" data-product_id=\"16010\" data-product_sku=\"\" aria-label=\"Dodaj do koszyka: &bdquo;Esencja perfum Wanilia francuska&rdquo;\" rel=\"nofollow\" data-success_message=\"&ldquo;Esencja perfum Wanilia francuska&rdquo; zosta\u0142 dodany do twojego koszyka\" role=\"button\">Dodaj do koszyka<\/a>\t<span id=\"woocommerce_loop_add_to_cart_link_describedby_16010\" class=\"screen-reader-text\">\n\t\t\t<\/span>\n<\/li>\n<\/ul>\n<\/div>\n","protected":false},"excerpt":{"rendered":"","protected":false},"author":27,"featured_media":0,"parent":0,"menu_order":0,"comment_status":"closed","ping_status":"closed","template":"page.php","meta":{"_monsterinsights_skip_tracking":false,"_monsterinsights_sitenote_active":false,"_monsterinsights_sitenote_note":"","_monsterinsights_sitenote_category":0,"footnotes":""},"class_list":["post-16237","page","type-page","status-publish","hentry"],"aioseo_notices":[],"jetpack_sharing_enabled":true,"_links":{"self":[{"href":"https:\/\/mydlamanufaktura.pl\/index.php?rest_route=\/wp\/v2\/pages\/16237","targetHints":{"allow":["GET"]}}],"collection":[{"href":"https:\/\/mydlamanufaktura.pl\/index.php?rest_route=\/wp\/v2\/pages"}],"about":[{"href":"https:\/\/mydlamanufaktura.pl\/index.php?rest_route=\/wp\/v2\/types\/page"}],"author":[{"embeddable":true,"href":"https:\/\/mydlamanufaktura.pl\/index.php?rest_route=\/wp\/v2\/users\/27"}],"replies":[{"embeddable":true,"href":"https:\/\/mydlamanufaktura.pl\/index.php?rest_route=%2Fwp%2Fv2%2Fcomments&post=16237"}],"version-history":[{"count":2,"href":"https:\/\/mydlamanufaktura.pl\/index.php?rest_route=\/wp\/v2\/pages\/16237\/revisions"}],"predecessor-version":[{"id":16241,"href":"https:\/\/mydlamanufaktura.pl\/index.php?rest_route=\/wp\/v2\/pages\/16237\/revisions\/16241"}],"wp:attachment":[{"href":"https:\/\/mydlamanufaktura.pl\/index.php?rest_route=%2Fwp%2Fv2%2Fmedia&parent=16237"}],"curies":[{"name":"wp","href":"https:\/\/api.w.org\/{rel}","templated":true}]}}