{"id":15136,"date":"2025-06-06T13:55:01","date_gmt":"2025-06-06T13:55:01","guid":{"rendered":"https:\/\/mydlamanufaktura.pl\/?page_id=15136"},"modified":"2025-06-06T13:55:02","modified_gmt":"2025-06-06T13:55:02","slug":"seria-meska","status":"publish","type":"page","link":"https:\/\/mydlamanufaktura.pl\/?page_id=15136","title":{"rendered":"seria m\u0119ska"},"content":{"rendered":"<div class=\"woocommerce columns-3 product-grid\"><div class=\"woocommerce-notices-wrapper\"><\/div><div class=\"woocommerce-sorting-wrapper\"><div class=\"row\"><div class=\"col-md-6 col-6 botiga-sorting-left\"><div class=\"botiga-sorting-left-inner\"><p class=\"woocommerce-result-count\" role=\"alert\" aria-relevant=\"all\" >\n\tWy\u015bwietlanie wszystkich wynik\u00f3w: 6<\/p>\n<\/div><\/div><div class=\"col-md-6 col-6 botiga-sorting-right\"><div class=\"botiga-sorting-right-inner\"><form class=\"woocommerce-ordering\" method=\"get\">\n\t\t<select\n\t\tname=\"orderby\"\n\t\tclass=\"orderby\"\n\t\t\t\t\taria-label=\"Zam\u00f3wienie w sklepie\"\n\t\t\t>\n\t\t\t\t\t<option value=\"menu_order\"  selected='selected'>Domy\u015blne sortowanie<\/option>\n\t\t\t\t\t<option value=\"popularity\" >Sortuj wg popularno\u015bci<\/option>\n\t\t\t\t\t<option value=\"rating\" >Sortuj wg \u015bredniej oceny<\/option>\n\t\t\t\t\t<option value=\"date\" >Sortuj od najnowszych<\/option>\n\t\t\t\t\t<option value=\"price\" >Sortuj po cenie od najni\u017cszej<\/option>\n\t\t\t\t\t<option value=\"price-desc\" >Sortuj po cenie od najwy\u017cszej<\/option>\n\t\t\t<\/select>\n\t<input type=\"hidden\" name=\"paged\" value=\"1\" \/>\n\t<input type=\"hidden\" name=\"rest_route\" value=\"\/wp\/v2\/pages\/15136\" \/><\/form>\n<\/div><\/div><\/div><\/div><ul class=\"products columns-3\">\n<li class=\"product type-product post-16063 status-publish first instock product_cat-seria-meska product_cat-sole-kapielowe has-post-thumbnail shipping-taxable purchasable product-type-simple\">\n\t<a href=\"https:\/\/mydlamanufaktura.pl\/?product=aromatyzowana-sol-do-kapieli-600-g-men\" class=\"woocommerce-LoopProduct-link woocommerce-loop-product__link\"><img loading=\"lazy\" decoding=\"async\" width=\"420\" height=\"280\" src=\"https:\/\/mydlamanufaktura.pl\/wp-content\/uploads\/2026\/01\/DSC07007-420x280.jpg\" class=\"attachment-woocommerce_thumbnail size-woocommerce_thumbnail\" alt=\"Aromatyzowana s\u00f3l do k\u0105pieli 600 g MEN\" srcset=\"https:\/\/mydlamanufaktura.pl\/wp-content\/uploads\/2026\/01\/DSC07007-420x280.jpg 420w, https:\/\/mydlamanufaktura.pl\/wp-content\/uploads\/2026\/01\/DSC07007-300x200.jpg 300w, https:\/\/mydlamanufaktura.pl\/wp-content\/uploads\/2026\/01\/DSC07007-1024x683.jpg 1024w, https:\/\/mydlamanufaktura.pl\/wp-content\/uploads\/2026\/01\/DSC07007-768x512.jpg 768w, https:\/\/mydlamanufaktura.pl\/wp-content\/uploads\/2026\/01\/DSC07007-1536x1024.jpg 1536w, https:\/\/mydlamanufaktura.pl\/wp-content\/uploads\/2026\/01\/DSC07007-1140x760.jpg 1140w, https:\/\/mydlamanufaktura.pl\/wp-content\/uploads\/2026\/01\/DSC07007-920x614.jpg 920w, https:\/\/mydlamanufaktura.pl\/wp-content\/uploads\/2026\/01\/DSC07007-575x383.jpg 575w, https:\/\/mydlamanufaktura.pl\/wp-content\/uploads\/2026\/01\/DSC07007-380x253.jpg 380w, https:\/\/mydlamanufaktura.pl\/wp-content\/uploads\/2026\/01\/DSC07007-800x534.jpg 800w, https:\/\/mydlamanufaktura.pl\/wp-content\/uploads\/2026\/01\/DSC07007.jpg 1600w\" sizes=\"auto, (max-width: 420px) 100vw, 420px\" \/><h2 class=\"woocommerce-loop-product__title\">Aromatyzowana s\u00f3l do k\u0105pieli 600 g MEN<\/h2>\n\t<span class=\"price\"><span class=\"woocommerce-Price-amount amount\"><bdi>16,00&nbsp;<span class=\"woocommerce-Price-currencySymbol\">&#122;&#322;<\/span><\/bdi><\/span><\/span>\n<\/a><a href=\"\/index.php?rest_route=%2Fwp%2Fv2%2Fpages%2F15136&#038;add-to-cart=16063\" aria-describedby=\"woocommerce_loop_add_to_cart_link_describedby_16063\" data-quantity=\"1\" class=\"button product_type_simple add_to_cart_button ajax_add_to_cart\" data-product_id=\"16063\" data-product_sku=\"\" aria-label=\"Dodaj do koszyka: &bdquo;Aromatyzowana s\u00f3l do k\u0105pieli 600 g MEN&rdquo;\" rel=\"nofollow\" data-success_message=\"&ldquo;Aromatyzowana s\u00f3l do k\u0105pieli 600 g MEN&rdquo; zosta\u0142 dodany do twojego koszyka\" role=\"button\">Dodaj do koszyka<\/a>\t<span id=\"woocommerce_loop_add_to_cart_link_describedby_16063\" class=\"screen-reader-text\">\n\t\t\t<\/span>\n<\/li>\n<li class=\"product type-product post-15130 status-publish instock product_cat-pielegnacja product_cat-seria-meska has-post-thumbnail shipping-taxable purchasable product-type-simple\">\n\t<a href=\"https:\/\/mydlamanufaktura.pl\/?product=mus-peelingujacy-do-mycia-ciala-men\" class=\"woocommerce-LoopProduct-link woocommerce-loop-product__link\"><img loading=\"lazy\" decoding=\"async\" width=\"420\" height=\"280\" src=\"https:\/\/mydlamanufaktura.pl\/wp-content\/uploads\/2025\/06\/DSC06378-420x280.jpg\" class=\"attachment-woocommerce_thumbnail size-woocommerce_thumbnail\" alt=\"Mus peelinguj\u0105cy do mycia cia\u0142a MEN\" srcset=\"https:\/\/mydlamanufaktura.pl\/wp-content\/uploads\/2025\/06\/DSC06378-420x280.jpg 420w, https:\/\/mydlamanufaktura.pl\/wp-content\/uploads\/2025\/06\/DSC06378-300x200.jpg 300w, https:\/\/mydlamanufaktura.pl\/wp-content\/uploads\/2025\/06\/DSC06378-1024x683.jpg 1024w, https:\/\/mydlamanufaktura.pl\/wp-content\/uploads\/2025\/06\/DSC06378-768x512.jpg 768w, https:\/\/mydlamanufaktura.pl\/wp-content\/uploads\/2025\/06\/DSC06378-1536x1024.jpg 1536w, https:\/\/mydlamanufaktura.pl\/wp-content\/uploads\/2025\/06\/DSC06378-1140x760.jpg 1140w, https:\/\/mydlamanufaktura.pl\/wp-content\/uploads\/2025\/06\/DSC06378-920x614.jpg 920w, https:\/\/mydlamanufaktura.pl\/wp-content\/uploads\/2025\/06\/DSC06378-575x383.jpg 575w, https:\/\/mydlamanufaktura.pl\/wp-content\/uploads\/2025\/06\/DSC06378-380x253.jpg 380w, https:\/\/mydlamanufaktura.pl\/wp-content\/uploads\/2025\/06\/DSC06378-800x534.jpg 800w, https:\/\/mydlamanufaktura.pl\/wp-content\/uploads\/2025\/06\/DSC06378.jpg 1600w\" sizes=\"auto, (max-width: 420px) 100vw, 420px\" \/><h2 class=\"woocommerce-loop-product__title\">Mus peelinguj\u0105cy do mycia cia\u0142a MEN<\/h2>\n\t<span class=\"price\"><span class=\"woocommerce-Price-amount amount\"><bdi>36,00&nbsp;<span class=\"woocommerce-Price-currencySymbol\">&#122;&#322;<\/span><\/bdi><\/span><\/span>\n<\/a><a href=\"\/index.php?rest_route=%2Fwp%2Fv2%2Fpages%2F15136&#038;add-to-cart=15130\" aria-describedby=\"woocommerce_loop_add_to_cart_link_describedby_15130\" data-quantity=\"1\" class=\"button product_type_simple add_to_cart_button ajax_add_to_cart\" data-product_id=\"15130\" data-product_sku=\"\" aria-label=\"Dodaj do koszyka: &bdquo;Mus peelinguj\u0105cy do mycia cia\u0142a MEN&rdquo;\" rel=\"nofollow\" data-success_message=\"&ldquo;Mus peelinguj\u0105cy do mycia cia\u0142a MEN&rdquo; zosta\u0142 dodany do twojego koszyka\" role=\"button\">Dodaj do koszyka<\/a>\t<span id=\"woocommerce_loop_add_to_cart_link_describedby_15130\" class=\"screen-reader-text\">\n\t\t\t<\/span>\n<\/li>\n<li class=\"product type-product post-15132 status-publish last instock product_cat-mydla product_cat-mydla-z-formy product_cat-prezenty product_cat-produkty-okazjonalne product_cat-seria-meska has-post-thumbnail shipping-taxable purchasable product-type-simple\">\n\t<a href=\"https:\/\/mydlamanufaktura.pl\/?product=mydlo-men\" class=\"woocommerce-LoopProduct-link woocommerce-loop-product__link\"><img loading=\"lazy\" decoding=\"async\" width=\"420\" height=\"280\" src=\"https:\/\/mydlamanufaktura.pl\/wp-content\/uploads\/2025\/06\/DSC06383-420x280.jpg\" class=\"attachment-woocommerce_thumbnail size-woocommerce_thumbnail\" alt=\"Myd\u0142o MEN\" srcset=\"https:\/\/mydlamanufaktura.pl\/wp-content\/uploads\/2025\/06\/DSC06383-420x280.jpg 420w, https:\/\/mydlamanufaktura.pl\/wp-content\/uploads\/2025\/06\/DSC06383-300x200.jpg 300w, https:\/\/mydlamanufaktura.pl\/wp-content\/uploads\/2025\/06\/DSC06383-1024x683.jpg 1024w, https:\/\/mydlamanufaktura.pl\/wp-content\/uploads\/2025\/06\/DSC06383-768x512.jpg 768w, https:\/\/mydlamanufaktura.pl\/wp-content\/uploads\/2025\/06\/DSC06383-1536x1024.jpg 1536w, https:\/\/mydlamanufaktura.pl\/wp-content\/uploads\/2025\/06\/DSC06383-1140x760.jpg 1140w, https:\/\/mydlamanufaktura.pl\/wp-content\/uploads\/2025\/06\/DSC06383-920x614.jpg 920w, https:\/\/mydlamanufaktura.pl\/wp-content\/uploads\/2025\/06\/DSC06383-575x383.jpg 575w, https:\/\/mydlamanufaktura.pl\/wp-content\/uploads\/2025\/06\/DSC06383-380x253.jpg 380w, https:\/\/mydlamanufaktura.pl\/wp-content\/uploads\/2025\/06\/DSC06383-800x534.jpg 800w, https:\/\/mydlamanufaktura.pl\/wp-content\/uploads\/2025\/06\/DSC06383.jpg 1600w\" sizes=\"auto, (max-width: 420px) 100vw, 420px\" \/><h2 class=\"woocommerce-loop-product__title\">Myd\u0142o MEN<\/h2>\n\t<span class=\"price\"><span class=\"woocommerce-Price-amount amount\"><bdi>16,00&nbsp;<span class=\"woocommerce-Price-currencySymbol\">&#122;&#322;<\/span><\/bdi><\/span><\/span>\n<\/a><a href=\"\/index.php?rest_route=%2Fwp%2Fv2%2Fpages%2F15136&#038;add-to-cart=15132\" aria-describedby=\"woocommerce_loop_add_to_cart_link_describedby_15132\" data-quantity=\"1\" class=\"button product_type_simple add_to_cart_button ajax_add_to_cart\" data-product_id=\"15132\" data-product_sku=\"\" aria-label=\"Dodaj do koszyka: &bdquo;Myd\u0142o MEN&rdquo;\" rel=\"nofollow\" data-success_message=\"&ldquo;Myd\u0142o MEN&rdquo; zosta\u0142 dodany do twojego koszyka\" role=\"button\">Dodaj do koszyka<\/a>\t<span id=\"woocommerce_loop_add_to_cart_link_describedby_15132\" class=\"screen-reader-text\">\n\t\t\t<\/span>\n<\/li>\n<li class=\"product type-product post-15125 status-publish first instock product_cat-gabinety-spa product_cat-pielegnacja product_cat-seria-meska has-post-thumbnail shipping-taxable purchasable product-type-simple\">\n\t<a href=\"https:\/\/mydlamanufaktura.pl\/?product=olejek-do-ciala-i-brody-men\" class=\"woocommerce-LoopProduct-link woocommerce-loop-product__link\"><img loading=\"lazy\" decoding=\"async\" width=\"420\" height=\"280\" src=\"https:\/\/mydlamanufaktura.pl\/wp-content\/uploads\/2025\/06\/DSC06342-420x280.jpg\" class=\"attachment-woocommerce_thumbnail size-woocommerce_thumbnail\" alt=\"Olejek do cia\u0142a MEN\" srcset=\"https:\/\/mydlamanufaktura.pl\/wp-content\/uploads\/2025\/06\/DSC06342-420x280.jpg 420w, https:\/\/mydlamanufaktura.pl\/wp-content\/uploads\/2025\/06\/DSC06342-300x200.jpg 300w, https:\/\/mydlamanufaktura.pl\/wp-content\/uploads\/2025\/06\/DSC06342-1024x683.jpg 1024w, https:\/\/mydlamanufaktura.pl\/wp-content\/uploads\/2025\/06\/DSC06342-768x512.jpg 768w, https:\/\/mydlamanufaktura.pl\/wp-content\/uploads\/2025\/06\/DSC06342-1536x1024.jpg 1536w, https:\/\/mydlamanufaktura.pl\/wp-content\/uploads\/2025\/06\/DSC06342-1140x760.jpg 1140w, https:\/\/mydlamanufaktura.pl\/wp-content\/uploads\/2025\/06\/DSC06342-920x614.jpg 920w, https:\/\/mydlamanufaktura.pl\/wp-content\/uploads\/2025\/06\/DSC06342-575x383.jpg 575w, https:\/\/mydlamanufaktura.pl\/wp-content\/uploads\/2025\/06\/DSC06342-380x253.jpg 380w, https:\/\/mydlamanufaktura.pl\/wp-content\/uploads\/2025\/06\/DSC06342-800x534.jpg 800w, https:\/\/mydlamanufaktura.pl\/wp-content\/uploads\/2025\/06\/DSC06342.jpg 1600w\" sizes=\"auto, (max-width: 420px) 100vw, 420px\" \/><h2 class=\"woocommerce-loop-product__title\">Olejek do cia\u0142a MEN<\/h2>\n\t<span class=\"price\"><span class=\"woocommerce-Price-amount amount\"><bdi>36,00&nbsp;<span class=\"woocommerce-Price-currencySymbol\">&#122;&#322;<\/span><\/bdi><\/span><\/span>\n<\/a><a href=\"\/index.php?rest_route=%2Fwp%2Fv2%2Fpages%2F15136&#038;add-to-cart=15125\" aria-describedby=\"woocommerce_loop_add_to_cart_link_describedby_15125\" data-quantity=\"1\" class=\"button product_type_simple add_to_cart_button ajax_add_to_cart\" data-product_id=\"15125\" data-product_sku=\"\" aria-label=\"Dodaj do koszyka: &bdquo;Olejek do cia\u0142a MEN&rdquo;\" rel=\"nofollow\" data-success_message=\"&ldquo;Olejek do cia\u0142a MEN&rdquo; zosta\u0142 dodany do twojego koszyka\" role=\"button\">Dodaj do koszyka<\/a>\t<span id=\"woocommerce_loop_add_to_cart_link_describedby_15125\" class=\"screen-reader-text\">\n\t\t\t<\/span>\n<\/li>\n<li class=\"product type-product post-15133 status-publish instock product_cat-gabinety-spa product_cat-prezenty product_cat-seria-meska product_cat-swiece-ozdobne product_cat-swiece-sojowe has-post-thumbnail shipping-taxable purchasable product-type-simple\">\n\t<a href=\"https:\/\/mydlamanufaktura.pl\/?product=swieca-sojowa-retro-men\" class=\"woocommerce-LoopProduct-link woocommerce-loop-product__link\"><img loading=\"lazy\" decoding=\"async\" width=\"420\" height=\"283\" src=\"https:\/\/mydlamanufaktura.pl\/wp-content\/uploads\/2025\/06\/DSC06309-420x283.jpg\" class=\"attachment-woocommerce_thumbnail size-woocommerce_thumbnail\" alt=\"\u015awieca sojowa RETRO MEN\" srcset=\"https:\/\/mydlamanufaktura.pl\/wp-content\/uploads\/2025\/06\/DSC06309-420x283.jpg 420w, https:\/\/mydlamanufaktura.pl\/wp-content\/uploads\/2025\/06\/DSC06309-300x202.jpg 300w, https:\/\/mydlamanufaktura.pl\/wp-content\/uploads\/2025\/06\/DSC06309-1024x689.jpg 1024w, https:\/\/mydlamanufaktura.pl\/wp-content\/uploads\/2025\/06\/DSC06309-768x517.jpg 768w, https:\/\/mydlamanufaktura.pl\/wp-content\/uploads\/2025\/06\/DSC06309-1536x1034.jpg 1536w, https:\/\/mydlamanufaktura.pl\/wp-content\/uploads\/2025\/06\/DSC06309-1140x767.jpg 1140w, https:\/\/mydlamanufaktura.pl\/wp-content\/uploads\/2025\/06\/DSC06309-920x619.jpg 920w, https:\/\/mydlamanufaktura.pl\/wp-content\/uploads\/2025\/06\/DSC06309-575x387.jpg 575w, https:\/\/mydlamanufaktura.pl\/wp-content\/uploads\/2025\/06\/DSC06309-380x256.jpg 380w, https:\/\/mydlamanufaktura.pl\/wp-content\/uploads\/2025\/06\/DSC06309-800x539.jpg 800w, https:\/\/mydlamanufaktura.pl\/wp-content\/uploads\/2025\/06\/DSC06309.jpg 1600w\" sizes=\"auto, (max-width: 420px) 100vw, 420px\" \/><h2 class=\"woocommerce-loop-product__title\">\u015awieca sojowa RETRO MEN<\/h2>\n\t<span class=\"price\"><span class=\"woocommerce-Price-amount amount\"><bdi>49,00&nbsp;<span class=\"woocommerce-Price-currencySymbol\">&#122;&#322;<\/span><\/bdi><\/span><\/span>\n<\/a><a href=\"\/index.php?rest_route=%2Fwp%2Fv2%2Fpages%2F15136&#038;add-to-cart=15133\" aria-describedby=\"woocommerce_loop_add_to_cart_link_describedby_15133\" data-quantity=\"1\" class=\"button product_type_simple add_to_cart_button ajax_add_to_cart\" data-product_id=\"15133\" data-product_sku=\"\" aria-label=\"Dodaj do koszyka: &bdquo;\u015awieca sojowa RETRO MEN&rdquo;\" rel=\"nofollow\" data-success_message=\"&ldquo;\u015awieca sojowa RETRO MEN&rdquo; zosta\u0142 dodany do twojego koszyka\" role=\"button\">Dodaj do koszyka<\/a>\t<span id=\"woocommerce_loop_add_to_cart_link_describedby_15133\" class=\"screen-reader-text\">\n\t\t\t<\/span>\n<\/li>\n<li class=\"product type-product post-15127 status-publish last instock product_cat-gabinety-spa product_cat-pielegnacja product_cat-pozostale-wyroby product_cat-seria-meska has-post-thumbnail shipping-taxable purchasable product-type-simple\">\n\t<a href=\"https:\/\/mydlamanufaktura.pl\/?product=wosk-do-ciala-i-brody-men\" class=\"woocommerce-LoopProduct-link woocommerce-loop-product__link\"><img loading=\"lazy\" decoding=\"async\" width=\"420\" height=\"319\" src=\"https:\/\/mydlamanufaktura.pl\/wp-content\/uploads\/2025\/06\/DSC06350-e1749216412821-420x319.jpg\" class=\"attachment-woocommerce_thumbnail size-woocommerce_thumbnail\" alt=\"Wosk do cia\u0142a MEN\" srcset=\"https:\/\/mydlamanufaktura.pl\/wp-content\/uploads\/2025\/06\/DSC06350-e1749216412821-420x319.jpg 420w, https:\/\/mydlamanufaktura.pl\/wp-content\/uploads\/2025\/06\/DSC06350-e1749216412821-300x228.jpg 300w, https:\/\/mydlamanufaktura.pl\/wp-content\/uploads\/2025\/06\/DSC06350-e1749216412821-1024x779.jpg 1024w, https:\/\/mydlamanufaktura.pl\/wp-content\/uploads\/2025\/06\/DSC06350-e1749216412821-768x584.jpg 768w, https:\/\/mydlamanufaktura.pl\/wp-content\/uploads\/2025\/06\/DSC06350-e1749216412821-1140x867.jpg 1140w, https:\/\/mydlamanufaktura.pl\/wp-content\/uploads\/2025\/06\/DSC06350-e1749216412821-920x700.jpg 920w, https:\/\/mydlamanufaktura.pl\/wp-content\/uploads\/2025\/06\/DSC06350-e1749216412821-575x437.jpg 575w, https:\/\/mydlamanufaktura.pl\/wp-content\/uploads\/2025\/06\/DSC06350-e1749216412821-380x289.jpg 380w, https:\/\/mydlamanufaktura.pl\/wp-content\/uploads\/2025\/06\/DSC06350-e1749216412821-800x608.jpg 800w, https:\/\/mydlamanufaktura.pl\/wp-content\/uploads\/2025\/06\/DSC06350-e1749216412821.jpg 1403w\" sizes=\"auto, (max-width: 420px) 100vw, 420px\" \/><h2 class=\"woocommerce-loop-product__title\">Wosk do cia\u0142a MEN<\/h2>\n\t<span class=\"price\"><span class=\"woocommerce-Price-amount amount\"><bdi>25,00&nbsp;<span class=\"woocommerce-Price-currencySymbol\">&#122;&#322;<\/span><\/bdi><\/span><\/span>\n<\/a><a href=\"\/index.php?rest_route=%2Fwp%2Fv2%2Fpages%2F15136&#038;add-to-cart=15127\" aria-describedby=\"woocommerce_loop_add_to_cart_link_describedby_15127\" data-quantity=\"1\" class=\"button product_type_simple add_to_cart_button ajax_add_to_cart\" data-product_id=\"15127\" data-product_sku=\"\" aria-label=\"Dodaj do koszyka: &bdquo;Wosk do cia\u0142a MEN&rdquo;\" rel=\"nofollow\" data-success_message=\"&ldquo;Wosk do cia\u0142a MEN&rdquo; zosta\u0142 dodany do twojego koszyka\" role=\"button\">Dodaj do koszyka<\/a>\t<span id=\"woocommerce_loop_add_to_cart_link_describedby_15127\" class=\"screen-reader-text\">\n\t\t\t<\/span>\n<\/li>\n<\/ul>\n<\/div>\n\n\n\n<p><\/p>\n","protected":false},"excerpt":{"rendered":"","protected":false},"author":27,"featured_media":0,"parent":850,"menu_order":0,"comment_status":"closed","ping_status":"closed","template":"page.php","meta":{"_monsterinsights_skip_tracking":false,"_monsterinsights_sitenote_active":false,"_monsterinsights_sitenote_note":"","_monsterinsights_sitenote_category":0,"footnotes":""},"class_list":["post-15136","page","type-page","status-publish","hentry"],"aioseo_notices":[],"jetpack_sharing_enabled":true,"_links":{"self":[{"href":"https:\/\/mydlamanufaktura.pl\/index.php?rest_route=\/wp\/v2\/pages\/15136","targetHints":{"allow":["GET"]}}],"collection":[{"href":"https:\/\/mydlamanufaktura.pl\/index.php?rest_route=\/wp\/v2\/pages"}],"about":[{"href":"https:\/\/mydlamanufaktura.pl\/index.php?rest_route=\/wp\/v2\/types\/page"}],"author":[{"embeddable":true,"href":"https:\/\/mydlamanufaktura.pl\/index.php?rest_route=\/wp\/v2\/users\/27"}],"replies":[{"embeddable":true,"href":"https:\/\/mydlamanufaktura.pl\/index.php?rest_route=%2Fwp%2Fv2%2Fcomments&post=15136"}],"version-history":[{"count":2,"href":"https:\/\/mydlamanufaktura.pl\/index.php?rest_route=\/wp\/v2\/pages\/15136\/revisions"}],"predecessor-version":[{"id":15139,"href":"https:\/\/mydlamanufaktura.pl\/index.php?rest_route=\/wp\/v2\/pages\/15136\/revisions\/15139"}],"up":[{"embeddable":true,"href":"https:\/\/mydlamanufaktura.pl\/index.php?rest_route=\/wp\/v2\/pages\/850"}],"wp:attachment":[{"href":"https:\/\/mydlamanufaktura.pl\/index.php?rest_route=%2Fwp%2Fv2%2Fmedia&parent=15136"}],"curies":[{"name":"wp","href":"https:\/\/api.w.org\/{rel}","templated":true}]}}