{"id":13954,"date":"2024-09-18T10:33:35","date_gmt":"2024-09-18T10:33:35","guid":{"rendered":"https:\/\/mydlamanufaktura.pl\/?page_id=13954"},"modified":"2024-10-01T12:07:58","modified_gmt":"2024-10-01T12:07:58","slug":"zestawy-swiateczne","status":"publish","type":"page","link":"https:\/\/mydlamanufaktura.pl\/?page_id=13954","title":{"rendered":"Zestawy \u015bwi\u0105teczne"},"content":{"rendered":"\n<p><\/p>\n\n\n<div class=\"woocommerce columns-3 product-grid\"><div class=\"woocommerce-notices-wrapper\"><\/div><div class=\"woocommerce-sorting-wrapper\"><div class=\"row\"><div class=\"col-md-6 col-6 botiga-sorting-left\"><div class=\"botiga-sorting-left-inner\"><p class=\"woocommerce-result-count\" role=\"alert\" aria-relevant=\"all\" >\n\tWy\u015bwietlanie wszystkich wynik\u00f3w: 10<\/p>\n<\/div><\/div><div class=\"col-md-6 col-6 botiga-sorting-right\"><div class=\"botiga-sorting-right-inner\"><form class=\"woocommerce-ordering\" method=\"get\">\n\t\t<select\n\t\tname=\"orderby\"\n\t\tclass=\"orderby\"\n\t\t\t\t\taria-label=\"Zam\u00f3wienie w sklepie\"\n\t\t\t>\n\t\t\t\t\t<option value=\"menu_order\"  selected='selected'>Domy\u015blne sortowanie<\/option>\n\t\t\t\t\t<option value=\"popularity\" >Sortuj wg popularno\u015bci<\/option>\n\t\t\t\t\t<option value=\"rating\" >Sortuj wg \u015bredniej oceny<\/option>\n\t\t\t\t\t<option value=\"date\" >Sortuj od najnowszych<\/option>\n\t\t\t\t\t<option value=\"price\" >Sortuj po cenie od najni\u017cszej<\/option>\n\t\t\t\t\t<option value=\"price-desc\" >Sortuj po cenie od najwy\u017cszej<\/option>\n\t\t\t<\/select>\n\t<input type=\"hidden\" name=\"paged\" value=\"1\" \/>\n\t<input type=\"hidden\" name=\"rest_route\" value=\"\/wp\/v2\/pages\/13954\" \/><\/form>\n<\/div><\/div><\/div><\/div><ul class=\"products columns-3\">\n<li class=\"product type-product post-186 status-publish first outofstock product_cat-boze-narodzenie product_cat-zestawy-boze-narodzenie has-post-thumbnail shipping-taxable purchasable product-type-simple\">\n\t<a href=\"https:\/\/mydlamanufaktura.pl\/?product=zestaw-swiateczny-5\" class=\"woocommerce-LoopProduct-link woocommerce-loop-product__link\"><img loading=\"lazy\" decoding=\"async\" width=\"420\" height=\"280\" src=\"https:\/\/mydlamanufaktura.pl\/wp-content\/uploads\/2024\/06\/DSC08641-420x280.jpg\" class=\"attachment-woocommerce_thumbnail size-woocommerce_thumbnail\" alt=\"Zestaw \u015bwi\u0105teczny 1\" srcset=\"https:\/\/mydlamanufaktura.pl\/wp-content\/uploads\/2024\/06\/DSC08641-420x280.jpg 420w, https:\/\/mydlamanufaktura.pl\/wp-content\/uploads\/2024\/06\/DSC08641-300x200.jpg 300w, https:\/\/mydlamanufaktura.pl\/wp-content\/uploads\/2024\/06\/DSC08641-1024x683.jpg 1024w, https:\/\/mydlamanufaktura.pl\/wp-content\/uploads\/2024\/06\/DSC08641-768x512.jpg 768w, https:\/\/mydlamanufaktura.pl\/wp-content\/uploads\/2024\/06\/DSC08641-1536x1024.jpg 1536w, https:\/\/mydlamanufaktura.pl\/wp-content\/uploads\/2024\/06\/DSC08641-1140x760.jpg 1140w, https:\/\/mydlamanufaktura.pl\/wp-content\/uploads\/2024\/06\/DSC08641-920x614.jpg 920w, https:\/\/mydlamanufaktura.pl\/wp-content\/uploads\/2024\/06\/DSC08641-575x383.jpg 575w, https:\/\/mydlamanufaktura.pl\/wp-content\/uploads\/2024\/06\/DSC08641-380x253.jpg 380w, https:\/\/mydlamanufaktura.pl\/wp-content\/uploads\/2024\/06\/DSC08641-800x534.jpg 800w, https:\/\/mydlamanufaktura.pl\/wp-content\/uploads\/2024\/06\/DSC08641.jpg 1600w\" sizes=\"auto, (max-width: 420px) 100vw, 420px\" \/><h2 class=\"woocommerce-loop-product__title\">Zestaw \u015bwi\u0105teczny 1<\/h2>\n\t<span class=\"price\"><span class=\"woocommerce-Price-amount amount\"><bdi>45,00&nbsp;<span class=\"woocommerce-Price-currencySymbol\">&#122;&#322;<\/span><\/bdi><\/span><\/span>\n<\/a><a href=\"https:\/\/mydlamanufaktura.pl\/?product=zestaw-swiateczny-5\" aria-describedby=\"woocommerce_loop_add_to_cart_link_describedby_186\" data-quantity=\"1\" class=\"button product_type_simple\" data-product_id=\"186\" data-product_sku=\"\" aria-label=\"Przeczytaj wi\u0119cej o &bdquo;Zestaw \u015bwi\u0105teczny 1&rdquo;\" rel=\"nofollow\" data-success_message=\"\">Dowiedz si\u0119 wi\u0119cej<\/a>\t<span id=\"woocommerce_loop_add_to_cart_link_describedby_186\" class=\"screen-reader-text\">\n\t\t\t<\/span>\n<\/li>\n<li class=\"product type-product post-230 status-publish outofstock product_cat-boze-narodzenie product_cat-zestawy-boze-narodzenie has-post-thumbnail shipping-taxable purchasable product-type-simple\">\n\t<a href=\"https:\/\/mydlamanufaktura.pl\/?product=zestaw-swiateczny-2\" class=\"woocommerce-LoopProduct-link woocommerce-loop-product__link\"><img loading=\"lazy\" decoding=\"async\" width=\"420\" height=\"280\" src=\"https:\/\/mydlamanufaktura.pl\/wp-content\/uploads\/2024\/06\/IMG_2794-420x280.jpg\" class=\"attachment-woocommerce_thumbnail size-woocommerce_thumbnail\" alt=\"Zestaw \u015bwi\u0105teczny 2\" srcset=\"https:\/\/mydlamanufaktura.pl\/wp-content\/uploads\/2024\/06\/IMG_2794-420x280.jpg 420w, https:\/\/mydlamanufaktura.pl\/wp-content\/uploads\/2024\/06\/IMG_2794-800x534.jpg 800w, https:\/\/mydlamanufaktura.pl\/wp-content\/uploads\/2024\/06\/IMG_2794-300x200.jpg 300w, https:\/\/mydlamanufaktura.pl\/wp-content\/uploads\/2024\/06\/IMG_2794-1024x683.jpg 1024w, https:\/\/mydlamanufaktura.pl\/wp-content\/uploads\/2024\/06\/IMG_2794-768x512.jpg 768w, https:\/\/mydlamanufaktura.pl\/wp-content\/uploads\/2024\/06\/IMG_2794-1536x1024.jpg 1536w, https:\/\/mydlamanufaktura.pl\/wp-content\/uploads\/2024\/06\/IMG_2794.jpg 1600w\" sizes=\"auto, (max-width: 420px) 100vw, 420px\" \/><h2 class=\"woocommerce-loop-product__title\">Zestaw \u015bwi\u0105teczny 2<\/h2>\n\t<span class=\"price\"><span class=\"woocommerce-Price-amount amount\"><bdi>60,00&nbsp;<span class=\"woocommerce-Price-currencySymbol\">&#122;&#322;<\/span><\/bdi><\/span><\/span>\n<\/a><a href=\"https:\/\/mydlamanufaktura.pl\/?product=zestaw-swiateczny-2\" aria-describedby=\"woocommerce_loop_add_to_cart_link_describedby_230\" data-quantity=\"1\" class=\"button product_type_simple\" data-product_id=\"230\" data-product_sku=\"\" aria-label=\"Przeczytaj wi\u0119cej o &bdquo;Zestaw \u015bwi\u0105teczny 2&rdquo;\" rel=\"nofollow\" data-success_message=\"\">Dowiedz si\u0119 wi\u0119cej<\/a>\t<span id=\"woocommerce_loop_add_to_cart_link_describedby_230\" class=\"screen-reader-text\">\n\t\t\t<\/span>\n<\/li>\n<li class=\"product type-product post-313 status-publish last outofstock product_cat-boze-narodzenie product_cat-zestawy-boze-narodzenie has-post-thumbnail shipping-taxable purchasable product-type-simple\">\n\t<a href=\"https:\/\/mydlamanufaktura.pl\/?product=zestaw-swiateczny-3\" class=\"woocommerce-LoopProduct-link woocommerce-loop-product__link\"><img loading=\"lazy\" decoding=\"async\" width=\"420\" height=\"280\" src=\"https:\/\/mydlamanufaktura.pl\/wp-content\/uploads\/2024\/06\/IMG_6908-420x280.jpg\" class=\"attachment-woocommerce_thumbnail size-woocommerce_thumbnail\" alt=\"Zestaw \u015bwi\u0105teczny 3\" srcset=\"https:\/\/mydlamanufaktura.pl\/wp-content\/uploads\/2024\/06\/IMG_6908-420x280.jpg 420w, https:\/\/mydlamanufaktura.pl\/wp-content\/uploads\/2024\/06\/IMG_6908-800x534.jpg 800w, https:\/\/mydlamanufaktura.pl\/wp-content\/uploads\/2024\/06\/IMG_6908-300x200.jpg 300w, https:\/\/mydlamanufaktura.pl\/wp-content\/uploads\/2024\/06\/IMG_6908-1024x683.jpg 1024w, https:\/\/mydlamanufaktura.pl\/wp-content\/uploads\/2024\/06\/IMG_6908-768x512.jpg 768w, https:\/\/mydlamanufaktura.pl\/wp-content\/uploads\/2024\/06\/IMG_6908-1536x1024.jpg 1536w, https:\/\/mydlamanufaktura.pl\/wp-content\/uploads\/2024\/06\/IMG_6908.jpg 1600w\" sizes=\"auto, (max-width: 420px) 100vw, 420px\" \/><h2 class=\"woocommerce-loop-product__title\">Zestaw \u015bwi\u0105teczny 3<\/h2>\n\t<span class=\"price\"><span class=\"woocommerce-Price-amount amount\"><bdi>48,00&nbsp;<span class=\"woocommerce-Price-currencySymbol\">&#122;&#322;<\/span><\/bdi><\/span><\/span>\n<\/a><a href=\"https:\/\/mydlamanufaktura.pl\/?product=zestaw-swiateczny-3\" aria-describedby=\"woocommerce_loop_add_to_cart_link_describedby_313\" data-quantity=\"1\" class=\"button product_type_simple\" data-product_id=\"313\" data-product_sku=\"\" aria-label=\"Przeczytaj wi\u0119cej o &bdquo;Zestaw \u015bwi\u0105teczny 3&rdquo;\" rel=\"nofollow\" data-success_message=\"\">Dowiedz si\u0119 wi\u0119cej<\/a>\t<span id=\"woocommerce_loop_add_to_cart_link_describedby_313\" class=\"screen-reader-text\">\n\t\t\t<\/span>\n<\/li>\n<li class=\"product type-product post-13930 status-publish first outofstock product_cat-boze-narodzenie product_cat-zestawy-boze-narodzenie has-post-thumbnail shipping-taxable purchasable product-type-simple\">\n\t<a href=\"https:\/\/mydlamanufaktura.pl\/?product=zestaw-swiateczny-4\" class=\"woocommerce-LoopProduct-link woocommerce-loop-product__link\"><img loading=\"lazy\" decoding=\"async\" width=\"420\" height=\"280\" src=\"https:\/\/mydlamanufaktura.pl\/wp-content\/uploads\/2024\/09\/DSC08431-420x280.jpg\" class=\"attachment-woocommerce_thumbnail size-woocommerce_thumbnail\" alt=\"Zestaw \u015bwi\u0105teczny 4\" srcset=\"https:\/\/mydlamanufaktura.pl\/wp-content\/uploads\/2024\/09\/DSC08431-420x280.jpg 420w, https:\/\/mydlamanufaktura.pl\/wp-content\/uploads\/2024\/09\/DSC08431-300x200.jpg 300w, https:\/\/mydlamanufaktura.pl\/wp-content\/uploads\/2024\/09\/DSC08431-1024x683.jpg 1024w, https:\/\/mydlamanufaktura.pl\/wp-content\/uploads\/2024\/09\/DSC08431-768x512.jpg 768w, https:\/\/mydlamanufaktura.pl\/wp-content\/uploads\/2024\/09\/DSC08431-1536x1024.jpg 1536w, https:\/\/mydlamanufaktura.pl\/wp-content\/uploads\/2024\/09\/DSC08431-1140x760.jpg 1140w, https:\/\/mydlamanufaktura.pl\/wp-content\/uploads\/2024\/09\/DSC08431-920x614.jpg 920w, https:\/\/mydlamanufaktura.pl\/wp-content\/uploads\/2024\/09\/DSC08431-575x383.jpg 575w, https:\/\/mydlamanufaktura.pl\/wp-content\/uploads\/2024\/09\/DSC08431-380x253.jpg 380w, https:\/\/mydlamanufaktura.pl\/wp-content\/uploads\/2024\/09\/DSC08431-800x534.jpg 800w, https:\/\/mydlamanufaktura.pl\/wp-content\/uploads\/2024\/09\/DSC08431.jpg 1600w\" sizes=\"auto, (max-width: 420px) 100vw, 420px\" \/><h2 class=\"woocommerce-loop-product__title\">Zestaw \u015bwi\u0105teczny 4<\/h2>\n\t<span class=\"price\"><span class=\"woocommerce-Price-amount amount\"><bdi>56,00&nbsp;<span class=\"woocommerce-Price-currencySymbol\">&#122;&#322;<\/span><\/bdi><\/span><\/span>\n<\/a><a href=\"https:\/\/mydlamanufaktura.pl\/?product=zestaw-swiateczny-4\" aria-describedby=\"woocommerce_loop_add_to_cart_link_describedby_13930\" data-quantity=\"1\" class=\"button product_type_simple\" data-product_id=\"13930\" data-product_sku=\"\" aria-label=\"Przeczytaj wi\u0119cej o &bdquo;Zestaw \u015bwi\u0105teczny 4&rdquo;\" rel=\"nofollow\" data-success_message=\"\">Dowiedz si\u0119 wi\u0119cej<\/a>\t<span id=\"woocommerce_loop_add_to_cart_link_describedby_13930\" class=\"screen-reader-text\">\n\t\t\t<\/span>\n<\/li>\n<li class=\"product type-product post-15402 status-publish outofstock product_cat-boze-narodzenie product_cat-zestawy-boze-narodzenie has-post-thumbnail shipping-taxable purchasable product-type-variable\">\n\t<a href=\"https:\/\/mydlamanufaktura.pl\/?product=zestaw-swiateczny-5-2\" class=\"woocommerce-LoopProduct-link woocommerce-loop-product__link\"><img loading=\"lazy\" decoding=\"async\" width=\"420\" height=\"280\" src=\"https:\/\/mydlamanufaktura.pl\/wp-content\/uploads\/2025\/08\/IMG_5993-420x280.jpg\" class=\"attachment-woocommerce_thumbnail size-woocommerce_thumbnail\" alt=\"Zestaw \u015bwi\u0105teczny 5\" srcset=\"https:\/\/mydlamanufaktura.pl\/wp-content\/uploads\/2025\/08\/IMG_5993-420x280.jpg 420w, https:\/\/mydlamanufaktura.pl\/wp-content\/uploads\/2025\/08\/IMG_5993-300x200.jpg 300w, https:\/\/mydlamanufaktura.pl\/wp-content\/uploads\/2025\/08\/IMG_5993-1024x683.jpg 1024w, https:\/\/mydlamanufaktura.pl\/wp-content\/uploads\/2025\/08\/IMG_5993-768x512.jpg 768w, https:\/\/mydlamanufaktura.pl\/wp-content\/uploads\/2025\/08\/IMG_5993-1536x1024.jpg 1536w, https:\/\/mydlamanufaktura.pl\/wp-content\/uploads\/2025\/08\/IMG_5993-1140x760.jpg 1140w, https:\/\/mydlamanufaktura.pl\/wp-content\/uploads\/2025\/08\/IMG_5993-920x614.jpg 920w, https:\/\/mydlamanufaktura.pl\/wp-content\/uploads\/2025\/08\/IMG_5993-575x383.jpg 575w, https:\/\/mydlamanufaktura.pl\/wp-content\/uploads\/2025\/08\/IMG_5993-380x253.jpg 380w, https:\/\/mydlamanufaktura.pl\/wp-content\/uploads\/2025\/08\/IMG_5993-800x534.jpg 800w, https:\/\/mydlamanufaktura.pl\/wp-content\/uploads\/2025\/08\/IMG_5993.jpg 1600w\" sizes=\"auto, (max-width: 420px) 100vw, 420px\" \/><h2 class=\"woocommerce-loop-product__title\">Zestaw \u015bwi\u0105teczny 5<\/h2>\n\t<span class=\"price\"><span class=\"woocommerce-Price-amount amount\"><bdi>65,00&nbsp;<span class=\"woocommerce-Price-currencySymbol\">&#122;&#322;<\/span><\/bdi><\/span><\/span>\n<\/a><a href=\"https:\/\/mydlamanufaktura.pl\/?product=zestaw-swiateczny-5-2\" aria-describedby=\"woocommerce_loop_add_to_cart_link_describedby_15402\" data-quantity=\"1\" class=\"button product_type_variable\" data-product_id=\"15402\" data-product_sku=\"\" aria-label=\"Wybierz opcje dla &bdquo;Zestaw \u015bwi\u0105teczny 5&rdquo;\" rel=\"nofollow\">Wybierz opcje<\/a>\t<span id=\"woocommerce_loop_add_to_cart_link_describedby_15402\" class=\"screen-reader-text\">\n\t\tTen produkt ma wiele wariant\u00f3w. Opcje mo\u017cna wybra\u0107 na stronie produktu\t<\/span>\n<\/li>\n<li class=\"product type-product post-15407 status-publish last outofstock product_cat-boze-narodzenie product_cat-zestawy-boze-narodzenie has-post-thumbnail shipping-taxable purchasable product-type-simple\">\n\t<a href=\"https:\/\/mydlamanufaktura.pl\/?product=zestaw-swiateczny-6\" class=\"woocommerce-LoopProduct-link woocommerce-loop-product__link\"><img loading=\"lazy\" decoding=\"async\" width=\"420\" height=\"280\" src=\"https:\/\/mydlamanufaktura.pl\/wp-content\/uploads\/2025\/08\/IMG_7281-420x280.jpg\" class=\"attachment-woocommerce_thumbnail size-woocommerce_thumbnail\" alt=\"Zestaw \u015bwi\u0105teczny 6\" srcset=\"https:\/\/mydlamanufaktura.pl\/wp-content\/uploads\/2025\/08\/IMG_7281-420x280.jpg 420w, https:\/\/mydlamanufaktura.pl\/wp-content\/uploads\/2025\/08\/IMG_7281-300x200.jpg 300w, https:\/\/mydlamanufaktura.pl\/wp-content\/uploads\/2025\/08\/IMG_7281-1024x683.jpg 1024w, https:\/\/mydlamanufaktura.pl\/wp-content\/uploads\/2025\/08\/IMG_7281-768x512.jpg 768w, https:\/\/mydlamanufaktura.pl\/wp-content\/uploads\/2025\/08\/IMG_7281-1536x1024.jpg 1536w, https:\/\/mydlamanufaktura.pl\/wp-content\/uploads\/2025\/08\/IMG_7281-1140x760.jpg 1140w, https:\/\/mydlamanufaktura.pl\/wp-content\/uploads\/2025\/08\/IMG_7281-920x614.jpg 920w, https:\/\/mydlamanufaktura.pl\/wp-content\/uploads\/2025\/08\/IMG_7281-575x383.jpg 575w, https:\/\/mydlamanufaktura.pl\/wp-content\/uploads\/2025\/08\/IMG_7281-380x253.jpg 380w, https:\/\/mydlamanufaktura.pl\/wp-content\/uploads\/2025\/08\/IMG_7281-800x534.jpg 800w, https:\/\/mydlamanufaktura.pl\/wp-content\/uploads\/2025\/08\/IMG_7281.jpg 1600w\" sizes=\"auto, (max-width: 420px) 100vw, 420px\" \/><h2 class=\"woocommerce-loop-product__title\">Zestaw \u015bwi\u0105teczny 6<\/h2>\n\t<span class=\"price\"><span class=\"woocommerce-Price-amount amount\"><bdi>90,00&nbsp;<span class=\"woocommerce-Price-currencySymbol\">&#122;&#322;<\/span><\/bdi><\/span><\/span>\n<\/a><a href=\"https:\/\/mydlamanufaktura.pl\/?product=zestaw-swiateczny-6\" aria-describedby=\"woocommerce_loop_add_to_cart_link_describedby_15407\" data-quantity=\"1\" class=\"button product_type_simple\" data-product_id=\"15407\" data-product_sku=\"\" aria-label=\"Przeczytaj wi\u0119cej o &bdquo;Zestaw \u015bwi\u0105teczny 6&rdquo;\" rel=\"nofollow\" data-success_message=\"\">Dowiedz si\u0119 wi\u0119cej<\/a>\t<span id=\"woocommerce_loop_add_to_cart_link_describedby_15407\" class=\"screen-reader-text\">\n\t\t\t<\/span>\n<\/li>\n<li class=\"product type-product post-15412 status-publish first outofstock product_cat-boze-narodzenie product_cat-zestawy-boze-narodzenie has-post-thumbnail shipping-taxable purchasable product-type-simple\">\n\t<a href=\"https:\/\/mydlamanufaktura.pl\/?product=zestaw-swiateczny-7\" class=\"woocommerce-LoopProduct-link woocommerce-loop-product__link\"><img loading=\"lazy\" decoding=\"async\" width=\"420\" height=\"280\" src=\"https:\/\/mydlamanufaktura.pl\/wp-content\/uploads\/2025\/08\/IMG_7339-420x280.jpg\" class=\"attachment-woocommerce_thumbnail size-woocommerce_thumbnail\" alt=\"Zestaw \u015bwi\u0105teczny 7\" srcset=\"https:\/\/mydlamanufaktura.pl\/wp-content\/uploads\/2025\/08\/IMG_7339-420x280.jpg 420w, https:\/\/mydlamanufaktura.pl\/wp-content\/uploads\/2025\/08\/IMG_7339-300x200.jpg 300w, https:\/\/mydlamanufaktura.pl\/wp-content\/uploads\/2025\/08\/IMG_7339-1024x683.jpg 1024w, https:\/\/mydlamanufaktura.pl\/wp-content\/uploads\/2025\/08\/IMG_7339-768x512.jpg 768w, https:\/\/mydlamanufaktura.pl\/wp-content\/uploads\/2025\/08\/IMG_7339-1536x1024.jpg 1536w, https:\/\/mydlamanufaktura.pl\/wp-content\/uploads\/2025\/08\/IMG_7339-1140x760.jpg 1140w, https:\/\/mydlamanufaktura.pl\/wp-content\/uploads\/2025\/08\/IMG_7339-920x614.jpg 920w, https:\/\/mydlamanufaktura.pl\/wp-content\/uploads\/2025\/08\/IMG_7339-575x383.jpg 575w, https:\/\/mydlamanufaktura.pl\/wp-content\/uploads\/2025\/08\/IMG_7339-380x253.jpg 380w, https:\/\/mydlamanufaktura.pl\/wp-content\/uploads\/2025\/08\/IMG_7339-800x534.jpg 800w, https:\/\/mydlamanufaktura.pl\/wp-content\/uploads\/2025\/08\/IMG_7339.jpg 1600w\" sizes=\"auto, (max-width: 420px) 100vw, 420px\" \/><h2 class=\"woocommerce-loop-product__title\">Zestaw \u015bwi\u0105teczny 7<\/h2>\n\t<span class=\"price\"><span class=\"woocommerce-Price-amount amount\"><bdi>90,00&nbsp;<span class=\"woocommerce-Price-currencySymbol\">&#122;&#322;<\/span><\/bdi><\/span><\/span>\n<\/a><a href=\"https:\/\/mydlamanufaktura.pl\/?product=zestaw-swiateczny-7\" aria-describedby=\"woocommerce_loop_add_to_cart_link_describedby_15412\" data-quantity=\"1\" class=\"button product_type_simple\" data-product_id=\"15412\" data-product_sku=\"\" aria-label=\"Przeczytaj wi\u0119cej o &bdquo;Zestaw \u015bwi\u0105teczny 7&rdquo;\" rel=\"nofollow\" data-success_message=\"\">Dowiedz si\u0119 wi\u0119cej<\/a>\t<span id=\"woocommerce_loop_add_to_cart_link_describedby_15412\" class=\"screen-reader-text\">\n\t\t\t<\/span>\n<\/li>\n<li class=\"product type-product post-15415 status-publish outofstock product_cat-boze-narodzenie product_cat-zestawy-boze-narodzenie has-post-thumbnail shipping-taxable purchasable product-type-variable\">\n\t<a href=\"https:\/\/mydlamanufaktura.pl\/?product=zestaw-swiateczny-8\" class=\"woocommerce-LoopProduct-link woocommerce-loop-product__link\"><img loading=\"lazy\" decoding=\"async\" width=\"420\" height=\"280\" src=\"https:\/\/mydlamanufaktura.pl\/wp-content\/uploads\/2025\/08\/IMG_7303-420x280.jpg\" class=\"attachment-woocommerce_thumbnail size-woocommerce_thumbnail\" alt=\"Zestaw \u015bwi\u0105teczny 8\" srcset=\"https:\/\/mydlamanufaktura.pl\/wp-content\/uploads\/2025\/08\/IMG_7303-420x280.jpg 420w, https:\/\/mydlamanufaktura.pl\/wp-content\/uploads\/2025\/08\/IMG_7303-300x200.jpg 300w, https:\/\/mydlamanufaktura.pl\/wp-content\/uploads\/2025\/08\/IMG_7303-1024x683.jpg 1024w, https:\/\/mydlamanufaktura.pl\/wp-content\/uploads\/2025\/08\/IMG_7303-768x512.jpg 768w, https:\/\/mydlamanufaktura.pl\/wp-content\/uploads\/2025\/08\/IMG_7303-1536x1024.jpg 1536w, https:\/\/mydlamanufaktura.pl\/wp-content\/uploads\/2025\/08\/IMG_7303-1140x760.jpg 1140w, https:\/\/mydlamanufaktura.pl\/wp-content\/uploads\/2025\/08\/IMG_7303-920x614.jpg 920w, https:\/\/mydlamanufaktura.pl\/wp-content\/uploads\/2025\/08\/IMG_7303-575x383.jpg 575w, https:\/\/mydlamanufaktura.pl\/wp-content\/uploads\/2025\/08\/IMG_7303-380x253.jpg 380w, https:\/\/mydlamanufaktura.pl\/wp-content\/uploads\/2025\/08\/IMG_7303-800x534.jpg 800w, https:\/\/mydlamanufaktura.pl\/wp-content\/uploads\/2025\/08\/IMG_7303.jpg 1600w\" sizes=\"auto, (max-width: 420px) 100vw, 420px\" \/><h2 class=\"woocommerce-loop-product__title\">Zestaw \u015bwi\u0105teczny 8<\/h2>\n\t<span class=\"price\"><span class=\"woocommerce-Price-amount amount\"><bdi>80,00&nbsp;<span class=\"woocommerce-Price-currencySymbol\">&#122;&#322;<\/span><\/bdi><\/span><\/span>\n<\/a><a href=\"https:\/\/mydlamanufaktura.pl\/?product=zestaw-swiateczny-8\" aria-describedby=\"woocommerce_loop_add_to_cart_link_describedby_15415\" data-quantity=\"1\" class=\"button product_type_variable\" data-product_id=\"15415\" data-product_sku=\"\" aria-label=\"Wybierz opcje dla &bdquo;Zestaw \u015bwi\u0105teczny 8&rdquo;\" rel=\"nofollow\">Wybierz opcje<\/a>\t<span id=\"woocommerce_loop_add_to_cart_link_describedby_15415\" class=\"screen-reader-text\">\n\t\tTen produkt ma wiele wariant\u00f3w. Opcje mo\u017cna wybra\u0107 na stronie produktu\t<\/span>\n<\/li>\n<li class=\"product type-product post-14255 status-publish last outofstock product_cat-boze-narodzenie product_cat-zestawy-boze-narodzenie has-post-thumbnail shipping-taxable purchasable product-type-simple\">\n\t<a href=\"https:\/\/mydlamanufaktura.pl\/?product=zestaw-swiateczny-mydlo-zawieszka\" class=\"woocommerce-LoopProduct-link woocommerce-loop-product__link\"><img loading=\"lazy\" decoding=\"async\" width=\"420\" height=\"280\" src=\"https:\/\/mydlamanufaktura.pl\/wp-content\/uploads\/2024\/11\/DSC08240-420x280.jpg\" class=\"attachment-woocommerce_thumbnail size-woocommerce_thumbnail\" alt=\"Zestaw \u015bwi\u0105teczny myd\u0142o + sojowa zawieszka zapachowa\" srcset=\"https:\/\/mydlamanufaktura.pl\/wp-content\/uploads\/2024\/11\/DSC08240-420x280.jpg 420w, https:\/\/mydlamanufaktura.pl\/wp-content\/uploads\/2024\/11\/DSC08240-300x200.jpg 300w, https:\/\/mydlamanufaktura.pl\/wp-content\/uploads\/2024\/11\/DSC08240-1024x683.jpg 1024w, https:\/\/mydlamanufaktura.pl\/wp-content\/uploads\/2024\/11\/DSC08240-768x512.jpg 768w, https:\/\/mydlamanufaktura.pl\/wp-content\/uploads\/2024\/11\/DSC08240-1536x1024.jpg 1536w, https:\/\/mydlamanufaktura.pl\/wp-content\/uploads\/2024\/11\/DSC08240-1140x760.jpg 1140w, https:\/\/mydlamanufaktura.pl\/wp-content\/uploads\/2024\/11\/DSC08240-920x614.jpg 920w, https:\/\/mydlamanufaktura.pl\/wp-content\/uploads\/2024\/11\/DSC08240-575x383.jpg 575w, https:\/\/mydlamanufaktura.pl\/wp-content\/uploads\/2024\/11\/DSC08240-380x253.jpg 380w, https:\/\/mydlamanufaktura.pl\/wp-content\/uploads\/2024\/11\/DSC08240-800x534.jpg 800w, https:\/\/mydlamanufaktura.pl\/wp-content\/uploads\/2024\/11\/DSC08240.jpg 1600w\" sizes=\"auto, (max-width: 420px) 100vw, 420px\" \/><h2 class=\"woocommerce-loop-product__title\">Zestaw \u015bwi\u0105teczny myd\u0142o + sojowa zawieszka zapachowa<\/h2>\n\t<span class=\"price\"><span class=\"woocommerce-Price-amount amount\"><bdi>36,00&nbsp;<span class=\"woocommerce-Price-currencySymbol\">&#122;&#322;<\/span><\/bdi><\/span><\/span>\n<\/a><a href=\"https:\/\/mydlamanufaktura.pl\/?product=zestaw-swiateczny-mydlo-zawieszka\" aria-describedby=\"woocommerce_loop_add_to_cart_link_describedby_14255\" data-quantity=\"1\" class=\"button product_type_simple\" data-product_id=\"14255\" data-product_sku=\"\" aria-label=\"Przeczytaj wi\u0119cej o &bdquo;Zestaw \u015bwi\u0105teczny myd\u0142o + sojowa zawieszka zapachowa&rdquo;\" rel=\"nofollow\" data-success_message=\"\">Dowiedz si\u0119 wi\u0119cej<\/a>\t<span id=\"woocommerce_loop_add_to_cart_link_describedby_14255\" class=\"screen-reader-text\">\n\t\t\t<\/span>\n<\/li>\n<li class=\"product type-product post-14258 status-publish first outofstock product_cat-boze-narodzenie product_cat-zestawy-boze-narodzenie has-post-thumbnail shipping-taxable purchasable product-type-simple\">\n\t<a href=\"https:\/\/mydlamanufaktura.pl\/?product=zestaw-swiateczny-mydlo-herbata\" class=\"woocommerce-LoopProduct-link woocommerce-loop-product__link\"><img loading=\"lazy\" decoding=\"async\" width=\"420\" height=\"280\" src=\"https:\/\/mydlamanufaktura.pl\/wp-content\/uploads\/2024\/11\/DSC08211-420x280.jpg\" class=\"attachment-woocommerce_thumbnail size-woocommerce_thumbnail\" alt=\"Zestaw \u015bwi\u0105teczny myd\u0142o + zimowa herbata\" srcset=\"https:\/\/mydlamanufaktura.pl\/wp-content\/uploads\/2024\/11\/DSC08211-420x280.jpg 420w, https:\/\/mydlamanufaktura.pl\/wp-content\/uploads\/2024\/11\/DSC08211-300x200.jpg 300w, https:\/\/mydlamanufaktura.pl\/wp-content\/uploads\/2024\/11\/DSC08211-1024x683.jpg 1024w, https:\/\/mydlamanufaktura.pl\/wp-content\/uploads\/2024\/11\/DSC08211-768x512.jpg 768w, https:\/\/mydlamanufaktura.pl\/wp-content\/uploads\/2024\/11\/DSC08211-1536x1024.jpg 1536w, https:\/\/mydlamanufaktura.pl\/wp-content\/uploads\/2024\/11\/DSC08211-1140x760.jpg 1140w, https:\/\/mydlamanufaktura.pl\/wp-content\/uploads\/2024\/11\/DSC08211-920x614.jpg 920w, https:\/\/mydlamanufaktura.pl\/wp-content\/uploads\/2024\/11\/DSC08211-575x383.jpg 575w, https:\/\/mydlamanufaktura.pl\/wp-content\/uploads\/2024\/11\/DSC08211-380x253.jpg 380w, https:\/\/mydlamanufaktura.pl\/wp-content\/uploads\/2024\/11\/DSC08211-800x534.jpg 800w, https:\/\/mydlamanufaktura.pl\/wp-content\/uploads\/2024\/11\/DSC08211.jpg 1600w\" sizes=\"auto, (max-width: 420px) 100vw, 420px\" \/><h2 class=\"woocommerce-loop-product__title\">Zestaw \u015bwi\u0105teczny myd\u0142o + zimowa herbata<\/h2>\n\t<span class=\"price\"><span class=\"woocommerce-Price-amount amount\"><bdi>35,00&nbsp;<span class=\"woocommerce-Price-currencySymbol\">&#122;&#322;<\/span><\/bdi><\/span><\/span>\n<\/a><a href=\"https:\/\/mydlamanufaktura.pl\/?product=zestaw-swiateczny-mydlo-herbata\" aria-describedby=\"woocommerce_loop_add_to_cart_link_describedby_14258\" data-quantity=\"1\" class=\"button product_type_simple\" data-product_id=\"14258\" data-product_sku=\"\" aria-label=\"Przeczytaj wi\u0119cej o &bdquo;Zestaw \u015bwi\u0105teczny myd\u0142o + zimowa herbata&rdquo;\" rel=\"nofollow\" data-success_message=\"\">Dowiedz si\u0119 wi\u0119cej<\/a>\t<span id=\"woocommerce_loop_add_to_cart_link_describedby_14258\" class=\"screen-reader-text\">\n\t\t\t<\/span>\n<\/li>\n<\/ul>\n<\/div>\n","protected":false},"excerpt":{"rendered":"","protected":false},"author":27,"featured_media":0,"parent":944,"menu_order":0,"comment_status":"closed","ping_status":"closed","template":"page.php","meta":{"_monsterinsights_skip_tracking":false,"_monsterinsights_sitenote_active":false,"_monsterinsights_sitenote_note":"","_monsterinsights_sitenote_category":0,"footnotes":""},"class_list":["post-13954","page","type-page","status-publish","hentry"],"aioseo_notices":[],"jetpack_sharing_enabled":true,"_links":{"self":[{"href":"https:\/\/mydlamanufaktura.pl\/index.php?rest_route=\/wp\/v2\/pages\/13954","targetHints":{"allow":["GET"]}}],"collection":[{"href":"https:\/\/mydlamanufaktura.pl\/index.php?rest_route=\/wp\/v2\/pages"}],"about":[{"href":"https:\/\/mydlamanufaktura.pl\/index.php?rest_route=\/wp\/v2\/types\/page"}],"author":[{"embeddable":true,"href":"https:\/\/mydlamanufaktura.pl\/index.php?rest_route=\/wp\/v2\/users\/27"}],"replies":[{"embeddable":true,"href":"https:\/\/mydlamanufaktura.pl\/index.php?rest_route=%2Fwp%2Fv2%2Fcomments&post=13954"}],"version-history":[{"count":7,"href":"https:\/\/mydlamanufaktura.pl\/index.php?rest_route=\/wp\/v2\/pages\/13954\/revisions"}],"predecessor-version":[{"id":14112,"href":"https:\/\/mydlamanufaktura.pl\/index.php?rest_route=\/wp\/v2\/pages\/13954\/revisions\/14112"}],"up":[{"embeddable":true,"href":"https:\/\/mydlamanufaktura.pl\/index.php?rest_route=\/wp\/v2\/pages\/944"}],"wp:attachment":[{"href":"https:\/\/mydlamanufaktura.pl\/index.php?rest_route=%2Fwp%2Fv2%2Fmedia&parent=13954"}],"curies":[{"name":"wp","href":"https:\/\/api.w.org\/{rel}","templated":true}]}}