{"id":13945,"date":"2024-09-18T10:26:32","date_gmt":"2024-09-18T10:26:32","guid":{"rendered":"https:\/\/mydlamanufaktura.pl\/?page_id=13945"},"modified":"2024-10-01T12:06:17","modified_gmt":"2024-10-01T12:06:17","slug":"sole-do-kapieli","status":"publish","type":"page","link":"https:\/\/mydlamanufaktura.pl\/?page_id=13945","title":{"rendered":"Sole do k\u0105pieli"},"content":{"rendered":"<div class=\"woocommerce columns-3 product-grid\"><div class=\"woocommerce-notices-wrapper\"><\/div><div class=\"woocommerce-sorting-wrapper\"><div class=\"row\"><div class=\"col-md-6 col-6 botiga-sorting-left\"><div class=\"botiga-sorting-left-inner\"><p class=\"woocommerce-result-count\" role=\"alert\" aria-relevant=\"all\" >\n\tWy\u015bwietlanie wszystkich wynik\u00f3w: 7<\/p>\n<\/div><\/div><div class=\"col-md-6 col-6 botiga-sorting-right\"><div class=\"botiga-sorting-right-inner\"><form class=\"woocommerce-ordering\" method=\"get\">\n\t\t<select\n\t\tname=\"orderby\"\n\t\tclass=\"orderby\"\n\t\t\t\t\taria-label=\"Zam\u00f3wienie w sklepie\"\n\t\t\t>\n\t\t\t\t\t<option value=\"menu_order\"  selected='selected'>Domy\u015blne sortowanie<\/option>\n\t\t\t\t\t<option value=\"popularity\" >Sortuj wg popularno\u015bci<\/option>\n\t\t\t\t\t<option value=\"rating\" >Sortuj wg \u015bredniej oceny<\/option>\n\t\t\t\t\t<option value=\"date\" >Sortuj od najnowszych<\/option>\n\t\t\t\t\t<option value=\"price\" >Sortuj po cenie od najni\u017cszej<\/option>\n\t\t\t\t\t<option value=\"price-desc\" >Sortuj po cenie od najwy\u017cszej<\/option>\n\t\t\t<\/select>\n\t<input type=\"hidden\" name=\"paged\" value=\"1\" \/>\n\t<input type=\"hidden\" name=\"rest_route\" value=\"\/wp\/v2\/pages\/13945\" \/><\/form>\n<\/div><\/div><\/div><\/div><ul class=\"products columns-3\">\n<li class=\"product type-product post-15774 status-publish first outofstock product_cat-sole-do-kapieli has-post-thumbnail shipping-taxable purchasable product-type-simple\">\n\t<a href=\"https:\/\/mydlamanufaktura.pl\/?product=aromatyzowana-sol-swiateczna-w-sloju-retro\" class=\"woocommerce-LoopProduct-link woocommerce-loop-product__link\"><img loading=\"lazy\" decoding=\"async\" width=\"420\" height=\"499\" src=\"https:\/\/mydlamanufaktura.pl\/wp-content\/uploads\/2025\/12\/IMG_7714-e1764838408238-420x499.jpg\" class=\"attachment-woocommerce_thumbnail size-woocommerce_thumbnail\" alt=\"Aromatyzowana s\u00f3l \u015bwi\u0105teczna w s\u0142oju retro\" srcset=\"https:\/\/mydlamanufaktura.pl\/wp-content\/uploads\/2025\/12\/IMG_7714-e1764838408238-420x499.jpg 420w, https:\/\/mydlamanufaktura.pl\/wp-content\/uploads\/2025\/12\/IMG_7714-e1764838408238-253x300.jpg 253w, https:\/\/mydlamanufaktura.pl\/wp-content\/uploads\/2025\/12\/IMG_7714-e1764838408238-862x1024.jpg 862w, https:\/\/mydlamanufaktura.pl\/wp-content\/uploads\/2025\/12\/IMG_7714-e1764838408238-768x912.jpg 768w, https:\/\/mydlamanufaktura.pl\/wp-content\/uploads\/2025\/12\/IMG_7714-e1764838408238-920x1092.jpg 920w, https:\/\/mydlamanufaktura.pl\/wp-content\/uploads\/2025\/12\/IMG_7714-e1764838408238-575x683.jpg 575w, https:\/\/mydlamanufaktura.pl\/wp-content\/uploads\/2025\/12\/IMG_7714-e1764838408238-380x451.jpg 380w, https:\/\/mydlamanufaktura.pl\/wp-content\/uploads\/2025\/12\/IMG_7714-e1764838408238-800x950.jpg 800w, https:\/\/mydlamanufaktura.pl\/wp-content\/uploads\/2025\/12\/IMG_7714-e1764838408238.jpg 1067w\" sizes=\"auto, (max-width: 420px) 100vw, 420px\" \/><h2 class=\"woocommerce-loop-product__title\">Aromatyzowana s\u00f3l \u015bwi\u0105teczna w s\u0142oju retro<\/h2>\n\t<span class=\"price\"><span class=\"woocommerce-Price-amount amount\"><bdi>45,00&nbsp;<span class=\"woocommerce-Price-currencySymbol\">&#122;&#322;<\/span><\/bdi><\/span><\/span>\n<\/a><a href=\"https:\/\/mydlamanufaktura.pl\/?product=aromatyzowana-sol-swiateczna-w-sloju-retro\" aria-describedby=\"woocommerce_loop_add_to_cart_link_describedby_15774\" data-quantity=\"1\" class=\"button product_type_simple\" data-product_id=\"15774\" data-product_sku=\"\" aria-label=\"Przeczytaj wi\u0119cej o &bdquo;Aromatyzowana s\u00f3l \u015bwi\u0105teczna w s\u0142oju retro&rdquo;\" rel=\"nofollow\" data-success_message=\"\">Dowiedz si\u0119 wi\u0119cej<\/a>\t<span id=\"woocommerce_loop_add_to_cart_link_describedby_15774\" class=\"screen-reader-text\">\n\t\t\t<\/span>\n<\/li>\n<li class=\"product type-product post-214 status-publish outofstock product_cat-boze-narodzenie product_cat-sole-do-kapieli has-post-thumbnail shipping-taxable purchasable product-type-simple\">\n\t<a href=\"https:\/\/mydlamanufaktura.pl\/?product=sol-do-kapieli-drzewko-swiateczne\" class=\"woocommerce-LoopProduct-link woocommerce-loop-product__link\"><img loading=\"lazy\" decoding=\"async\" width=\"420\" height=\"280\" src=\"https:\/\/mydlamanufaktura.pl\/wp-content\/uploads\/2024\/06\/IMG_2465-420x280.jpg\" class=\"attachment-woocommerce_thumbnail size-woocommerce_thumbnail\" alt=\"S\u00f3l do k\u0105pieli drzewko \u015bwi\u0105teczne WESO\u0141YCH \u015aWI\u0104T\" srcset=\"https:\/\/mydlamanufaktura.pl\/wp-content\/uploads\/2024\/06\/IMG_2465-420x280.jpg 420w, https:\/\/mydlamanufaktura.pl\/wp-content\/uploads\/2024\/06\/IMG_2465-800x534.jpg 800w, https:\/\/mydlamanufaktura.pl\/wp-content\/uploads\/2024\/06\/IMG_2465-300x200.jpg 300w, https:\/\/mydlamanufaktura.pl\/wp-content\/uploads\/2024\/06\/IMG_2465-1024x683.jpg 1024w, https:\/\/mydlamanufaktura.pl\/wp-content\/uploads\/2024\/06\/IMG_2465-768x512.jpg 768w, https:\/\/mydlamanufaktura.pl\/wp-content\/uploads\/2024\/06\/IMG_2465-1536x1024.jpg 1536w, https:\/\/mydlamanufaktura.pl\/wp-content\/uploads\/2024\/06\/IMG_2465.jpg 1600w\" sizes=\"auto, (max-width: 420px) 100vw, 420px\" \/><h2 class=\"woocommerce-loop-product__title\">S\u00f3l do k\u0105pieli drzewko \u015bwi\u0105teczne WESO\u0141YCH \u015aWI\u0104T<\/h2>\n\t<span class=\"price\"><span class=\"woocommerce-Price-amount amount\"><bdi>16,00&nbsp;<span class=\"woocommerce-Price-currencySymbol\">&#122;&#322;<\/span><\/bdi><\/span><\/span>\n<\/a><a href=\"https:\/\/mydlamanufaktura.pl\/?product=sol-do-kapieli-drzewko-swiateczne\" aria-describedby=\"woocommerce_loop_add_to_cart_link_describedby_214\" data-quantity=\"1\" class=\"button product_type_simple\" data-product_id=\"214\" data-product_sku=\"\" aria-label=\"Przeczytaj wi\u0119cej o &bdquo;S\u00f3l do k\u0105pieli drzewko \u015bwi\u0105teczne WESO\u0141YCH \u015aWI\u0104T&rdquo;\" rel=\"nofollow\" data-success_message=\"\">Dowiedz si\u0119 wi\u0119cej<\/a>\t<span id=\"woocommerce_loop_add_to_cart_link_describedby_214\" class=\"screen-reader-text\">\n\t\t\t<\/span>\n<\/li>\n<li class=\"product type-product post-213 status-publish last outofstock product_cat-boze-narodzenie product_cat-sole-do-kapieli has-post-thumbnail shipping-taxable purchasable product-type-simple\">\n\t<a href=\"https:\/\/mydlamanufaktura.pl\/?product=sol-do-kapieli-pieczone-jablko\" class=\"woocommerce-LoopProduct-link woocommerce-loop-product__link\"><img loading=\"lazy\" decoding=\"async\" width=\"420\" height=\"280\" src=\"https:\/\/mydlamanufaktura.pl\/wp-content\/uploads\/2024\/06\/IMG_2496-420x280.jpg\" class=\"attachment-woocommerce_thumbnail size-woocommerce_thumbnail\" alt=\"S\u00f3l do k\u0105pieli pieczone jab\u0142ko WESO\u0141YCH \u015aWI\u0104T\" srcset=\"https:\/\/mydlamanufaktura.pl\/wp-content\/uploads\/2024\/06\/IMG_2496-420x280.jpg 420w, https:\/\/mydlamanufaktura.pl\/wp-content\/uploads\/2024\/06\/IMG_2496-800x534.jpg 800w, https:\/\/mydlamanufaktura.pl\/wp-content\/uploads\/2024\/06\/IMG_2496-300x200.jpg 300w, https:\/\/mydlamanufaktura.pl\/wp-content\/uploads\/2024\/06\/IMG_2496-1024x683.jpg 1024w, https:\/\/mydlamanufaktura.pl\/wp-content\/uploads\/2024\/06\/IMG_2496-768x512.jpg 768w, https:\/\/mydlamanufaktura.pl\/wp-content\/uploads\/2024\/06\/IMG_2496-1536x1024.jpg 1536w, https:\/\/mydlamanufaktura.pl\/wp-content\/uploads\/2024\/06\/IMG_2496.jpg 1600w\" sizes=\"auto, (max-width: 420px) 100vw, 420px\" \/><h2 class=\"woocommerce-loop-product__title\">S\u00f3l do k\u0105pieli pieczone jab\u0142ko WESO\u0141YCH \u015aWI\u0104T<\/h2>\n\t<span class=\"price\"><span class=\"woocommerce-Price-amount amount\"><bdi>16,00&nbsp;<span class=\"woocommerce-Price-currencySymbol\">&#122;&#322;<\/span><\/bdi><\/span><\/span>\n<\/a><a href=\"https:\/\/mydlamanufaktura.pl\/?product=sol-do-kapieli-pieczone-jablko\" aria-describedby=\"woocommerce_loop_add_to_cart_link_describedby_213\" data-quantity=\"1\" class=\"button product_type_simple\" data-product_id=\"213\" data-product_sku=\"\" aria-label=\"Przeczytaj wi\u0119cej o &bdquo;S\u00f3l do k\u0105pieli pieczone jab\u0142ko WESO\u0141YCH \u015aWI\u0104T&rdquo;\" rel=\"nofollow\" data-success_message=\"\">Dowiedz si\u0119 wi\u0119cej<\/a>\t<span id=\"woocommerce_loop_add_to_cart_link_describedby_213\" class=\"screen-reader-text\">\n\t\t\t<\/span>\n<\/li>\n<li class=\"product type-product post-212 status-publish first outofstock product_cat-boze-narodzenie product_cat-sole-do-kapieli has-post-thumbnail shipping-taxable purchasable product-type-simple\">\n\t<a href=\"https:\/\/mydlamanufaktura.pl\/?product=sol-do-kapieli-pomarancza-z-cynamonem\" class=\"woocommerce-LoopProduct-link woocommerce-loop-product__link\"><img loading=\"lazy\" decoding=\"async\" width=\"420\" height=\"280\" src=\"https:\/\/mydlamanufaktura.pl\/wp-content\/uploads\/2024\/06\/IMG_2533-420x280.jpg\" class=\"attachment-woocommerce_thumbnail size-woocommerce_thumbnail\" alt=\"S\u00f3l do k\u0105pieli pomara\u0144cza z cynamonem WESO\u0141YCH \u015aWI\u0104T\" srcset=\"https:\/\/mydlamanufaktura.pl\/wp-content\/uploads\/2024\/06\/IMG_2533-420x280.jpg 420w, https:\/\/mydlamanufaktura.pl\/wp-content\/uploads\/2024\/06\/IMG_2533-800x534.jpg 800w, https:\/\/mydlamanufaktura.pl\/wp-content\/uploads\/2024\/06\/IMG_2533-300x200.jpg 300w, https:\/\/mydlamanufaktura.pl\/wp-content\/uploads\/2024\/06\/IMG_2533-1024x683.jpg 1024w, https:\/\/mydlamanufaktura.pl\/wp-content\/uploads\/2024\/06\/IMG_2533-768x512.jpg 768w, https:\/\/mydlamanufaktura.pl\/wp-content\/uploads\/2024\/06\/IMG_2533-1536x1024.jpg 1536w, https:\/\/mydlamanufaktura.pl\/wp-content\/uploads\/2024\/06\/IMG_2533.jpg 1600w\" sizes=\"auto, (max-width: 420px) 100vw, 420px\" \/><h2 class=\"woocommerce-loop-product__title\">S\u00f3l do k\u0105pieli pomara\u0144cza z cynamonem WESO\u0141YCH \u015aWI\u0104T<\/h2>\n\t<span class=\"price\"><span class=\"woocommerce-Price-amount amount\"><bdi>16,00&nbsp;<span class=\"woocommerce-Price-currencySymbol\">&#122;&#322;<\/span><\/bdi><\/span><\/span>\n<\/a><a href=\"https:\/\/mydlamanufaktura.pl\/?product=sol-do-kapieli-pomarancza-z-cynamonem\" aria-describedby=\"woocommerce_loop_add_to_cart_link_describedby_212\" data-quantity=\"1\" class=\"button product_type_simple\" data-product_id=\"212\" data-product_sku=\"\" aria-label=\"Przeczytaj wi\u0119cej o &bdquo;S\u00f3l do k\u0105pieli pomara\u0144cza z cynamonem WESO\u0141YCH \u015aWI\u0104T&rdquo;\" rel=\"nofollow\" data-success_message=\"\">Dowiedz si\u0119 wi\u0119cej<\/a>\t<span id=\"woocommerce_loop_add_to_cart_link_describedby_212\" class=\"screen-reader-text\">\n\t\t\t<\/span>\n<\/li>\n<li class=\"product type-product post-222 status-publish outofstock product_cat-boze-narodzenie product_cat-sole-do-kapieli has-post-thumbnail shipping-taxable purchasable product-type-simple\">\n\t<a href=\"https:\/\/mydlamanufaktura.pl\/?product=sol-do-kapieli-w-beczce-drzewko-swiateczne\" class=\"woocommerce-LoopProduct-link woocommerce-loop-product__link\"><img loading=\"lazy\" decoding=\"async\" width=\"420\" height=\"280\" src=\"https:\/\/mydlamanufaktura.pl\/wp-content\/uploads\/2024\/06\/IMG_2545-420x280.jpg\" class=\"attachment-woocommerce_thumbnail size-woocommerce_thumbnail\" alt=\"S\u00f3l do k\u0105pieli w beczce drzewko \u015bwi\u0105teczne WESO\u0141YCH \u015aWI\u0104T\" srcset=\"https:\/\/mydlamanufaktura.pl\/wp-content\/uploads\/2024\/06\/IMG_2545-420x280.jpg 420w, https:\/\/mydlamanufaktura.pl\/wp-content\/uploads\/2024\/06\/IMG_2545-800x534.jpg 800w, https:\/\/mydlamanufaktura.pl\/wp-content\/uploads\/2024\/06\/IMG_2545-300x200.jpg 300w, https:\/\/mydlamanufaktura.pl\/wp-content\/uploads\/2024\/06\/IMG_2545-1024x683.jpg 1024w, https:\/\/mydlamanufaktura.pl\/wp-content\/uploads\/2024\/06\/IMG_2545-768x512.jpg 768w, https:\/\/mydlamanufaktura.pl\/wp-content\/uploads\/2024\/06\/IMG_2545-1536x1024.jpg 1536w, https:\/\/mydlamanufaktura.pl\/wp-content\/uploads\/2024\/06\/IMG_2545.jpg 1600w\" sizes=\"auto, (max-width: 420px) 100vw, 420px\" \/><h2 class=\"woocommerce-loop-product__title\">S\u00f3l do k\u0105pieli w beczce drzewko \u015bwi\u0105teczne WESO\u0141YCH \u015aWI\u0104T<\/h2>\n\t<span class=\"price\"><span class=\"woocommerce-Price-amount amount\"><bdi>42,00&nbsp;<span class=\"woocommerce-Price-currencySymbol\">&#122;&#322;<\/span><\/bdi><\/span><\/span>\n<\/a><a href=\"https:\/\/mydlamanufaktura.pl\/?product=sol-do-kapieli-w-beczce-drzewko-swiateczne\" aria-describedby=\"woocommerce_loop_add_to_cart_link_describedby_222\" data-quantity=\"1\" class=\"button product_type_simple\" data-product_id=\"222\" data-product_sku=\"\" aria-label=\"Przeczytaj wi\u0119cej o &bdquo;S\u00f3l do k\u0105pieli w beczce drzewko \u015bwi\u0105teczne WESO\u0141YCH \u015aWI\u0104T&rdquo;\" rel=\"nofollow\" data-success_message=\"\">Dowiedz si\u0119 wi\u0119cej<\/a>\t<span id=\"woocommerce_loop_add_to_cart_link_describedby_222\" class=\"screen-reader-text\">\n\t\t\t<\/span>\n<\/li>\n<li class=\"product type-product post-221 status-publish last outofstock product_cat-boze-narodzenie product_cat-sole-do-kapieli has-post-thumbnail shipping-taxable purchasable product-type-simple\">\n\t<a href=\"https:\/\/mydlamanufaktura.pl\/?product=sol-do-kapieli-w-beczce-pieczone-jablko\" class=\"woocommerce-LoopProduct-link woocommerce-loop-product__link\"><img loading=\"lazy\" decoding=\"async\" width=\"420\" height=\"280\" src=\"https:\/\/mydlamanufaktura.pl\/wp-content\/uploads\/2024\/06\/IMG_2603-420x280.jpg\" class=\"attachment-woocommerce_thumbnail size-woocommerce_thumbnail\" alt=\"S\u00f3l do k\u0105pieli w beczce pieczone jab\u0142ko Weso\u0142ych \u015awi\u0105t\" srcset=\"https:\/\/mydlamanufaktura.pl\/wp-content\/uploads\/2024\/06\/IMG_2603-420x280.jpg 420w, https:\/\/mydlamanufaktura.pl\/wp-content\/uploads\/2024\/06\/IMG_2603-800x534.jpg 800w, https:\/\/mydlamanufaktura.pl\/wp-content\/uploads\/2024\/06\/IMG_2603-300x200.jpg 300w, https:\/\/mydlamanufaktura.pl\/wp-content\/uploads\/2024\/06\/IMG_2603-1024x683.jpg 1024w, https:\/\/mydlamanufaktura.pl\/wp-content\/uploads\/2024\/06\/IMG_2603-768x512.jpg 768w, https:\/\/mydlamanufaktura.pl\/wp-content\/uploads\/2024\/06\/IMG_2603-1536x1024.jpg 1536w, https:\/\/mydlamanufaktura.pl\/wp-content\/uploads\/2024\/06\/IMG_2603.jpg 1600w\" sizes=\"auto, (max-width: 420px) 100vw, 420px\" \/><h2 class=\"woocommerce-loop-product__title\">S\u00f3l do k\u0105pieli w beczce pieczone jab\u0142ko Weso\u0142ych \u015awi\u0105t<\/h2>\n\t<span class=\"price\"><span class=\"woocommerce-Price-amount amount\"><bdi>42,00&nbsp;<span class=\"woocommerce-Price-currencySymbol\">&#122;&#322;<\/span><\/bdi><\/span><\/span>\n<\/a><a href=\"https:\/\/mydlamanufaktura.pl\/?product=sol-do-kapieli-w-beczce-pieczone-jablko\" aria-describedby=\"woocommerce_loop_add_to_cart_link_describedby_221\" data-quantity=\"1\" class=\"button product_type_simple\" data-product_id=\"221\" data-product_sku=\"\" aria-label=\"Przeczytaj wi\u0119cej o &bdquo;S\u00f3l do k\u0105pieli w beczce pieczone jab\u0142ko Weso\u0142ych \u015awi\u0105t&rdquo;\" rel=\"nofollow\" data-success_message=\"\">Dowiedz si\u0119 wi\u0119cej<\/a>\t<span id=\"woocommerce_loop_add_to_cart_link_describedby_221\" class=\"screen-reader-text\">\n\t\t\t<\/span>\n<\/li>\n<li class=\"product type-product post-215 status-publish first outofstock product_cat-boze-narodzenie product_cat-sole-do-kapieli has-post-thumbnail shipping-taxable purchasable product-type-simple\">\n\t<a href=\"https:\/\/mydlamanufaktura.pl\/?product=sol-do-kapieli-w-beczce-pomarancza-z-cynamonem\" class=\"woocommerce-LoopProduct-link woocommerce-loop-product__link\"><img loading=\"lazy\" decoding=\"async\" width=\"420\" height=\"280\" src=\"https:\/\/mydlamanufaktura.pl\/wp-content\/uploads\/2024\/06\/IMG_2596-420x280.jpg\" class=\"attachment-woocommerce_thumbnail size-woocommerce_thumbnail\" alt=\"S\u00f3l do k\u0105pieli w beczce pomara\u0144cza z cynamonem WESO\u0141YCH \u015aWI\u0104T\" srcset=\"https:\/\/mydlamanufaktura.pl\/wp-content\/uploads\/2024\/06\/IMG_2596-420x280.jpg 420w, https:\/\/mydlamanufaktura.pl\/wp-content\/uploads\/2024\/06\/IMG_2596-800x534.jpg 800w, https:\/\/mydlamanufaktura.pl\/wp-content\/uploads\/2024\/06\/IMG_2596-300x200.jpg 300w, https:\/\/mydlamanufaktura.pl\/wp-content\/uploads\/2024\/06\/IMG_2596-1024x683.jpg 1024w, https:\/\/mydlamanufaktura.pl\/wp-content\/uploads\/2024\/06\/IMG_2596-768x512.jpg 768w, https:\/\/mydlamanufaktura.pl\/wp-content\/uploads\/2024\/06\/IMG_2596-1536x1024.jpg 1536w, https:\/\/mydlamanufaktura.pl\/wp-content\/uploads\/2024\/06\/IMG_2596.jpg 1600w\" sizes=\"auto, (max-width: 420px) 100vw, 420px\" \/><h2 class=\"woocommerce-loop-product__title\">S\u00f3l do k\u0105pieli w beczce pomara\u0144cza z cynamonem WESO\u0141YCH \u015aWI\u0104T<\/h2>\n\t<span class=\"price\"><span class=\"woocommerce-Price-amount amount\"><bdi>42,00&nbsp;<span class=\"woocommerce-Price-currencySymbol\">&#122;&#322;<\/span><\/bdi><\/span><\/span>\n<\/a><a href=\"https:\/\/mydlamanufaktura.pl\/?product=sol-do-kapieli-w-beczce-pomarancza-z-cynamonem\" aria-describedby=\"woocommerce_loop_add_to_cart_link_describedby_215\" data-quantity=\"1\" class=\"button product_type_simple\" data-product_id=\"215\" data-product_sku=\"\" aria-label=\"Przeczytaj wi\u0119cej o &bdquo;S\u00f3l do k\u0105pieli w beczce pomara\u0144cza z cynamonem WESO\u0141YCH \u015aWI\u0104T&rdquo;\" rel=\"nofollow\" data-success_message=\"\">Dowiedz si\u0119 wi\u0119cej<\/a>\t<span id=\"woocommerce_loop_add_to_cart_link_describedby_215\" class=\"screen-reader-text\">\n\t\t\t<\/span>\n<\/li>\n<\/ul>\n<\/div>\n","protected":false},"excerpt":{"rendered":"","protected":false},"author":27,"featured_media":0,"parent":944,"menu_order":0,"comment_status":"closed","ping_status":"closed","template":"page.php","meta":{"_monsterinsights_skip_tracking":false,"_monsterinsights_sitenote_active":false,"_monsterinsights_sitenote_note":"","_monsterinsights_sitenote_category":0,"footnotes":""},"class_list":["post-13945","page","type-page","status-publish","hentry"],"aioseo_notices":[],"jetpack_sharing_enabled":true,"_links":{"self":[{"href":"https:\/\/mydlamanufaktura.pl\/index.php?rest_route=\/wp\/v2\/pages\/13945","targetHints":{"allow":["GET"]}}],"collection":[{"href":"https:\/\/mydlamanufaktura.pl\/index.php?rest_route=\/wp\/v2\/pages"}],"about":[{"href":"https:\/\/mydlamanufaktura.pl\/index.php?rest_route=\/wp\/v2\/types\/page"}],"author":[{"embeddable":true,"href":"https:\/\/mydlamanufaktura.pl\/index.php?rest_route=\/wp\/v2\/users\/27"}],"replies":[{"embeddable":true,"href":"https:\/\/mydlamanufaktura.pl\/index.php?rest_route=%2Fwp%2Fv2%2Fcomments&post=13945"}],"version-history":[{"count":3,"href":"https:\/\/mydlamanufaktura.pl\/index.php?rest_route=\/wp\/v2\/pages\/13945\/revisions"}],"predecessor-version":[{"id":14108,"href":"https:\/\/mydlamanufaktura.pl\/index.php?rest_route=\/wp\/v2\/pages\/13945\/revisions\/14108"}],"up":[{"embeddable":true,"href":"https:\/\/mydlamanufaktura.pl\/index.php?rest_route=\/wp\/v2\/pages\/944"}],"wp:attachment":[{"href":"https:\/\/mydlamanufaktura.pl\/index.php?rest_route=%2Fwp%2Fv2%2Fmedia&parent=13945"}],"curies":[{"name":"wp","href":"https:\/\/api.w.org\/{rel}","templated":true}]}}