{"id":1101,"date":"2024-07-13T09:10:54","date_gmt":"2024-07-13T09:10:54","guid":{"rendered":"https:\/\/mydlamanufaktura.pl\/?page_id=1101"},"modified":"2024-07-22T08:35:41","modified_gmt":"2024-07-22T08:35:41","slug":"walentynki-2","status":"publish","type":"page","link":"https:\/\/mydlamanufaktura.pl\/?page_id=1101","title":{"rendered":"Walentynki"},"content":{"rendered":"<div class=\"woocommerce columns-3 product-grid\"><div class=\"woocommerce-notices-wrapper\"><\/div><div class=\"woocommerce-sorting-wrapper\"><div class=\"row\"><div class=\"col-md-6 col-6 botiga-sorting-left\"><div class=\"botiga-sorting-left-inner\"><p class=\"woocommerce-result-count\" role=\"alert\" aria-relevant=\"all\" >\n\tWy\u015bwietlanie wszystkich wynik\u00f3w: 10<\/p>\n<\/div><\/div><div class=\"col-md-6 col-6 botiga-sorting-right\"><div class=\"botiga-sorting-right-inner\"><form class=\"woocommerce-ordering\" method=\"get\">\n\t\t<select\n\t\tname=\"orderby\"\n\t\tclass=\"orderby\"\n\t\t\t\t\taria-label=\"Zam\u00f3wienie w sklepie\"\n\t\t\t>\n\t\t\t\t\t<option value=\"menu_order\"  selected='selected'>Domy\u015blne sortowanie<\/option>\n\t\t\t\t\t<option value=\"popularity\" >Sortuj wg popularno\u015bci<\/option>\n\t\t\t\t\t<option value=\"rating\" >Sortuj wg \u015bredniej oceny<\/option>\n\t\t\t\t\t<option value=\"date\" >Sortuj od najnowszych<\/option>\n\t\t\t\t\t<option value=\"price\" >Sortuj po cenie od najni\u017cszej<\/option>\n\t\t\t\t\t<option value=\"price-desc\" >Sortuj po cenie od najwy\u017cszej<\/option>\n\t\t\t<\/select>\n\t<input type=\"hidden\" name=\"paged\" value=\"1\" \/>\n\t<input type=\"hidden\" name=\"rest_route\" value=\"\/wp\/v2\/pages\/1101\" \/><\/form>\n<\/div><\/div><\/div><\/div><ul class=\"products columns-3\">\n<li class=\"product type-product post-574 status-publish first instock product_cat-mydla product_cat-mydla-z-formy product_cat-slub product_cat-walentynki has-post-thumbnail shipping-taxable purchasable product-type-simple\">\n\t<a href=\"https:\/\/mydlamanufaktura.pl\/?product=i\" class=\"woocommerce-LoopProduct-link woocommerce-loop-product__link\"><img loading=\"lazy\" decoding=\"async\" width=\"420\" height=\"280\" src=\"https:\/\/mydlamanufaktura.pl\/wp-content\/uploads\/2024\/06\/IMG_1175-420x280.jpg\" class=\"attachment-woocommerce_thumbnail size-woocommerce_thumbnail\" alt=\"i &lt;3 u\" srcset=\"https:\/\/mydlamanufaktura.pl\/wp-content\/uploads\/2024\/06\/IMG_1175-420x280.jpg 420w, https:\/\/mydlamanufaktura.pl\/wp-content\/uploads\/2024\/06\/IMG_1175-800x534.jpg 800w, https:\/\/mydlamanufaktura.pl\/wp-content\/uploads\/2024\/06\/IMG_1175-300x200.jpg 300w, https:\/\/mydlamanufaktura.pl\/wp-content\/uploads\/2024\/06\/IMG_1175-1024x683.jpg 1024w, https:\/\/mydlamanufaktura.pl\/wp-content\/uploads\/2024\/06\/IMG_1175-768x512.jpg 768w, https:\/\/mydlamanufaktura.pl\/wp-content\/uploads\/2024\/06\/IMG_1175-1536x1024.jpg 1536w, https:\/\/mydlamanufaktura.pl\/wp-content\/uploads\/2024\/06\/IMG_1175.jpg 1600w\" sizes=\"auto, (max-width: 420px) 100vw, 420px\" \/><h2 class=\"woocommerce-loop-product__title\">i <3 u<\/h2>\n\t<span class=\"price\"><span class=\"woocommerce-Price-amount amount\"><bdi>14,00&nbsp;<span class=\"woocommerce-Price-currencySymbol\">&#122;&#322;<\/span><\/bdi><\/span><\/span>\n<\/a><a href=\"\/index.php?rest_route=%2Fwp%2Fv2%2Fpages%2F1101&#038;add-to-cart=574\" aria-describedby=\"woocommerce_loop_add_to_cart_link_describedby_574\" data-quantity=\"1\" class=\"button product_type_simple add_to_cart_button ajax_add_to_cart\" data-product_id=\"574\" data-product_sku=\"\" aria-label=\"Dodaj do koszyka: &bdquo;i\" rel=\"nofollow\" data-success_message=\"&ldquo;i &lt;3 u&rdquo; zosta\u0142 dodany do twojego koszyka\" role=\"button\">Dodaj do koszyka<\/a>\t<span id=\"woocommerce_loop_add_to_cart_link_describedby_574\" class=\"screen-reader-text\">\n\t\t\t<\/span>\n<\/li>\n<li class=\"product type-product post-462 status-publish instock product_cat-mydla-z-formy product_cat-slub product_cat-walentynki has-post-thumbnail shipping-taxable purchasable product-type-variable\">\n\t<a href=\"https:\/\/mydlamanufaktura.pl\/?product=serce\" class=\"woocommerce-LoopProduct-link woocommerce-loop-product__link\"><img loading=\"lazy\" decoding=\"async\" width=\"420\" height=\"280\" src=\"https:\/\/mydlamanufaktura.pl\/wp-content\/uploads\/2024\/06\/IMG_7698-420x280.jpg\" class=\"attachment-woocommerce_thumbnail size-woocommerce_thumbnail\" alt=\"Serce\" srcset=\"https:\/\/mydlamanufaktura.pl\/wp-content\/uploads\/2024\/06\/IMG_7698-420x280.jpg 420w, https:\/\/mydlamanufaktura.pl\/wp-content\/uploads\/2024\/06\/IMG_7698-800x534.jpg 800w, https:\/\/mydlamanufaktura.pl\/wp-content\/uploads\/2024\/06\/IMG_7698-300x200.jpg 300w, https:\/\/mydlamanufaktura.pl\/wp-content\/uploads\/2024\/06\/IMG_7698-1024x683.jpg 1024w, https:\/\/mydlamanufaktura.pl\/wp-content\/uploads\/2024\/06\/IMG_7698-768x512.jpg 768w, https:\/\/mydlamanufaktura.pl\/wp-content\/uploads\/2024\/06\/IMG_7698-1536x1024.jpg 1536w, https:\/\/mydlamanufaktura.pl\/wp-content\/uploads\/2024\/06\/IMG_7698.jpg 1600w\" sizes=\"auto, (max-width: 420px) 100vw, 420px\" \/><h2 class=\"woocommerce-loop-product__title\">Serce<\/h2>\n\t<span class=\"price\"><span class=\"woocommerce-Price-amount amount\"><bdi>10,00&nbsp;<span class=\"woocommerce-Price-currencySymbol\">&#122;&#322;<\/span><\/bdi><\/span><\/span>\n<\/a><a href=\"https:\/\/mydlamanufaktura.pl\/?product=serce\" aria-describedby=\"woocommerce_loop_add_to_cart_link_describedby_462\" data-quantity=\"1\" class=\"button product_type_variable add_to_cart_button\" data-product_id=\"462\" data-product_sku=\"\" aria-label=\"Wybierz opcje dla &bdquo;Serce&rdquo;\" rel=\"nofollow\">Wybierz opcje<\/a>\t<span id=\"woocommerce_loop_add_to_cart_link_describedby_462\" class=\"screen-reader-text\">\n\t\tTen produkt ma wiele wariant\u00f3w. Opcje mo\u017cna wybra\u0107 na stronie produktu\t<\/span>\n<\/li>\n<li class=\"product type-product post-464 status-publish last instock product_cat-swiece-i-aromaterapia product_cat-swiece-ozdobne product_cat-walentynki has-post-thumbnail shipping-taxable purchasable product-type-variable\">\n\t<a href=\"https:\/\/mydlamanufaktura.pl\/?product=walentynkowa-swieca-zapachowa-moja-milosc\" class=\"woocommerce-LoopProduct-link woocommerce-loop-product__link\"><img loading=\"lazy\" decoding=\"async\" width=\"420\" height=\"280\" src=\"https:\/\/mydlamanufaktura.pl\/wp-content\/uploads\/2024\/06\/20240201_131402-420x280.jpg\" class=\"attachment-woocommerce_thumbnail size-woocommerce_thumbnail\" alt=\"Walentynkowa \u015bwieca zapachowa MOJA MI\u0141O\u015a\u0106...\" srcset=\"https:\/\/mydlamanufaktura.pl\/wp-content\/uploads\/2024\/06\/20240201_131402-420x280.jpg 420w, https:\/\/mydlamanufaktura.pl\/wp-content\/uploads\/2024\/06\/20240201_131402-800x534.jpg 800w, https:\/\/mydlamanufaktura.pl\/wp-content\/uploads\/2024\/06\/20240201_131402-300x200.jpg 300w, https:\/\/mydlamanufaktura.pl\/wp-content\/uploads\/2024\/06\/20240201_131402-1024x683.jpg 1024w, https:\/\/mydlamanufaktura.pl\/wp-content\/uploads\/2024\/06\/20240201_131402-768x512.jpg 768w, https:\/\/mydlamanufaktura.pl\/wp-content\/uploads\/2024\/06\/20240201_131402-1536x1024.jpg 1536w, https:\/\/mydlamanufaktura.pl\/wp-content\/uploads\/2024\/06\/20240201_131402.jpg 1600w\" sizes=\"auto, (max-width: 420px) 100vw, 420px\" \/><h2 class=\"woocommerce-loop-product__title\">Walentynkowa \u015bwieca zapachowa MOJA MI\u0141O\u015a\u0106&#8230;<\/h2>\n\t<span class=\"price\"><span class=\"woocommerce-Price-amount amount\"><bdi>38,00&nbsp;<span class=\"woocommerce-Price-currencySymbol\">&#122;&#322;<\/span><\/bdi><\/span><\/span>\n<\/a><a href=\"https:\/\/mydlamanufaktura.pl\/?product=walentynkowa-swieca-zapachowa-moja-milosc\" aria-describedby=\"woocommerce_loop_add_to_cart_link_describedby_464\" data-quantity=\"1\" class=\"button product_type_variable add_to_cart_button\" data-product_id=\"464\" data-product_sku=\"\" aria-label=\"Wybierz opcje dla &bdquo;Walentynkowa \u015bwieca zapachowa MOJA MI\u0141O\u015a\u0106...&rdquo;\" rel=\"nofollow\">Wybierz opcje<\/a>\t<span id=\"woocommerce_loop_add_to_cart_link_describedby_464\" class=\"screen-reader-text\">\n\t\tTen produkt ma wiele wariant\u00f3w. Opcje mo\u017cna wybra\u0107 na stronie produktu\t<\/span>\n<\/li>\n<li class=\"product type-product post-472 status-publish first instock product_cat-swiece-i-aromaterapia product_cat-swiece-ozdobne product_cat-walentynki has-post-thumbnail shipping-taxable purchasable product-type-variable\">\n\t<a href=\"https:\/\/mydlamanufaktura.pl\/?product=walentynkowa-swieca-zapachowa-rozpalasz-we-mnie\" class=\"woocommerce-LoopProduct-link woocommerce-loop-product__link\"><img loading=\"lazy\" decoding=\"async\" width=\"420\" height=\"280\" src=\"https:\/\/mydlamanufaktura.pl\/wp-content\/uploads\/2024\/06\/DSC07373-420x280.jpg\" class=\"attachment-woocommerce_thumbnail size-woocommerce_thumbnail\" alt=\"Walentynkowa \u015bwieca zapachowa ROZPALASZ WE MNIE...\" srcset=\"https:\/\/mydlamanufaktura.pl\/wp-content\/uploads\/2024\/06\/DSC07373-420x280.jpg 420w, https:\/\/mydlamanufaktura.pl\/wp-content\/uploads\/2024\/06\/DSC07373-800x534.jpg 800w, https:\/\/mydlamanufaktura.pl\/wp-content\/uploads\/2024\/06\/DSC07373-300x200.jpg 300w, https:\/\/mydlamanufaktura.pl\/wp-content\/uploads\/2024\/06\/DSC07373-1024x683.jpg 1024w, https:\/\/mydlamanufaktura.pl\/wp-content\/uploads\/2024\/06\/DSC07373-768x512.jpg 768w, https:\/\/mydlamanufaktura.pl\/wp-content\/uploads\/2024\/06\/DSC07373-1536x1024.jpg 1536w, https:\/\/mydlamanufaktura.pl\/wp-content\/uploads\/2024\/06\/DSC07373.jpg 1600w\" sizes=\"auto, (max-width: 420px) 100vw, 420px\" \/><h2 class=\"woocommerce-loop-product__title\">Walentynkowa \u015bwieca zapachowa ROZPALASZ WE MNIE&#8230;<\/h2>\n\t<span class=\"price\"><span class=\"woocommerce-Price-amount amount\"><bdi>38,00&nbsp;<span class=\"woocommerce-Price-currencySymbol\">&#122;&#322;<\/span><\/bdi><\/span><\/span>\n<\/a><a href=\"https:\/\/mydlamanufaktura.pl\/?product=walentynkowa-swieca-zapachowa-rozpalasz-we-mnie\" aria-describedby=\"woocommerce_loop_add_to_cart_link_describedby_472\" data-quantity=\"1\" class=\"button product_type_variable add_to_cart_button\" data-product_id=\"472\" data-product_sku=\"\" aria-label=\"Wybierz opcje dla &bdquo;Walentynkowa \u015bwieca zapachowa ROZPALASZ WE MNIE...&rdquo;\" rel=\"nofollow\">Wybierz opcje<\/a>\t<span id=\"woocommerce_loop_add_to_cart_link_describedby_472\" class=\"screen-reader-text\">\n\t\tTen produkt ma wiele wariant\u00f3w. Opcje mo\u017cna wybra\u0107 na stronie produktu\t<\/span>\n<\/li>\n<li class=\"product type-product post-604 status-publish instock product_cat-walentynki product_cat-zestawy-mydel has-post-thumbnail shipping-taxable purchasable product-type-simple\">\n\t<a href=\"https:\/\/mydlamanufaktura.pl\/?product=zestaw-mydel-walentynki\" class=\"woocommerce-LoopProduct-link woocommerce-loop-product__link\"><img loading=\"lazy\" decoding=\"async\" width=\"420\" height=\"310\" src=\"https:\/\/mydlamanufaktura.pl\/wp-content\/uploads\/2024\/06\/IMG_6754-e1706000272690-420x310.jpg\" class=\"attachment-woocommerce_thumbnail size-woocommerce_thumbnail\" alt=\"Zestaw myde\u0142 Walentynki\" srcset=\"https:\/\/mydlamanufaktura.pl\/wp-content\/uploads\/2024\/06\/IMG_6754-e1706000272690-420x310.jpg 420w, https:\/\/mydlamanufaktura.pl\/wp-content\/uploads\/2024\/06\/IMG_6754-e1706000272690-800x591.jpg 800w, https:\/\/mydlamanufaktura.pl\/wp-content\/uploads\/2024\/06\/IMG_6754-e1706000272690-300x222.jpg 300w, https:\/\/mydlamanufaktura.pl\/wp-content\/uploads\/2024\/06\/IMG_6754-e1706000272690-1024x756.jpg 1024w, https:\/\/mydlamanufaktura.pl\/wp-content\/uploads\/2024\/06\/IMG_6754-e1706000272690-768x567.jpg 768w, https:\/\/mydlamanufaktura.pl\/wp-content\/uploads\/2024\/06\/IMG_6754-e1706000272690.jpg 1380w\" sizes=\"auto, (max-width: 420px) 100vw, 420px\" \/><h2 class=\"woocommerce-loop-product__title\">Zestaw myde\u0142 Walentynki<\/h2>\n\t<span class=\"price\"><span class=\"woocommerce-Price-amount amount\"><bdi>38,00&nbsp;<span class=\"woocommerce-Price-currencySymbol\">&#122;&#322;<\/span><\/bdi><\/span><\/span>\n<\/a><a href=\"\/index.php?rest_route=%2Fwp%2Fv2%2Fpages%2F1101&#038;add-to-cart=604\" aria-describedby=\"woocommerce_loop_add_to_cart_link_describedby_604\" data-quantity=\"1\" class=\"button product_type_simple add_to_cart_button ajax_add_to_cart\" data-product_id=\"604\" data-product_sku=\"\" aria-label=\"Dodaj do koszyka: &bdquo;Zestaw myde\u0142 Walentynki&rdquo;\" rel=\"nofollow\" data-success_message=\"&ldquo;Zestaw myde\u0142 Walentynki&rdquo; zosta\u0142 dodany do twojego koszyka\" role=\"button\">Dodaj do koszyka<\/a>\t<span id=\"woocommerce_loop_add_to_cart_link_describedby_604\" class=\"screen-reader-text\">\n\t\t\t<\/span>\n<\/li>\n<li class=\"product type-product post-314 status-publish last instock product_cat-walentynki has-post-thumbnail shipping-taxable purchasable product-type-variable\">\n\t<a href=\"https:\/\/mydlamanufaktura.pl\/?product=zestaw-prezentowy-romantyczny-wieczor-we-dwoje\" class=\"woocommerce-LoopProduct-link woocommerce-loop-product__link\"><img loading=\"lazy\" decoding=\"async\" width=\"420\" height=\"280\" src=\"https:\/\/mydlamanufaktura.pl\/wp-content\/uploads\/2024\/06\/IMG_6553-420x280.jpg\" class=\"attachment-woocommerce_thumbnail size-woocommerce_thumbnail\" alt=\"Zestaw prezentowy ROMANTYCZNY WIECZ\u00d3R WE DWOJE\" srcset=\"https:\/\/mydlamanufaktura.pl\/wp-content\/uploads\/2024\/06\/IMG_6553-420x280.jpg 420w, https:\/\/mydlamanufaktura.pl\/wp-content\/uploads\/2024\/06\/IMG_6553-800x534.jpg 800w, https:\/\/mydlamanufaktura.pl\/wp-content\/uploads\/2024\/06\/IMG_6553-300x200.jpg 300w, https:\/\/mydlamanufaktura.pl\/wp-content\/uploads\/2024\/06\/IMG_6553-1024x683.jpg 1024w, https:\/\/mydlamanufaktura.pl\/wp-content\/uploads\/2024\/06\/IMG_6553-768x512.jpg 768w, https:\/\/mydlamanufaktura.pl\/wp-content\/uploads\/2024\/06\/IMG_6553-1536x1024.jpg 1536w, https:\/\/mydlamanufaktura.pl\/wp-content\/uploads\/2024\/06\/IMG_6553.jpg 1600w\" sizes=\"auto, (max-width: 420px) 100vw, 420px\" \/><h2 class=\"woocommerce-loop-product__title\">Zestaw prezentowy ROMANTYCZNY WIECZ\u00d3R WE DWOJE<\/h2>\n\t<span class=\"price\"><span class=\"woocommerce-Price-amount amount\"><bdi>85,00&nbsp;<span class=\"woocommerce-Price-currencySymbol\">&#122;&#322;<\/span><\/bdi><\/span><\/span>\n<\/a><a href=\"https:\/\/mydlamanufaktura.pl\/?product=zestaw-prezentowy-romantyczny-wieczor-we-dwoje\" aria-describedby=\"woocommerce_loop_add_to_cart_link_describedby_314\" data-quantity=\"1\" class=\"button product_type_variable add_to_cart_button\" data-product_id=\"314\" data-product_sku=\"\" aria-label=\"Wybierz opcje dla &bdquo;Zestaw prezentowy ROMANTYCZNY WIECZ\u00d3R WE DWOJE&rdquo;\" rel=\"nofollow\">Wybierz opcje<\/a>\t<span id=\"woocommerce_loop_add_to_cart_link_describedby_314\" class=\"screen-reader-text\">\n\t\tTen produkt ma wiele wariant\u00f3w. Opcje mo\u017cna wybra\u0107 na stronie produktu\t<\/span>\n<\/li>\n<li class=\"product type-product post-231 status-publish first instock product_cat-walentynki has-post-thumbnail shipping-taxable purchasable product-type-variable\">\n\t<a href=\"https:\/\/mydlamanufaktura.pl\/?product=zestaw-prezentowy-walentynki-i\" class=\"woocommerce-LoopProduct-link woocommerce-loop-product__link\"><img loading=\"lazy\" decoding=\"async\" width=\"420\" height=\"280\" src=\"https:\/\/mydlamanufaktura.pl\/wp-content\/uploads\/2024\/06\/IMG_6514-420x280.jpg\" class=\"attachment-woocommerce_thumbnail size-woocommerce_thumbnail\" alt=\"Zestaw prezentowy WALENTYNKI I\" srcset=\"https:\/\/mydlamanufaktura.pl\/wp-content\/uploads\/2024\/06\/IMG_6514-420x280.jpg 420w, https:\/\/mydlamanufaktura.pl\/wp-content\/uploads\/2024\/06\/IMG_6514-800x534.jpg 800w, https:\/\/mydlamanufaktura.pl\/wp-content\/uploads\/2024\/06\/IMG_6514-300x200.jpg 300w, https:\/\/mydlamanufaktura.pl\/wp-content\/uploads\/2024\/06\/IMG_6514-1024x683.jpg 1024w, https:\/\/mydlamanufaktura.pl\/wp-content\/uploads\/2024\/06\/IMG_6514-768x512.jpg 768w, https:\/\/mydlamanufaktura.pl\/wp-content\/uploads\/2024\/06\/IMG_6514-1536x1024.jpg 1536w, https:\/\/mydlamanufaktura.pl\/wp-content\/uploads\/2024\/06\/IMG_6514.jpg 1600w\" sizes=\"auto, (max-width: 420px) 100vw, 420px\" \/><h2 class=\"woocommerce-loop-product__title\">Zestaw prezentowy WALENTYNKI I<\/h2>\n\t<span class=\"price\"><span class=\"woocommerce-Price-amount amount\"><bdi>40,00&nbsp;<span class=\"woocommerce-Price-currencySymbol\">&#122;&#322;<\/span><\/bdi><\/span><\/span>\n<\/a><a href=\"https:\/\/mydlamanufaktura.pl\/?product=zestaw-prezentowy-walentynki-i\" aria-describedby=\"woocommerce_loop_add_to_cart_link_describedby_231\" data-quantity=\"1\" class=\"button product_type_variable add_to_cart_button\" data-product_id=\"231\" data-product_sku=\"\" aria-label=\"Wybierz opcje dla &bdquo;Zestaw prezentowy WALENTYNKI I&rdquo;\" rel=\"nofollow\">Wybierz opcje<\/a>\t<span id=\"woocommerce_loop_add_to_cart_link_describedby_231\" class=\"screen-reader-text\">\n\t\tTen produkt ma wiele wariant\u00f3w. Opcje mo\u017cna wybra\u0107 na stronie produktu\t<\/span>\n<\/li>\n<li class=\"product type-product post-583 status-publish instock product_cat-walentynki has-post-thumbnail shipping-taxable purchasable product-type-variable\">\n\t<a href=\"https:\/\/mydlamanufaktura.pl\/?product=zestaw-prezentowy-walentynki-ii\" class=\"woocommerce-LoopProduct-link woocommerce-loop-product__link\"><img loading=\"lazy\" decoding=\"async\" width=\"420\" height=\"280\" src=\"https:\/\/mydlamanufaktura.pl\/wp-content\/uploads\/2024\/06\/IMG_6487-420x280.jpg\" class=\"attachment-woocommerce_thumbnail size-woocommerce_thumbnail\" alt=\"Zestaw prezentowy WALENTYNKI II\" srcset=\"https:\/\/mydlamanufaktura.pl\/wp-content\/uploads\/2024\/06\/IMG_6487-420x280.jpg 420w, https:\/\/mydlamanufaktura.pl\/wp-content\/uploads\/2024\/06\/IMG_6487-800x534.jpg 800w, https:\/\/mydlamanufaktura.pl\/wp-content\/uploads\/2024\/06\/IMG_6487-300x200.jpg 300w, https:\/\/mydlamanufaktura.pl\/wp-content\/uploads\/2024\/06\/IMG_6487-1024x683.jpg 1024w, https:\/\/mydlamanufaktura.pl\/wp-content\/uploads\/2024\/06\/IMG_6487-768x512.jpg 768w, https:\/\/mydlamanufaktura.pl\/wp-content\/uploads\/2024\/06\/IMG_6487-1536x1024.jpg 1536w, https:\/\/mydlamanufaktura.pl\/wp-content\/uploads\/2024\/06\/IMG_6487.jpg 1600w\" sizes=\"auto, (max-width: 420px) 100vw, 420px\" \/><h2 class=\"woocommerce-loop-product__title\">Zestaw prezentowy WALENTYNKI II<\/h2>\n\t<span class=\"price\"><span class=\"woocommerce-Price-amount amount\"><bdi>45,00&nbsp;<span class=\"woocommerce-Price-currencySymbol\">&#122;&#322;<\/span><\/bdi><\/span><\/span>\n<\/a><a href=\"https:\/\/mydlamanufaktura.pl\/?product=zestaw-prezentowy-walentynki-ii\" aria-describedby=\"woocommerce_loop_add_to_cart_link_describedby_583\" data-quantity=\"1\" class=\"button product_type_variable add_to_cart_button\" data-product_id=\"583\" data-product_sku=\"\" aria-label=\"Wybierz opcje dla &bdquo;Zestaw prezentowy WALENTYNKI II&rdquo;\" rel=\"nofollow\">Wybierz opcje<\/a>\t<span id=\"woocommerce_loop_add_to_cart_link_describedby_583\" class=\"screen-reader-text\">\n\t\tTen produkt ma wiele wariant\u00f3w. Opcje mo\u017cna wybra\u0107 na stronie produktu\t<\/span>\n<\/li>\n<li class=\"product type-product post-589 status-publish last instock product_cat-walentynki has-post-thumbnail shipping-taxable purchasable product-type-variable\">\n\t<a href=\"https:\/\/mydlamanufaktura.pl\/?product=zestaw-prezentowy-walentynki-iii\" class=\"woocommerce-LoopProduct-link woocommerce-loop-product__link\"><img loading=\"lazy\" decoding=\"async\" width=\"420\" height=\"280\" src=\"https:\/\/mydlamanufaktura.pl\/wp-content\/uploads\/2024\/06\/IMG_6606-420x280.jpg\" class=\"attachment-woocommerce_thumbnail size-woocommerce_thumbnail\" alt=\"Zestaw prezentowy WALENTYNKI III\" srcset=\"https:\/\/mydlamanufaktura.pl\/wp-content\/uploads\/2024\/06\/IMG_6606-420x280.jpg 420w, https:\/\/mydlamanufaktura.pl\/wp-content\/uploads\/2024\/06\/IMG_6606-800x534.jpg 800w, https:\/\/mydlamanufaktura.pl\/wp-content\/uploads\/2024\/06\/IMG_6606-300x200.jpg 300w, https:\/\/mydlamanufaktura.pl\/wp-content\/uploads\/2024\/06\/IMG_6606-1024x683.jpg 1024w, https:\/\/mydlamanufaktura.pl\/wp-content\/uploads\/2024\/06\/IMG_6606-768x512.jpg 768w, https:\/\/mydlamanufaktura.pl\/wp-content\/uploads\/2024\/06\/IMG_6606-1536x1024.jpg 1536w, https:\/\/mydlamanufaktura.pl\/wp-content\/uploads\/2024\/06\/IMG_6606.jpg 1600w\" sizes=\"auto, (max-width: 420px) 100vw, 420px\" \/><h2 class=\"woocommerce-loop-product__title\">Zestaw prezentowy WALENTYNKI III<\/h2>\n\t<span class=\"price\"><span class=\"woocommerce-Price-amount amount\"><bdi>80,00&nbsp;<span class=\"woocommerce-Price-currencySymbol\">&#122;&#322;<\/span><\/bdi><\/span><\/span>\n<\/a><a href=\"https:\/\/mydlamanufaktura.pl\/?product=zestaw-prezentowy-walentynki-iii\" aria-describedby=\"woocommerce_loop_add_to_cart_link_describedby_589\" data-quantity=\"1\" class=\"button product_type_variable add_to_cart_button\" data-product_id=\"589\" data-product_sku=\"\" aria-label=\"Wybierz opcje dla &bdquo;Zestaw prezentowy WALENTYNKI III&rdquo;\" rel=\"nofollow\">Wybierz opcje<\/a>\t<span id=\"woocommerce_loop_add_to_cart_link_describedby_589\" class=\"screen-reader-text\">\n\t\tTen produkt ma wiele wariant\u00f3w. Opcje mo\u017cna wybra\u0107 na stronie produktu\t<\/span>\n<\/li>\n<li class=\"product type-product post-627 status-publish first instock product_cat-walentynki has-post-thumbnail shipping-taxable purchasable product-type-variable\">\n\t<a href=\"https:\/\/mydlamanufaktura.pl\/?product=zestaw-prezentowy-walentynki-iv\" class=\"woocommerce-LoopProduct-link woocommerce-loop-product__link\"><img loading=\"lazy\" decoding=\"async\" width=\"420\" height=\"280\" src=\"https:\/\/mydlamanufaktura.pl\/wp-content\/uploads\/2024\/06\/IMG_6584-420x280.jpg\" class=\"attachment-woocommerce_thumbnail size-woocommerce_thumbnail\" alt=\"Zestaw prezentowy WALENTYNKI IV\" srcset=\"https:\/\/mydlamanufaktura.pl\/wp-content\/uploads\/2024\/06\/IMG_6584-420x280.jpg 420w, https:\/\/mydlamanufaktura.pl\/wp-content\/uploads\/2024\/06\/IMG_6584-800x534.jpg 800w, https:\/\/mydlamanufaktura.pl\/wp-content\/uploads\/2024\/06\/IMG_6584-300x200.jpg 300w, https:\/\/mydlamanufaktura.pl\/wp-content\/uploads\/2024\/06\/IMG_6584-1024x683.jpg 1024w, https:\/\/mydlamanufaktura.pl\/wp-content\/uploads\/2024\/06\/IMG_6584-768x512.jpg 768w, https:\/\/mydlamanufaktura.pl\/wp-content\/uploads\/2024\/06\/IMG_6584-1536x1024.jpg 1536w, https:\/\/mydlamanufaktura.pl\/wp-content\/uploads\/2024\/06\/IMG_6584.jpg 1600w\" sizes=\"auto, (max-width: 420px) 100vw, 420px\" \/><h2 class=\"woocommerce-loop-product__title\">Zestaw prezentowy WALENTYNKI IV<\/h2>\n\t<span class=\"price\"><span class=\"woocommerce-Price-amount amount\"><bdi>85,00&nbsp;<span class=\"woocommerce-Price-currencySymbol\">&#122;&#322;<\/span><\/bdi><\/span><\/span>\n<\/a><a href=\"https:\/\/mydlamanufaktura.pl\/?product=zestaw-prezentowy-walentynki-iv\" aria-describedby=\"woocommerce_loop_add_to_cart_link_describedby_627\" data-quantity=\"1\" class=\"button product_type_variable add_to_cart_button\" data-product_id=\"627\" data-product_sku=\"\" aria-label=\"Wybierz opcje dla &bdquo;Zestaw prezentowy WALENTYNKI IV&rdquo;\" rel=\"nofollow\">Wybierz opcje<\/a>\t<span id=\"woocommerce_loop_add_to_cart_link_describedby_627\" class=\"screen-reader-text\">\n\t\tTen produkt ma wiele wariant\u00f3w. Opcje mo\u017cna wybra\u0107 na stronie produktu\t<\/span>\n<\/li>\n<\/ul>\n<\/div>\n","protected":false},"excerpt":{"rendered":"","protected":false},"author":1,"featured_media":0,"parent":0,"menu_order":0,"comment_status":"closed","ping_status":"closed","template":"page.php","meta":{"_monsterinsights_skip_tracking":false,"_monsterinsights_sitenote_active":false,"_monsterinsights_sitenote_note":"","_monsterinsights_sitenote_category":0,"footnotes":""},"class_list":["post-1101","page","type-page","status-publish","hentry"],"aioseo_notices":[],"jetpack_sharing_enabled":true,"_links":{"self":[{"href":"https:\/\/mydlamanufaktura.pl\/index.php?rest_route=\/wp\/v2\/pages\/1101","targetHints":{"allow":["GET"]}}],"collection":[{"href":"https:\/\/mydlamanufaktura.pl\/index.php?rest_route=\/wp\/v2\/pages"}],"about":[{"href":"https:\/\/mydlamanufaktura.pl\/index.php?rest_route=\/wp\/v2\/types\/page"}],"author":[{"embeddable":true,"href":"https:\/\/mydlamanufaktura.pl\/index.php?rest_route=\/wp\/v2\/users\/1"}],"replies":[{"embeddable":true,"href":"https:\/\/mydlamanufaktura.pl\/index.php?rest_route=%2Fwp%2Fv2%2Fcomments&post=1101"}],"version-history":[{"count":5,"href":"https:\/\/mydlamanufaktura.pl\/index.php?rest_route=\/wp\/v2\/pages\/1101\/revisions"}],"predecessor-version":[{"id":13685,"href":"https:\/\/mydlamanufaktura.pl\/index.php?rest_route=\/wp\/v2\/pages\/1101\/revisions\/13685"}],"wp:attachment":[{"href":"https:\/\/mydlamanufaktura.pl\/index.php?rest_route=%2Fwp%2Fv2%2Fmedia&parent=1101"}],"curies":[{"name":"wp","href":"https:\/\/api.w.org\/{rel}","templated":true}]}}