{"id":1006,"date":"2024-07-08T16:58:45","date_gmt":"2024-07-08T16:58:45","guid":{"rendered":"https:\/\/mydlamanufaktura.pl\/?page_id=1006"},"modified":"2024-07-13T19:05:29","modified_gmt":"2024-07-13T19:05:29","slug":"swiece-roslinne-z-soi","status":"publish","type":"page","link":"https:\/\/mydlamanufaktura.pl\/?page_id=1006","title":{"rendered":"\u015bwiece ro\u015blinne z soi"},"content":{"rendered":"<div data-block-name=\"woocommerce\/product-category\" data-categories=\"[71]\" class=\"wc-block-grid wp-block-product-category wp-block-woocommerce-product-category wc-block-product-category has-3-columns has-multiple-rows\"><ul class=\"wc-block-grid__products\"><li class=\"wc-block-grid__product product-grid \">\n\t\t\t\t<div class=\"loop-image-wrap botiga-add-to-cart-button-layout3\">\n\t\t\t\t\t<a href=\"https:\/\/mydlamanufaktura.pl\/?product=swieca-sojowa-retro-men\" class=\"wc-block-grid__product-link\">\n\t\t\t\t\t\t<div class=\"wc-block-grid__product-image\"><img loading=\"lazy\" decoding=\"async\" width=\"420\" height=\"283\" src=\"https:\/\/mydlamanufaktura.pl\/wp-content\/uploads\/2025\/06\/DSC06309-420x283.jpg\" class=\"attachment-woocommerce_thumbnail size-woocommerce_thumbnail\" alt=\"\u015awieca sojowa RETRO MEN\" srcset=\"https:\/\/mydlamanufaktura.pl\/wp-content\/uploads\/2025\/06\/DSC06309-420x283.jpg 420w, https:\/\/mydlamanufaktura.pl\/wp-content\/uploads\/2025\/06\/DSC06309-300x202.jpg 300w, https:\/\/mydlamanufaktura.pl\/wp-content\/uploads\/2025\/06\/DSC06309-1024x689.jpg 1024w, https:\/\/mydlamanufaktura.pl\/wp-content\/uploads\/2025\/06\/DSC06309-768x517.jpg 768w, https:\/\/mydlamanufaktura.pl\/wp-content\/uploads\/2025\/06\/DSC06309-1536x1034.jpg 1536w, https:\/\/mydlamanufaktura.pl\/wp-content\/uploads\/2025\/06\/DSC06309-1140x767.jpg 1140w, https:\/\/mydlamanufaktura.pl\/wp-content\/uploads\/2025\/06\/DSC06309-920x619.jpg 920w, https:\/\/mydlamanufaktura.pl\/wp-content\/uploads\/2025\/06\/DSC06309-575x387.jpg 575w, https:\/\/mydlamanufaktura.pl\/wp-content\/uploads\/2025\/06\/DSC06309-380x256.jpg 380w, https:\/\/mydlamanufaktura.pl\/wp-content\/uploads\/2025\/06\/DSC06309-800x539.jpg 800w, https:\/\/mydlamanufaktura.pl\/wp-content\/uploads\/2025\/06\/DSC06309.jpg 1600w\" sizes=\"auto, (max-width: 420px) 100vw, 420px\" \/><\/div>\n\t\t\t\t\t<\/a><a href=\"\/index.php?rest_route=%2Fwp%2Fv2%2Fpages%2F1006&#038;add-to-cart=15133\" aria-label=\"Dodaj do koszyka: &bdquo;\u015awieca sojowa RETRO MEN&rdquo;\" data-quantity=\"1\" data-product_id=\"15133\" data-product_sku=\"\" rel=\"nofollow\" class=\"button wp-block-button__link add_to_cart_button ajax_add_to_cart\">Dodaj do koszyka<\/a><\/div><a href=\"https:\/\/mydlamanufaktura.pl\/?product=swieca-sojowa-retro-men\" class=\"wc-block-grid__product-link\">\n\t\t\t\t\t<div class=\"wc-block-grid__product-title\">\u015awieca sojowa RETRO MEN<\/div>\n\t\t\t\t<\/a><div class=\"wc-block-grid__product-price price\"><span class=\"woocommerce-Price-amount amount\">49,00&nbsp;<span class=\"woocommerce-Price-currencySymbol\">&#122;&#322;<\/span><\/span><\/div><\/li><li class=\"wc-block-grid__product product-grid \">\n\t\t\t\t<div class=\"loop-image-wrap botiga-add-to-cart-button-layout3\">\n\t\t\t\t\t<a href=\"https:\/\/mydlamanufaktura.pl\/?product=swieca-sojowa-retro\" class=\"wc-block-grid__product-link\">\n\t\t\t\t\t\t<div class=\"wc-block-grid__product-image\"><img loading=\"lazy\" decoding=\"async\" width=\"420\" height=\"272\" src=\"https:\/\/mydlamanufaktura.pl\/wp-content\/uploads\/2025\/05\/DSC06123-e1747149195487-420x272.jpg\" class=\"attachment-woocommerce_thumbnail size-woocommerce_thumbnail\" alt=\"\u015awieca sojowa RETRO\" srcset=\"https:\/\/mydlamanufaktura.pl\/wp-content\/uploads\/2025\/05\/DSC06123-e1747149195487-420x272.jpg 420w, https:\/\/mydlamanufaktura.pl\/wp-content\/uploads\/2025\/05\/DSC06123-e1747149195487-300x194.jpg 300w, https:\/\/mydlamanufaktura.pl\/wp-content\/uploads\/2025\/05\/DSC06123-e1747149195487-1024x663.jpg 1024w, https:\/\/mydlamanufaktura.pl\/wp-content\/uploads\/2025\/05\/DSC06123-e1747149195487-768x497.jpg 768w, https:\/\/mydlamanufaktura.pl\/wp-content\/uploads\/2025\/05\/DSC06123-e1747149195487-1140x738.jpg 1140w, https:\/\/mydlamanufaktura.pl\/wp-content\/uploads\/2025\/05\/DSC06123-e1747149195487-920x596.jpg 920w, https:\/\/mydlamanufaktura.pl\/wp-content\/uploads\/2025\/05\/DSC06123-e1747149195487-575x372.jpg 575w, https:\/\/mydlamanufaktura.pl\/wp-content\/uploads\/2025\/05\/DSC06123-e1747149195487-380x246.jpg 380w, https:\/\/mydlamanufaktura.pl\/wp-content\/uploads\/2025\/05\/DSC06123-e1747149195487-800x518.jpg 800w, https:\/\/mydlamanufaktura.pl\/wp-content\/uploads\/2025\/05\/DSC06123-e1747149195487.jpg 1317w\" sizes=\"auto, (max-width: 420px) 100vw, 420px\" \/><\/div>\n\t\t\t\t\t<\/a><a href=\"https:\/\/mydlamanufaktura.pl\/?product=swieca-sojowa-retro\" aria-label=\"Wybierz opcje dla &bdquo;\u015awieca sojowa RETRO&rdquo;\" data-quantity=\"1\" data-product_id=\"15014\" data-product_sku=\"\" rel=\"nofollow\" class=\"button wp-block-button__link add_to_cart_button\">Wybierz opcje<\/a><\/div><a href=\"https:\/\/mydlamanufaktura.pl\/?product=swieca-sojowa-retro\" class=\"wc-block-grid__product-link\">\n\t\t\t\t\t<div class=\"wc-block-grid__product-title\">\u015awieca sojowa RETRO<\/div>\n\t\t\t\t<\/a><div class=\"wc-block-grid__product-price price\"><span class=\"woocommerce-Price-amount amount\">49,00&nbsp;<span class=\"woocommerce-Price-currencySymbol\">&#122;&#322;<\/span><\/span><\/div><\/li><li class=\"wc-block-grid__product product-grid \">\n\t\t\t\t<div class=\"loop-image-wrap botiga-add-to-cart-button-layout3\">\n\t\t\t\t\t<a href=\"https:\/\/mydlamanufaktura.pl\/?product=swiateczna-swieca-sojowa-natural-design\" class=\"wc-block-grid__product-link\">\n\t\t\t\t\t\t<div class=\"wc-block-grid__product-image\"><img loading=\"lazy\" decoding=\"async\" width=\"420\" height=\"280\" src=\"https:\/\/mydlamanufaktura.pl\/wp-content\/uploads\/2024\/11\/IMG_7493-420x280.jpg\" class=\"attachment-woocommerce_thumbnail size-woocommerce_thumbnail\" alt=\"\u015awi\u0105teczna \u015bwieca sojowa NATURAL DESIGN\" srcset=\"https:\/\/mydlamanufaktura.pl\/wp-content\/uploads\/2024\/11\/IMG_7493-420x280.jpg 420w, https:\/\/mydlamanufaktura.pl\/wp-content\/uploads\/2024\/11\/IMG_7493-300x200.jpg 300w, https:\/\/mydlamanufaktura.pl\/wp-content\/uploads\/2024\/11\/IMG_7493-1024x683.jpg 1024w, https:\/\/mydlamanufaktura.pl\/wp-content\/uploads\/2024\/11\/IMG_7493-768x512.jpg 768w, https:\/\/mydlamanufaktura.pl\/wp-content\/uploads\/2024\/11\/IMG_7493-1536x1024.jpg 1536w, https:\/\/mydlamanufaktura.pl\/wp-content\/uploads\/2024\/11\/IMG_7493-1140x760.jpg 1140w, https:\/\/mydlamanufaktura.pl\/wp-content\/uploads\/2024\/11\/IMG_7493-920x614.jpg 920w, https:\/\/mydlamanufaktura.pl\/wp-content\/uploads\/2024\/11\/IMG_7493-575x383.jpg 575w, https:\/\/mydlamanufaktura.pl\/wp-content\/uploads\/2024\/11\/IMG_7493-380x253.jpg 380w, https:\/\/mydlamanufaktura.pl\/wp-content\/uploads\/2024\/11\/IMG_7493-800x534.jpg 800w, https:\/\/mydlamanufaktura.pl\/wp-content\/uploads\/2024\/11\/IMG_7493.jpg 1600w\" sizes=\"auto, (max-width: 420px) 100vw, 420px\" \/><\/div>\n\t\t\t\t\t<\/a><a href=\"https:\/\/mydlamanufaktura.pl\/?product=swiateczna-swieca-sojowa-natural-design\" aria-label=\"Wybierz opcje dla &bdquo;\u015awi\u0105teczna \u015bwieca sojowa NATURAL DESIGN&rdquo;\" data-quantity=\"1\" data-product_id=\"14333\" data-product_sku=\"\" rel=\"nofollow\" class=\"button wp-block-button__link add_to_cart_button\">Wybierz opcje<\/a><\/div><a href=\"https:\/\/mydlamanufaktura.pl\/?product=swiateczna-swieca-sojowa-natural-design\" class=\"wc-block-grid__product-link\">\n\t\t\t\t\t<div class=\"wc-block-grid__product-title\">\u015awi\u0105teczna \u015bwieca sojowa NATURAL DESIGN<\/div>\n\t\t\t\t<\/a><div class=\"wc-block-grid__product-price price\"><span class=\"woocommerce-Price-amount amount\">40,00&nbsp;<span class=\"woocommerce-Price-currencySymbol\">&#122;&#322;<\/span><\/span><\/div><\/li><li class=\"wc-block-grid__product product-grid \">\n\t\t\t\t<div class=\"loop-image-wrap botiga-add-to-cart-button-layout3\">\n\t\t\t\t\t<a href=\"https:\/\/mydlamanufaktura.pl\/?product=swiateczna-swieca-sojowa-boho\" class=\"wc-block-grid__product-link\">\n\t\t\t\t\t\t<div class=\"wc-block-grid__product-image\"><img loading=\"lazy\" decoding=\"async\" width=\"420\" height=\"280\" src=\"https:\/\/mydlamanufaktura.pl\/wp-content\/uploads\/2024\/11\/IMG_7887-420x280.jpg\" class=\"attachment-woocommerce_thumbnail size-woocommerce_thumbnail\" alt=\"\u015awi\u0105teczna \u015bwieca sojowa BOHO\" srcset=\"https:\/\/mydlamanufaktura.pl\/wp-content\/uploads\/2024\/11\/IMG_7887-420x280.jpg 420w, https:\/\/mydlamanufaktura.pl\/wp-content\/uploads\/2024\/11\/IMG_7887-300x200.jpg 300w, https:\/\/mydlamanufaktura.pl\/wp-content\/uploads\/2024\/11\/IMG_7887-1024x683.jpg 1024w, https:\/\/mydlamanufaktura.pl\/wp-content\/uploads\/2024\/11\/IMG_7887-768x512.jpg 768w, https:\/\/mydlamanufaktura.pl\/wp-content\/uploads\/2024\/11\/IMG_7887-1536x1024.jpg 1536w, https:\/\/mydlamanufaktura.pl\/wp-content\/uploads\/2024\/11\/IMG_7887-1140x760.jpg 1140w, https:\/\/mydlamanufaktura.pl\/wp-content\/uploads\/2024\/11\/IMG_7887-920x614.jpg 920w, https:\/\/mydlamanufaktura.pl\/wp-content\/uploads\/2024\/11\/IMG_7887-575x383.jpg 575w, https:\/\/mydlamanufaktura.pl\/wp-content\/uploads\/2024\/11\/IMG_7887-380x253.jpg 380w, https:\/\/mydlamanufaktura.pl\/wp-content\/uploads\/2024\/11\/IMG_7887-800x534.jpg 800w, https:\/\/mydlamanufaktura.pl\/wp-content\/uploads\/2024\/11\/IMG_7887.jpg 1600w\" sizes=\"auto, (max-width: 420px) 100vw, 420px\" \/><\/div>\n\t\t\t\t\t<\/a><a href=\"https:\/\/mydlamanufaktura.pl\/?product=swiateczna-swieca-sojowa-boho\" aria-label=\"Wybierz opcje dla &bdquo;\u015awi\u0105teczna \u015bwieca sojowa BOHO&rdquo;\" data-quantity=\"1\" data-product_id=\"14329\" data-product_sku=\"\" rel=\"nofollow\" class=\"button wp-block-button__link add_to_cart_button\">Wybierz opcje<\/a><\/div><a href=\"https:\/\/mydlamanufaktura.pl\/?product=swiateczna-swieca-sojowa-boho\" class=\"wc-block-grid__product-link\">\n\t\t\t\t\t<div class=\"wc-block-grid__product-title\">\u015awi\u0105teczna \u015bwieca sojowa BOHO<\/div>\n\t\t\t\t<\/a><div class=\"wc-block-grid__product-price price\"><span class=\"woocommerce-Price-amount amount\">45,00&nbsp;<span class=\"woocommerce-Price-currencySymbol\">&#122;&#322;<\/span><\/span><\/div><\/li><li class=\"wc-block-grid__product product-grid \">\n\t\t\t\t<div class=\"loop-image-wrap botiga-add-to-cart-button-layout3\">\n\t\t\t\t\t<a href=\"https:\/\/mydlamanufaktura.pl\/?product=swieca-sojowa-boho\" class=\"wc-block-grid__product-link\">\n\t\t\t\t\t\t<div class=\"wc-block-grid__product-image\"><img loading=\"lazy\" decoding=\"async\" width=\"420\" height=\"266\" src=\"https:\/\/mydlamanufaktura.pl\/wp-content\/uploads\/2024\/06\/IMG_1589-420x266.jpg\" class=\"attachment-woocommerce_thumbnail size-woocommerce_thumbnail\" alt=\"\u015awieca sojowa BOHO\" srcset=\"https:\/\/mydlamanufaktura.pl\/wp-content\/uploads\/2024\/06\/IMG_1589-420x266.jpg 420w, https:\/\/mydlamanufaktura.pl\/wp-content\/uploads\/2024\/06\/IMG_1589-800x508.jpg 800w, https:\/\/mydlamanufaktura.pl\/wp-content\/uploads\/2024\/06\/IMG_1589-300x190.jpg 300w, https:\/\/mydlamanufaktura.pl\/wp-content\/uploads\/2024\/06\/IMG_1589-1024x650.jpg 1024w, https:\/\/mydlamanufaktura.pl\/wp-content\/uploads\/2024\/06\/IMG_1589-768x487.jpg 768w, https:\/\/mydlamanufaktura.pl\/wp-content\/uploads\/2024\/06\/IMG_1589-1536x974.jpg 1536w, https:\/\/mydlamanufaktura.pl\/wp-content\/uploads\/2024\/06\/IMG_1589.jpg 1600w\" sizes=\"auto, (max-width: 420px) 100vw, 420px\" \/><\/div>\n\t\t\t\t\t<\/a><a href=\"https:\/\/mydlamanufaktura.pl\/?product=swieca-sojowa-boho\" aria-label=\"Wybierz opcje dla &bdquo;\u015awieca sojowa BOHO&rdquo;\" data-quantity=\"1\" data-product_id=\"278\" data-product_sku=\"\" rel=\"nofollow\" class=\"button wp-block-button__link add_to_cart_button\">Wybierz opcje<\/a><\/div><a href=\"https:\/\/mydlamanufaktura.pl\/?product=swieca-sojowa-boho\" class=\"wc-block-grid__product-link\">\n\t\t\t\t\t<div class=\"wc-block-grid__product-title\">\u015awieca sojowa BOHO<\/div>\n\t\t\t\t<\/a><div class=\"wc-block-grid__product-price price\"><span class=\"woocommerce-Price-amount amount\">48,00&nbsp;<span class=\"woocommerce-Price-currencySymbol\">&#122;&#322;<\/span><\/span><\/div><\/li><li class=\"wc-block-grid__product product-grid \">\n\t\t\t\t<div class=\"loop-image-wrap botiga-add-to-cart-button-layout3\">\n\t\t\t\t\t<a href=\"https:\/\/mydlamanufaktura.pl\/?product=swieca-sojowa-natural-design\" class=\"wc-block-grid__product-link\">\n\t\t\t\t\t\t<div class=\"wc-block-grid__product-image\"><img loading=\"lazy\" decoding=\"async\" width=\"420\" height=\"345\" src=\"https:\/\/mydlamanufaktura.pl\/wp-content\/uploads\/2024\/06\/IMG_7919-e1661350107238-420x345.jpg\" class=\"attachment-woocommerce_thumbnail size-woocommerce_thumbnail\" alt=\"\u015awieca sojowa NATURAL DESIGN\" srcset=\"https:\/\/mydlamanufaktura.pl\/wp-content\/uploads\/2024\/06\/IMG_7919-e1661350107238-420x345.jpg 420w, https:\/\/mydlamanufaktura.pl\/wp-content\/uploads\/2024\/06\/IMG_7919-e1661350107238-800x657.jpg 800w, https:\/\/mydlamanufaktura.pl\/wp-content\/uploads\/2024\/06\/IMG_7919-e1661350107238-300x246.jpg 300w, https:\/\/mydlamanufaktura.pl\/wp-content\/uploads\/2024\/06\/IMG_7919-e1661350107238-1024x841.jpg 1024w, https:\/\/mydlamanufaktura.pl\/wp-content\/uploads\/2024\/06\/IMG_7919-e1661350107238-768x631.jpg 768w, https:\/\/mydlamanufaktura.pl\/wp-content\/uploads\/2024\/06\/IMG_7919-e1661350107238.jpg 1300w\" sizes=\"auto, (max-width: 420px) 100vw, 420px\" \/><\/div>\n\t\t\t\t\t<\/a><a href=\"https:\/\/mydlamanufaktura.pl\/?product=swieca-sojowa-natural-design\" aria-label=\"Wybierz opcje dla &bdquo;\u015awieca sojowa NATURAL DESIGN&rdquo;\" data-quantity=\"1\" data-product_id=\"228\" data-product_sku=\"\" rel=\"nofollow\" class=\"button wp-block-button__link add_to_cart_button\">Wybierz opcje<\/a><\/div><a href=\"https:\/\/mydlamanufaktura.pl\/?product=swieca-sojowa-natural-design\" class=\"wc-block-grid__product-link\">\n\t\t\t\t\t<div class=\"wc-block-grid__product-title\">\u015awieca sojowa NATURAL DESIGN<\/div>\n\t\t\t\t<\/a><div class=\"wc-block-grid__product-price price\"><span class=\"woocommerce-Price-amount amount\">45,00&nbsp;<span class=\"woocommerce-Price-currencySymbol\">&#122;&#322;<\/span><\/span><\/div><\/li><\/ul><\/div>","protected":false},"excerpt":{"rendered":"","protected":false},"author":1,"featured_media":0,"parent":0,"menu_order":0,"comment_status":"closed","ping_status":"closed","template":"page.php","meta":{"_monsterinsights_skip_tracking":false,"_monsterinsights_sitenote_active":false,"_monsterinsights_sitenote_note":"","_monsterinsights_sitenote_category":0,"footnotes":""},"class_list":["post-1006","page","type-page","status-publish","hentry"],"aioseo_notices":[],"jetpack_sharing_enabled":true,"_links":{"self":[{"href":"https:\/\/mydlamanufaktura.pl\/index.php?rest_route=\/wp\/v2\/pages\/1006","targetHints":{"allow":["GET"]}}],"collection":[{"href":"https:\/\/mydlamanufaktura.pl\/index.php?rest_route=\/wp\/v2\/pages"}],"about":[{"href":"https:\/\/mydlamanufaktura.pl\/index.php?rest_route=\/wp\/v2\/types\/page"}],"author":[{"embeddable":true,"href":"https:\/\/mydlamanufaktura.pl\/index.php?rest_route=\/wp\/v2\/users\/1"}],"replies":[{"embeddable":true,"href":"https:\/\/mydlamanufaktura.pl\/index.php?rest_route=%2Fwp%2Fv2%2Fcomments&post=1006"}],"version-history":[{"count":5,"href":"https:\/\/mydlamanufaktura.pl\/index.php?rest_route=\/wp\/v2\/pages\/1006\/revisions"}],"predecessor-version":[{"id":1167,"href":"https:\/\/mydlamanufaktura.pl\/index.php?rest_route=\/wp\/v2\/pages\/1006\/revisions\/1167"}],"wp:attachment":[{"href":"https:\/\/mydlamanufaktura.pl\/index.php?rest_route=%2Fwp%2Fv2%2Fmedia&parent=1006"}],"curies":[{"name":"wp","href":"https:\/\/api.w.org\/{rel}","templated":true}]}}