{"id":1003,"date":"2024-07-08T16:57:43","date_gmt":"2024-07-08T16:57:43","guid":{"rendered":"https:\/\/mydlamanufaktura.pl\/?page_id=1003"},"modified":"2024-10-15T20:01:09","modified_gmt":"2024-10-15T20:01:09","slug":"swiece-roslinne-z-palmy","status":"publish","type":"page","link":"https:\/\/mydlamanufaktura.pl\/?page_id=1003","title":{"rendered":"\u015bwiece i woski z palmy"},"content":{"rendered":"<div class=\"woocommerce columns-3 product-grid\"><div class=\"woocommerce-notices-wrapper\"><\/div><div class=\"woocommerce-sorting-wrapper\"><div class=\"row\"><div class=\"col-md-6 col-6 botiga-sorting-left\"><div class=\"botiga-sorting-left-inner\"><p class=\"woocommerce-result-count\" role=\"alert\" aria-relevant=\"all\" >\n\tWy\u015bwietlanie wszystkich wynik\u00f3w: 3<\/p>\n<\/div><\/div><div class=\"col-md-6 col-6 botiga-sorting-right\"><div class=\"botiga-sorting-right-inner\"><form class=\"woocommerce-ordering\" method=\"get\">\n\t\t<select\n\t\tname=\"orderby\"\n\t\tclass=\"orderby\"\n\t\t\t\t\taria-label=\"Zam\u00f3wienie w sklepie\"\n\t\t\t>\n\t\t\t\t\t<option value=\"menu_order\"  selected='selected'>Domy\u015blne sortowanie<\/option>\n\t\t\t\t\t<option value=\"popularity\" >Sortuj wg popularno\u015bci<\/option>\n\t\t\t\t\t<option value=\"rating\" >Sortuj wg \u015bredniej oceny<\/option>\n\t\t\t\t\t<option value=\"date\" >Sortuj od najnowszych<\/option>\n\t\t\t\t\t<option value=\"price\" >Sortuj po cenie od najni\u017cszej<\/option>\n\t\t\t\t\t<option value=\"price-desc\" >Sortuj po cenie od najwy\u017cszej<\/option>\n\t\t\t<\/select>\n\t<input type=\"hidden\" name=\"paged\" value=\"1\" \/>\n\t<input type=\"hidden\" name=\"rest_route\" value=\"\/wp\/v2\/pages\/1003\" \/><\/form>\n<\/div><\/div><\/div><\/div><ul class=\"products columns-3\">\n<li class=\"product type-product post-132 status-publish first instock product_cat-gabinety-spa product_cat-swiece-i-aromaterapia product_cat-swiece-roslinne has-post-thumbnail shipping-taxable purchasable product-type-simple\">\n\t<a href=\"https:\/\/mydlamanufaktura.pl\/?product=mix-woskow-zapachowych\" class=\"woocommerce-LoopProduct-link woocommerce-loop-product__link\"><img loading=\"lazy\" decoding=\"async\" width=\"420\" height=\"280\" src=\"https:\/\/mydlamanufaktura.pl\/wp-content\/uploads\/2024\/06\/IMG_1945-420x280.jpg\" class=\"attachment-woocommerce_thumbnail size-woocommerce_thumbnail\" alt=\"Mix wosk\u00f3w zapachowych\" srcset=\"https:\/\/mydlamanufaktura.pl\/wp-content\/uploads\/2024\/06\/IMG_1945-420x280.jpg 420w, https:\/\/mydlamanufaktura.pl\/wp-content\/uploads\/2024\/06\/IMG_1945-800x534.jpg 800w, https:\/\/mydlamanufaktura.pl\/wp-content\/uploads\/2024\/06\/IMG_1945-300x200.jpg 300w, https:\/\/mydlamanufaktura.pl\/wp-content\/uploads\/2024\/06\/IMG_1945-1024x683.jpg 1024w, https:\/\/mydlamanufaktura.pl\/wp-content\/uploads\/2024\/06\/IMG_1945-768x512.jpg 768w, https:\/\/mydlamanufaktura.pl\/wp-content\/uploads\/2024\/06\/IMG_1945-1536x1024.jpg 1536w, https:\/\/mydlamanufaktura.pl\/wp-content\/uploads\/2024\/06\/IMG_1945.jpg 1600w\" sizes=\"auto, (max-width: 420px) 100vw, 420px\" \/><h2 class=\"woocommerce-loop-product__title\">Mix wosk\u00f3w zapachowych<\/h2>\n\t<span class=\"price\"><span class=\"woocommerce-Price-amount amount\"><bdi>25,00&nbsp;<span class=\"woocommerce-Price-currencySymbol\">&#122;&#322;<\/span><\/bdi><\/span><\/span>\n<\/a><a href=\"\/index.php?rest_route=%2Fwp%2Fv2%2Fpages%2F1003&#038;add-to-cart=132\" aria-describedby=\"woocommerce_loop_add_to_cart_link_describedby_132\" data-quantity=\"1\" class=\"button product_type_simple add_to_cart_button ajax_add_to_cart\" data-product_id=\"132\" data-product_sku=\"\" aria-label=\"Dodaj do koszyka: &bdquo;Mix wosk\u00f3w zapachowych&rdquo;\" rel=\"nofollow\" data-success_message=\"&ldquo;Mix wosk\u00f3w zapachowych&rdquo; zosta\u0142 dodany do twojego koszyka\" role=\"button\">Dodaj do koszyka<\/a>\t<span id=\"woocommerce_loop_add_to_cart_link_describedby_132\" class=\"screen-reader-text\">\n\t\t\t<\/span>\n<\/li>\n<li class=\"product type-product post-14322 status-publish outofstock product_cat-boze-narodzenie product_cat-swiece-i-aromaterapia product_cat-swiece-i-zestawy-swiec product_cat-swiece-roslinne has-post-thumbnail shipping-taxable purchasable product-type-variable\">\n\t<a href=\"https:\/\/mydlamanufaktura.pl\/?product=swiateczna-swieca-zapachowa-z-wosku-roslinnego\" class=\"woocommerce-LoopProduct-link woocommerce-loop-product__link\"><img loading=\"lazy\" decoding=\"async\" width=\"420\" height=\"316\" src=\"https:\/\/mydlamanufaktura.pl\/wp-content\/uploads\/2024\/11\/IMG_7557-e1762717967762-420x316.jpg\" class=\"attachment-woocommerce_thumbnail size-woocommerce_thumbnail\" alt=\"\u015awi\u0105teczna \u015bwieca zapachowa z wosku ro\u015blinnego\" srcset=\"https:\/\/mydlamanufaktura.pl\/wp-content\/uploads\/2024\/11\/IMG_7557-e1762717967762-420x316.jpg 420w, https:\/\/mydlamanufaktura.pl\/wp-content\/uploads\/2024\/11\/IMG_7557-e1762717967762-300x225.jpg 300w, https:\/\/mydlamanufaktura.pl\/wp-content\/uploads\/2024\/11\/IMG_7557-e1762717967762-1024x769.jpg 1024w, https:\/\/mydlamanufaktura.pl\/wp-content\/uploads\/2024\/11\/IMG_7557-e1762717967762-768x577.jpg 768w, https:\/\/mydlamanufaktura.pl\/wp-content\/uploads\/2024\/11\/IMG_7557-e1762717967762-1140x857.jpg 1140w, https:\/\/mydlamanufaktura.pl\/wp-content\/uploads\/2024\/11\/IMG_7557-e1762717967762-920x691.jpg 920w, https:\/\/mydlamanufaktura.pl\/wp-content\/uploads\/2024\/11\/IMG_7557-e1762717967762-575x432.jpg 575w, https:\/\/mydlamanufaktura.pl\/wp-content\/uploads\/2024\/11\/IMG_7557-e1762717967762-380x286.jpg 380w, https:\/\/mydlamanufaktura.pl\/wp-content\/uploads\/2024\/11\/IMG_7557-e1762717967762-800x601.jpg 800w, https:\/\/mydlamanufaktura.pl\/wp-content\/uploads\/2024\/11\/IMG_7557-e1762717967762.jpg 1420w\" sizes=\"auto, (max-width: 420px) 100vw, 420px\" \/><h2 class=\"woocommerce-loop-product__title\">\u015awi\u0105teczna \u015bwieca zapachowa z wosku ro\u015blinnego<\/h2>\n\t<span class=\"price\"><span class=\"woocommerce-Price-amount amount\"><bdi>35,00&nbsp;<span class=\"woocommerce-Price-currencySymbol\">&#122;&#322;<\/span><\/bdi><\/span><\/span>\n<\/a><a href=\"https:\/\/mydlamanufaktura.pl\/?product=swiateczna-swieca-zapachowa-z-wosku-roslinnego\" aria-describedby=\"woocommerce_loop_add_to_cart_link_describedby_14322\" data-quantity=\"1\" class=\"button product_type_variable\" data-product_id=\"14322\" data-product_sku=\"\" aria-label=\"Wybierz opcje dla &bdquo;\u015awi\u0105teczna \u015bwieca zapachowa z wosku ro\u015blinnego&rdquo;\" rel=\"nofollow\">Wybierz opcje<\/a>\t<span id=\"woocommerce_loop_add_to_cart_link_describedby_14322\" class=\"screen-reader-text\">\n\t\tTen produkt ma wiele wariant\u00f3w. Opcje mo\u017cna wybra\u0107 na stronie produktu\t<\/span>\n<\/li>\n<li class=\"product type-product post-70 status-publish last instock product_cat-gabinety-spa product_cat-swiece-i-aromaterapia product_cat-swiece-roslinne has-post-thumbnail shipping-taxable purchasable product-type-variable\">\n\t<a href=\"https:\/\/mydlamanufaktura.pl\/?product=swieca-zapachowa-z-wosku-roslinnego\" class=\"woocommerce-LoopProduct-link woocommerce-loop-product__link\"><img loading=\"lazy\" decoding=\"async\" width=\"420\" height=\"320\" src=\"https:\/\/mydlamanufaktura.pl\/wp-content\/uploads\/2024\/06\/IMG_1677-e1661348464544-420x320.jpg\" class=\"attachment-woocommerce_thumbnail size-woocommerce_thumbnail\" alt=\"\u015awieca zapachowa z wosku ro\u015blinnego\" srcset=\"https:\/\/mydlamanufaktura.pl\/wp-content\/uploads\/2024\/06\/IMG_1677-e1661348464544-420x320.jpg 420w, https:\/\/mydlamanufaktura.pl\/wp-content\/uploads\/2024\/06\/IMG_1677-e1661348464544-800x609.jpg 800w, https:\/\/mydlamanufaktura.pl\/wp-content\/uploads\/2024\/06\/IMG_1677-e1661348464544-300x228.jpg 300w, https:\/\/mydlamanufaktura.pl\/wp-content\/uploads\/2024\/06\/IMG_1677-e1661348464544-1024x780.jpg 1024w, https:\/\/mydlamanufaktura.pl\/wp-content\/uploads\/2024\/06\/IMG_1677-e1661348464544-768x585.jpg 768w, https:\/\/mydlamanufaktura.pl\/wp-content\/uploads\/2024\/06\/IMG_1677-e1661348464544.jpg 1156w\" sizes=\"auto, (max-width: 420px) 100vw, 420px\" \/><h2 class=\"woocommerce-loop-product__title\">\u015awieca zapachowa z wosku ro\u015blinnego<\/h2>\n\t<span class=\"price\"><span class=\"woocommerce-Price-amount amount\"><bdi>37,00&nbsp;<span class=\"woocommerce-Price-currencySymbol\">&#122;&#322;<\/span><\/bdi><\/span><\/span>\n<\/a><a href=\"https:\/\/mydlamanufaktura.pl\/?product=swieca-zapachowa-z-wosku-roslinnego\" aria-describedby=\"woocommerce_loop_add_to_cart_link_describedby_70\" data-quantity=\"1\" class=\"button product_type_variable add_to_cart_button\" data-product_id=\"70\" data-product_sku=\"\" aria-label=\"Wybierz opcje dla &bdquo;\u015awieca zapachowa z wosku ro\u015blinnego&rdquo;\" rel=\"nofollow\">Wybierz opcje<\/a>\t<span id=\"woocommerce_loop_add_to_cart_link_describedby_70\" class=\"screen-reader-text\">\n\t\tTen produkt ma wiele wariant\u00f3w. Opcje mo\u017cna wybra\u0107 na stronie produktu\t<\/span>\n<\/li>\n<\/ul>\n<\/div>\n","protected":false},"excerpt":{"rendered":"","protected":false},"author":1,"featured_media":0,"parent":0,"menu_order":0,"comment_status":"closed","ping_status":"closed","template":"page.php","meta":{"_monsterinsights_skip_tracking":false,"_monsterinsights_sitenote_active":false,"_monsterinsights_sitenote_note":"","_monsterinsights_sitenote_category":0,"footnotes":""},"class_list":["post-1003","page","type-page","status-publish","hentry"],"aioseo_notices":[],"jetpack_sharing_enabled":true,"_links":{"self":[{"href":"https:\/\/mydlamanufaktura.pl\/index.php?rest_route=\/wp\/v2\/pages\/1003","targetHints":{"allow":["GET"]}}],"collection":[{"href":"https:\/\/mydlamanufaktura.pl\/index.php?rest_route=\/wp\/v2\/pages"}],"about":[{"href":"https:\/\/mydlamanufaktura.pl\/index.php?rest_route=\/wp\/v2\/types\/page"}],"author":[{"embeddable":true,"href":"https:\/\/mydlamanufaktura.pl\/index.php?rest_route=\/wp\/v2\/users\/1"}],"replies":[{"embeddable":true,"href":"https:\/\/mydlamanufaktura.pl\/index.php?rest_route=%2Fwp%2Fv2%2Fcomments&post=1003"}],"version-history":[{"count":6,"href":"https:\/\/mydlamanufaktura.pl\/index.php?rest_route=\/wp\/v2\/pages\/1003\/revisions"}],"predecessor-version":[{"id":14158,"href":"https:\/\/mydlamanufaktura.pl\/index.php?rest_route=\/wp\/v2\/pages\/1003\/revisions\/14158"}],"wp:attachment":[{"href":"https:\/\/mydlamanufaktura.pl\/index.php?rest_route=%2Fwp%2Fv2%2Fmedia&parent=1003"}],"curies":[{"name":"wp","href":"https:\/\/api.w.org\/{rel}","templated":true}]}}